{"id":51478,"date":"2026-02-13T17:36:46","date_gmt":"2026-02-13T16:36:46","guid":{"rendered":"https:\/\/techstore.ba\/shop\/?post_type=product&#038;p=51478"},"modified":"2026-02-13T17:36:46","modified_gmt":"2026-02-13T16:36:46","slug":"usb-memorijski-stik-32-gb-verbatim-zlatni","status":"publish","type":"product","link":"https:\/\/techstore.ba\/shop\/product\/usb-memorijski-stik-32-gb-verbatim-zlatni\/","title":{"rendered":"USB MEMORIJSKI STIK 32 GB VERBATIM ZLATNI"},"content":{"rendered":"","protected":false},"excerpt":{"rendered":"<p><span class=\"T286Pc\" data-sfc-cp=\"\" data-complete=\"true\"><strong class=\"Yjhzub\" data-complete=\"true\">Kapacitet<\/strong>: 32 GB<\/span><\/p>\n<p><span class=\"T286Pc\" data-sfc-cp=\"\" data-complete=\"true\"><strong class=\"Yjhzub\" data-complete=\"true\">Boja<\/strong>: Zlatna<\/span><\/p>\n<p><span class=\"T286Pc\" data-sfc-cp=\"\" data-complete=\"true\"><strong class=\"Yjhzub\" data-complete=\"true\">Interfejs<\/strong>: USB 3.0 \/ USB 3.2 Gen 1 (kompatibilan i sa USB 2.0)<\/span><\/p>\n<p><span class=\"T286Pc\" data-sfc-cp=\"\" data-complete=\"true\"><strong class=\"Yjhzub\" data-complete=\"true\">Brzina \u010ditanja<\/strong>: do 80 MB\/s<\/span><\/p>\n<p><span class=\"T286Pc\" data-sfc-cp=\"\" data-complete=\"true\"><strong class=\"Yjhzub\" data-complete=\"true\">Brzina pisanja<\/strong>: do 25 MB\/s<\/span><\/p>\n<p><span class=\"T286Pc\" data-sfc-cp=\"\" data-complete=\"true\"><strong class=\"Yjhzub\" data-complete=\"true\">Materijal ku\u0107i\u0161ta<\/strong>: Metal, sa Chip On Board (COB) tehnologijom za dodatnu izdr\u017eljivost<\/span><\/p>\n<p><span class=\"T286Pc\" data-sfc-cp=\"\" data-complete=\"true\"><strong class=\"Yjhzub\" data-complete=\"true\">Dodatne karakteristike<\/strong>: Otporan na vodu i pra\u0161inu; uklju\u010duje prsten za klju\u010deve radi lak\u0161eg no\u0161enja.<br \/>\n<strong>Garancija:\u00a0<\/strong>24 mjeseca<br \/>\n<\/span><\/p>\n","protected":false},"featured_media":51479,"template":"","meta":[],"product_cat":[331],"product_tag":[],"class_list":{"0":"post-51478","1":"product","2":"type-product","3":"status-publish","4":"has-post-thumbnail","6":"product_brand-verbatim","7":"product_cat-ct-flashmem","8":"pa_brend-verbatim","10":"first","11":"instock","12":"shipping-taxable","13":"purchasable","14":"product-type-simple"},"_links":{"self":[{"href":"https:\/\/techstore.ba\/shop\/wp-json\/wp\/v2\/product\/51478","targetHints":{"allow":["GET"]}}],"collection":[{"href":"https:\/\/techstore.ba\/shop\/wp-json\/wp\/v2\/product"}],"about":[{"href":"https:\/\/techstore.ba\/shop\/wp-json\/wp\/v2\/types\/product"}],"wp:featuredmedia":[{"embeddable":true,"href":"https:\/\/techstore.ba\/shop\/wp-json\/wp\/v2\/media\/51479"}],"wp:attachment":[{"href":"https:\/\/techstore.ba\/shop\/wp-json\/wp\/v2\/media?parent=51478"}],"wp:term":[{"taxonomy":"product_cat","embeddable":true,"href":"https:\/\/techstore.ba\/shop\/wp-json\/wp\/v2\/product_cat?post=51478"},{"taxonomy":"product_tag","embeddable":true,"href":"https:\/\/techstore.ba\/shop\/wp-json\/wp\/v2\/product_tag?post=51478"}],"curies":[{"name":"wp","href":"https:\/\/api.w.org\/{rel}","templated":true}]}}