{"id":51475,"date":"2026-02-13T17:09:54","date_gmt":"2026-02-13T16:09:54","guid":{"rendered":"https:\/\/techstore.ba\/shop\/?post_type=product&#038;p=51475"},"modified":"2026-02-13T17:11:45","modified_gmt":"2026-02-13T16:11:45","slug":"kingston-fd-64gb-usb","status":"publish","type":"product","link":"https:\/\/techstore.ba\/shop\/product\/kingston-fd-64gb-usb\/","title":{"rendered":"KINGSTON FD 64GB USB"},"content":{"rendered":"","protected":false},"excerpt":{"rendered":"<p><span class=\"T286Pc\" data-sfc-cp=\"\" data-complete=\"true\"><strong class=\"Yjhzub\" data-complete=\"true\">Kapacitet:<\/strong> <strong class=\"Yjhzub\" data-complete=\"true\">64 GB<\/strong> prostora za pohranu\u00a0<\/span><\/p>\n<p><span class=\"T286Pc\" data-sfc-cp=\"\" data-complete=\"true\"><strong class=\"Yjhzub\" data-complete=\"true\">Interfejs:<\/strong>\u00a0Koristi\u00a0<strong class=\"Yjhzub\" data-complete=\"true\">USB 3.2 Gen 1<\/strong>\u00a0tehnologiju (kompatibilnu sa USB-A portovima) za brz prijenos podataka.<\/span><\/p>\n<p><span class=\"T286Pc\" data-sfc-cp=\"\" data-complete=\"true\"><strong class=\"Yjhzub\" data-complete=\"true\">Brzina \u010ditanja:<\/strong>\u00a0Omogu\u0107ava brzinu \u010ditanja do\u00a0<strong class=\"Yjhzub\" data-complete=\"true\">100 MB\/s<\/strong>, \u0161to je efikasno za pristup podacima.<\/span><\/p>\n<p><span class=\"T286Pc\" data-sfc-cp=\"\" data-complete=\"true\"><strong class=\"Yjhzub\" data-complete=\"true\">Dizajn:<\/strong>\u00a0Karakteri\u0161e ga\u00a0<strong class=\"Yjhzub\" data-complete=\"true\">prakti\u010dan dizajn sa pokretnim poklopcem<\/strong>\u00a0koji \u0161titi konektor kada se ne koristi, sa plavim akcentima za model od 64GB.<\/span><\/p>\n<p><span class=\"T286Pc\" data-sfc-cp=\"\" data-complete=\"true\"><strong class=\"Yjhzub\" data-complete=\"true\">Prenosivost:<\/strong>\u00a0Lagan je i ima\u00a0<strong class=\"Yjhzub\" data-complete=\"true\">petlju za klju\u010deve<\/strong>, \u0161to ga \u010dini idealnim za no\u0161enje svuda sa sobom (\u0161kola, posao, ku\u0107a).<\/span><\/p>\n<p><span class=\"T286Pc\" data-sfc-cp=\"\" data-complete=\"true\"><strong class=\"Yjhzub\" data-complete=\"true\">Garancija:<\/strong> 36 mjeseci<\/span><\/p>\n","protected":false},"featured_media":51476,"template":"","meta":[],"product_cat":[331],"product_tag":[],"class_list":{"0":"post-51475","1":"product","2":"type-product","3":"status-publish","4":"has-post-thumbnail","6":"product_brand-kingston","7":"product_cat-ct-flashmem","8":"pa_brend-kingston","10":"first","11":"instock","12":"shipping-taxable","13":"purchasable","14":"product-type-simple"},"_links":{"self":[{"href":"https:\/\/techstore.ba\/shop\/wp-json\/wp\/v2\/product\/51475","targetHints":{"allow":["GET"]}}],"collection":[{"href":"https:\/\/techstore.ba\/shop\/wp-json\/wp\/v2\/product"}],"about":[{"href":"https:\/\/techstore.ba\/shop\/wp-json\/wp\/v2\/types\/product"}],"wp:featuredmedia":[{"embeddable":true,"href":"https:\/\/techstore.ba\/shop\/wp-json\/wp\/v2\/media\/51476"}],"wp:attachment":[{"href":"https:\/\/techstore.ba\/shop\/wp-json\/wp\/v2\/media?parent=51475"}],"wp:term":[{"taxonomy":"product_cat","embeddable":true,"href":"https:\/\/techstore.ba\/shop\/wp-json\/wp\/v2\/product_cat?post=51475"},{"taxonomy":"product_tag","embeddable":true,"href":"https:\/\/techstore.ba\/shop\/wp-json\/wp\/v2\/product_tag?post=51475"}],"curies":[{"name":"wp","href":"https:\/\/api.w.org\/{rel}","templated":true}]}}