{"id":51466,"date":"2026-02-13T16:45:20","date_gmt":"2026-02-13T15:45:20","guid":{"rendered":"https:\/\/techstore.ba\/shop\/?post_type=product&#038;p=51466"},"modified":"2026-02-13T16:45:44","modified_gmt":"2026-02-13T15:45:44","slug":"kingston-sd-64gb-canvasgoplus","status":"publish","type":"product","link":"https:\/\/techstore.ba\/shop\/product\/kingston-sd-64gb-canvasgoplus\/","title":{"rendered":"KINGSTON SD 64GB CanvasGoPlus"},"content":{"rendered":"","protected":false},"excerpt":{"rendered":"<p><span class=\"T286Pc\" data-sfc-cp=\"\" data-complete=\"true\"><strong class=\"Yjhzub\" data-complete=\"true\">Brzina:<\/strong>\u00a0\u010cita do\u00a0<strong class=\"Yjhzub\" data-complete=\"true\">200 MB\/s<\/strong>, pi\u0161e do\u00a0<strong class=\"Yjhzub\" data-complete=\"true\">100 MB\/s<\/strong>. To zna\u010di da nema \u010dekanja dok prebacuje\u0161 fotke na laptop<\/span><\/p>\n<p><span class=\"T286Pc\" data-sfc-cp=\"\" data-complete=\"true\"><strong class=\"Yjhzub\" data-complete=\"true\">Video performanse:<\/strong>\u00a0Posjeduje\u00a0<strong class=\"Yjhzub\" data-complete=\"true\">V30<\/strong>\u00a0i\u00a0<strong class=\"Yjhzub\" data-complete=\"true\">U3<\/strong>\u00a0klase, \u0161to je savr\u0161eno za snimanje\u00a0<strong class=\"Yjhzub\" data-complete=\"true\">4K UHD<\/strong> videa bez sjeckanja<\/span><\/p>\n<p><span class=\"T286Pc\" data-sfc-cp=\"\" data-complete=\"true\"><strong class=\"Yjhzub\" data-complete=\"true\">Izdr\u017eljivost:<\/strong> Otporna je na vodu, visoke temperature, udarce i rendgenske zrake<\/span><\/p>\n<p><span class=\"T286Pc\" data-sfc-cp=\"\" data-complete=\"true\"><strong class=\"Yjhzub\" data-complete=\"true\">Garancija:<\/strong> Kingston obi\u010dno daje do\u017eivotnu garanciju na ove modele<\/span><\/p>\n","protected":false},"featured_media":51468,"template":"","meta":[],"product_cat":[374],"product_tag":[],"class_list":{"0":"post-51466","1":"product","2":"type-product","3":"status-publish","4":"has-post-thumbnail","6":"product_brand-kingston","7":"product_cat-ct-memcard","8":"pa_brend-kingston","10":"first","11":"instock","12":"shipping-taxable","13":"purchasable","14":"product-type-simple"},"_links":{"self":[{"href":"https:\/\/techstore.ba\/shop\/wp-json\/wp\/v2\/product\/51466","targetHints":{"allow":["GET"]}}],"collection":[{"href":"https:\/\/techstore.ba\/shop\/wp-json\/wp\/v2\/product"}],"about":[{"href":"https:\/\/techstore.ba\/shop\/wp-json\/wp\/v2\/types\/product"}],"wp:featuredmedia":[{"embeddable":true,"href":"https:\/\/techstore.ba\/shop\/wp-json\/wp\/v2\/media\/51468"}],"wp:attachment":[{"href":"https:\/\/techstore.ba\/shop\/wp-json\/wp\/v2\/media?parent=51466"}],"wp:term":[{"taxonomy":"product_cat","embeddable":true,"href":"https:\/\/techstore.ba\/shop\/wp-json\/wp\/v2\/product_cat?post=51466"},{"taxonomy":"product_tag","embeddable":true,"href":"https:\/\/techstore.ba\/shop\/wp-json\/wp\/v2\/product_tag?post=51466"}],"curies":[{"name":"wp","href":"https:\/\/api.w.org\/{rel}","templated":true}]}}