{"id":51464,"date":"2026-02-13T16:38:53","date_gmt":"2026-02-13T15:38:53","guid":{"rendered":"https:\/\/techstore.ba\/shop\/?post_type=product&#038;p=51464"},"modified":"2026-02-13T16:51:53","modified_gmt":"2026-02-13T15:51:53","slug":"apacer-microsd-32gb-class-10","status":"publish","type":"product","link":"https:\/\/techstore.ba\/shop\/product\/apacer-microsd-32gb-class-10\/","title":{"rendered":"Apacer microSD 32GB Class 10"},"content":{"rendered":"","protected":false},"excerpt":{"rendered":"<p><span class=\"T286Pc\" data-sfc-cp=\"\" data-complete=\"true\"><strong class=\"Yjhzub\" data-complete=\"true\">Klasa brzine:<\/strong>\u00a0Pripada\u00a0<strong class=\"Yjhzub\" data-complete=\"true\">Class 10<\/strong>\u00a0i\u00a0<strong class=\"Yjhzub\" data-complete=\"true\">UHS-I U1<\/strong> kategoriji, \u0161to garantuje minimalnu brzinu pisanja od 10 MB\/s<\/span><\/p>\n<p><span class=\"T286Pc\" data-sfc-cp=\"\" data-complete=\"true\"><strong class=\"Yjhzub\" data-complete=\"true\">Brzina \u010ditanja:<\/strong>\u00a0Specifikacije se razlikuju, ali prodavci navode brzine \u010ditanja do\u00a0<strong class=\"Yjhzub\" data-complete=\"true\">85 MB\/s<\/strong>\u00a0ili \u010dak\u00a0<strong class=\"Yjhzub\" data-complete=\"true\">100 MB\/s<\/strong>, \u0161to je sasvim dovoljno za brz transfer podataka<\/span><\/p>\n<p><span class=\"T286Pc\" data-sfc-cp=\"\" data-complete=\"true\"><strong class=\"Yjhzub\" data-complete=\"true\">A1 rejting:<\/strong> Neki modeli (kao \u0161to je AP32GMCSH10UB-R) imaju i A1 rejting, \u0161to pobolj\u0161ava performanse prilikom pokretanja aplikacija direktno sa kartice na Android ure\u0111ajima<\/span><\/p>\n<p><span class=\"T286Pc\" data-sfc-cp=\"\" data-complete=\"true\"><strong class=\"Yjhzub\" data-complete=\"true\">Kompatibilnost:<\/strong>\u00a0Dolazi sa\u00a0<strong class=\"Yjhzub\" data-complete=\"true\">SD adapterom<\/strong>, \u010dine\u0107i je kompatibilnom sa \u0161irim spektrom ure\u0111aja, poput fotoaparata i laptopa<\/span><\/p>\n<p><span class=\"T286Pc\" data-sfc-cp=\"\" data-complete=\"true\"><strong class=\"Yjhzub\" data-complete=\"true\">Garancija:<\/strong> <strong class=\"Yjhzub\" data-complete=\"true\">36 mjeseci<\/strong><\/span><\/p>\n","protected":false},"featured_media":51465,"template":"","meta":[],"product_cat":[570,374],"product_tag":[],"class_list":{"0":"post-51464","1":"product","2":"type-product","3":"status-publish","4":"has-post-thumbnail","6":"product_cat-brend-apacer","7":"product_cat-ct-memcard","8":"pa_brend-memorije-kartice","10":"first","11":"instock","12":"shipping-taxable","13":"purchasable","14":"product-type-simple"},"_links":{"self":[{"href":"https:\/\/techstore.ba\/shop\/wp-json\/wp\/v2\/product\/51464","targetHints":{"allow":["GET"]}}],"collection":[{"href":"https:\/\/techstore.ba\/shop\/wp-json\/wp\/v2\/product"}],"about":[{"href":"https:\/\/techstore.ba\/shop\/wp-json\/wp\/v2\/types\/product"}],"wp:featuredmedia":[{"embeddable":true,"href":"https:\/\/techstore.ba\/shop\/wp-json\/wp\/v2\/media\/51465"}],"wp:attachment":[{"href":"https:\/\/techstore.ba\/shop\/wp-json\/wp\/v2\/media?parent=51464"}],"wp:term":[{"taxonomy":"product_cat","embeddable":true,"href":"https:\/\/techstore.ba\/shop\/wp-json\/wp\/v2\/product_cat?post=51464"},{"taxonomy":"product_tag","embeddable":true,"href":"https:\/\/techstore.ba\/shop\/wp-json\/wp\/v2\/product_tag?post=51464"}],"curies":[{"name":"wp","href":"https:\/\/api.w.org\/{rel}","templated":true}]}}