{"id":51351,"date":"2026-02-13T13:16:08","date_gmt":"2026-02-13T12:16:08","guid":{"rendered":"https:\/\/techstore.ba\/shop\/?post_type=product&#038;p=51351"},"modified":"2026-02-13T13:16:08","modified_gmt":"2026-02-13T12:16:08","slug":"xiaomi-bluetooth-speaker-40w","status":"publish","type":"product","link":"https:\/\/techstore.ba\/shop\/product\/xiaomi-bluetooth-speaker-40w\/","title":{"rendered":"XIAOMI BLUETOOTH SPEAKER 40W"},"content":{"rendered":"<p>Xiaomi Bluetooth Speaker 40W je kompaktni prijenosni Bluetooth zvu\u010dnik sa ukupnom audio snagom do 40 W, dizajniran da pru\u017ei sna\u017ean, \u0161irok i uravnote\u017een zvuk u gotovo svim okru\u017eenjima, uz impresivan nivo glasno\u0107e od oko 93 dB. Zahvaljuju\u0107i <strong data-start=\"967\" data-end=\"985\">Bluetoothu 5.3<\/strong> i podr\u0161ci za <strong data-start=\"999\" data-end=\"1013\">LHDC kodek<\/strong>, be\u017ei\u010dno povezivanje je stabilno i omogu\u0107ava kvalitetan prijenos zvuka, a NFC funkcija omogu\u0107ava brzo uparivanje s kompatibilnim ure\u0111ajima. Zvu\u010dnik ima <strong data-start=\"1204\" data-end=\"1262\">IP67 certifikat vodootpornosti i otpornosti na pra\u0161inu<\/strong>, \u0161to ga \u010dini pogodnim za kori\u0161tenje na otvorenom, uz do <strong data-start=\"1319\" data-end=\"1343\">17 sati reprodukcije<\/strong> na jednom punjenju zahvaljuju\u0107i bateriji od 4800 mAh. Dodatno, <strong data-start=\"1445\" data-end=\"1468\">TWS stereo spajanje<\/strong> omogu\u0107ava povezivanje vi\u0161e zvu\u010dnika za ja\u010di stereo efekt, a ugra\u0111eni mikrofon i RGB ambijentalno osvjetljenje dodaju prakti\u010dnost i zabavne elemente pri svakodnevnoj upotrebi.<\/p>\n","protected":false},"excerpt":{"rendered":"<p data-start=\"86\" data-end=\"175\">Izlazna snaga <strong data-start=\"100\" data-end=\"108\">40 W<\/strong> za sna\u017ean zvuk i do 93 dB.<\/p>\n<p data-start=\"179\" data-end=\"263\"><strong data-start=\"179\" data-end=\"196\">Bluetooth 5.3<\/strong> sa podr\u0161kom za LHDC kodek.<\/p>\n<p data-start=\"267\" data-end=\"367\"><strong data-start=\"267\" data-end=\"292\">Do \u224817 h reprodukcije<\/strong> zahvaljuju\u0107i bateriji od 4800 mAh.<\/p>\n<p data-start=\"371\" data-end=\"457\"><strong data-start=\"371\" data-end=\"417\">IP67 vodootpornost i otpornost na pra\u0161inu.<\/strong><\/p>\n<p data-start=\"461\" data-end=\"558\">Podr\u0161ka za <strong data-start=\"472\" data-end=\"495\">NFC brzo uparivanje<\/strong> i TWS stereo spajanje.<\/p>\n<p data-start=\"562\" data-end=\"670\">Ugra\u0111eni <strong data-start=\"571\" data-end=\"583\">mikrofon<\/strong> za pozive i <strong data-start=\"596\" data-end=\"629\">RGB ambijentalno osvjetljenje<\/strong><\/p>\n","protected":false},"featured_media":51352,"template":"","meta":[],"product_cat":[530],"product_tag":[],"class_list":{"0":"post-51351","1":"product","2":"type-product","3":"status-publish","4":"has-post-thumbnail","6":"product_brand-xiaomi","7":"product_cat-ct-zvucnici","8":"pa_brend-xiaomi","10":"first","11":"instock","12":"shipping-taxable","13":"purchasable","14":"product-type-simple"},"_links":{"self":[{"href":"https:\/\/techstore.ba\/shop\/wp-json\/wp\/v2\/product\/51351","targetHints":{"allow":["GET"]}}],"collection":[{"href":"https:\/\/techstore.ba\/shop\/wp-json\/wp\/v2\/product"}],"about":[{"href":"https:\/\/techstore.ba\/shop\/wp-json\/wp\/v2\/types\/product"}],"wp:featuredmedia":[{"embeddable":true,"href":"https:\/\/techstore.ba\/shop\/wp-json\/wp\/v2\/media\/51352"}],"wp:attachment":[{"href":"https:\/\/techstore.ba\/shop\/wp-json\/wp\/v2\/media?parent=51351"}],"wp:term":[{"taxonomy":"product_cat","embeddable":true,"href":"https:\/\/techstore.ba\/shop\/wp-json\/wp\/v2\/product_cat?post=51351"},{"taxonomy":"product_tag","embeddable":true,"href":"https:\/\/techstore.ba\/shop\/wp-json\/wp\/v2\/product_tag?post=51351"}],"curies":[{"name":"wp","href":"https:\/\/api.w.org\/{rel}","templated":true}]}}