{"id":51347,"date":"2026-02-13T13:11:24","date_gmt":"2026-02-13T12:11:24","guid":{"rendered":"https:\/\/techstore.ba\/shop\/?post_type=product&#038;p=51347"},"modified":"2026-02-13T13:11:24","modified_gmt":"2026-02-13T12:11:24","slug":"xiaomi-sound-outdoor-blue-plavi","status":"publish","type":"product","link":"https:\/\/techstore.ba\/shop\/product\/xiaomi-sound-outdoor-blue-plavi\/","title":{"rendered":"XIAOMI SOUND OUTDOOR BLUE PLAVI"},"content":{"rendered":"<p>Xiaomi Sound Outdoor je kompaktan i sna\u017ean Bluetooth zvu\u010dnik dizajniran za vanjsku i unutra\u0161nju upotrebu, sa ukupnom audio izlaznom snagom od 30 W koja pru\u017ea pun, dinami\u010dan zvuk uz dobru ravnote\u017eu bass, mid i visokih tonova, \u0161to ga \u010dini odli\u010dnim izborom za piknike, izlete ili zabave. Opremljen je <strong data-start=\"1015\" data-end=\"1032\">Bluetooth 5.4<\/strong> vezom za stabilno be\u017ei\u010dno streaming iskustvo i baterijom koja mo\u017ee trajati oko <strong data-start=\"1112\" data-end=\"1123\">12 sati<\/strong> na srednjoj ja\u010dini, dok <strong data-start=\"1148\" data-end=\"1167\">IP67 certifikat<\/strong> osigurava otpornost na vodu i pra\u0161inu tokom kori\u0161tenja na otvorenom. Zvu\u010dnik podr\u017eava <strong data-start=\"1292\" data-end=\"1306\">TWS stereo<\/strong> spajanje i \u010dak mo\u017ee povezati do <strong data-start=\"1339\" data-end=\"1355\">100 jedinica<\/strong> istovremeno za impresivno audio iskustvo na ve\u0107im doga\u0111ajima, a ugra\u0111eni mikrofon omogu\u0107ava jednostavno odgovaranje na pozive bez prekidanja muzike<\/p>\n","protected":false},"excerpt":{"rendered":"<p data-start=\"86\" data-end=\"187\">Portabilni Bluetooth zvu\u010dnik s ukupno <strong data-start=\"124\" data-end=\"146\">30 W izlazne snage<\/strong>.<\/p>\n<p data-start=\"191\" data-end=\"294\">Trajanje reprodukcije do <strong data-start=\"216\" data-end=\"234\">\u224812 h baterije<\/strong> na jednom punjenju.<\/p>\n<p data-start=\"298\" data-end=\"382\"><strong data-start=\"298\" data-end=\"315\">Bluetooth 5.4<\/strong> za stabilnu vezu do \u224825 m.<\/p>\n<p data-start=\"386\" data-end=\"468\"><strong data-start=\"386\" data-end=\"428\">IP67 vodootporan i otporan na pra\u0161inu.<\/strong><\/p>\n<p data-start=\"472\" data-end=\"572\">Podr\u0161ka za <strong data-start=\"483\" data-end=\"513\">TWS stereo i Multi-speaker<\/strong> spajanje (do 100).<\/p>\n<p data-start=\"576\" data-end=\"659\">Ugra\u0111eni <strong data-start=\"585\" data-end=\"597\">mikrofon<\/strong> za hands-free pozive.<\/p>\n","protected":false},"featured_media":51348,"template":"","meta":[],"product_cat":[530],"product_tag":[],"class_list":{"0":"post-51347","1":"product","2":"type-product","3":"status-publish","4":"has-post-thumbnail","6":"product_brand-xiaomi","7":"product_cat-ct-zvucnici","8":"pa_brend-xiaomi","10":"first","11":"instock","12":"shipping-taxable","13":"purchasable","14":"product-type-simple"},"_links":{"self":[{"href":"https:\/\/techstore.ba\/shop\/wp-json\/wp\/v2\/product\/51347","targetHints":{"allow":["GET"]}}],"collection":[{"href":"https:\/\/techstore.ba\/shop\/wp-json\/wp\/v2\/product"}],"about":[{"href":"https:\/\/techstore.ba\/shop\/wp-json\/wp\/v2\/types\/product"}],"wp:featuredmedia":[{"embeddable":true,"href":"https:\/\/techstore.ba\/shop\/wp-json\/wp\/v2\/media\/51348"}],"wp:attachment":[{"href":"https:\/\/techstore.ba\/shop\/wp-json\/wp\/v2\/media?parent=51347"}],"wp:term":[{"taxonomy":"product_cat","embeddable":true,"href":"https:\/\/techstore.ba\/shop\/wp-json\/wp\/v2\/product_cat?post=51347"},{"taxonomy":"product_tag","embeddable":true,"href":"https:\/\/techstore.ba\/shop\/wp-json\/wp\/v2\/product_tag?post=51347"}],"curies":[{"name":"wp","href":"https:\/\/api.w.org\/{rel}","templated":true}]}}