{"id":51343,"date":"2026-02-13T13:06:24","date_gmt":"2026-02-13T12:06:24","guid":{"rendered":"https:\/\/techstore.ba\/shop\/?post_type=product&#038;p=51343"},"modified":"2026-02-13T13:06:25","modified_gmt":"2026-02-13T12:06:25","slug":"xiaomi-powerbank-20000-mah-18w","status":"publish","type":"product","link":"https:\/\/techstore.ba\/shop\/product\/xiaomi-powerbank-20000-mah-18w\/","title":{"rendered":"XIAOMI POWERBANK 20000 mAh 18W"},"content":{"rendered":"<p>Xiaomi Power Bank 20000mAh 18W je sna\u017ena i pouzdana prijenosna baterija namijenjena korisnicima kojima je potrebna dugotrajna autonomija tokom dana, putovanja ili poslovnih obaveza. Zahvaljuju\u0107i velikom kapacitetu od 20 000 mAh, omogu\u0107ava nekoliko punjenja pametnog telefona, dok podr\u0161ka za brzo punjenje do 18W osigurava efikasno i brzo dopunjavanje ure\u0111aja, ali i samog powerbanka. Opremljen je s dva USB-A izlaza za paralelno punjenje, kao i USB-C i Micro-USB ulazima, \u010dime pru\u017ea \u0161iroku kompatibilnost s razli\u010ditim ure\u0111ajima, a ugra\u0111eni sigurnosni mehanizmi \u0161tite od pregrijavanja, preoptere\u0107enja i kratkog spoja, osiguravaju\u0107i sigurno kori\u0161tenje.<\/p>\n","protected":false},"excerpt":{"rendered":"<p data-start=\"96\" data-end=\"192\">Kapacitet <strong data-start=\"106\" data-end=\"120\">20 000 mAh<\/strong> za vi\u0161estruko punjenje ure\u0111aja.<\/p>\n<p data-start=\"196\" data-end=\"288\"><strong data-start=\"196\" data-end=\"232\">Dvosmjerno brzo punjenje do 18 W<\/strong> (ulaz i izlaz).<\/p>\n<p data-start=\"292\" data-end=\"390\"><strong data-start=\"292\" data-end=\"311\">2\u00d7 USB-A izlaza<\/strong> za istovremeno punjenje dvije naprave.<\/p>\n<p data-start=\"394\" data-end=\"485\"><strong data-start=\"394\" data-end=\"421\">USB-C i Micro-USB ulazi<\/strong> za punjenje powerbanka.<\/p>\n<p data-start=\"489\" data-end=\"592\">Kompatibilan sa ve\u0107inom telefona, tableta i digitalnih ure\u0111aja.<\/p>\n<p data-start=\"596\" data-end=\"687\">Integrisana za\u0161tita protiv prenapona i kratkog spoja<\/p>\n","protected":false},"featured_media":51344,"template":"","meta":[],"product_cat":[15],"product_tag":[],"class_list":{"0":"post-51343","1":"product","2":"type-product","3":"status-publish","4":"has-post-thumbnail","6":"product_brand-xiaomi","7":"product_cat-uncategorized","8":"pa_brend-xiaomi","10":"first","11":"instock","12":"shipping-taxable","13":"purchasable","14":"product-type-simple"},"_links":{"self":[{"href":"https:\/\/techstore.ba\/shop\/wp-json\/wp\/v2\/product\/51343","targetHints":{"allow":["GET"]}}],"collection":[{"href":"https:\/\/techstore.ba\/shop\/wp-json\/wp\/v2\/product"}],"about":[{"href":"https:\/\/techstore.ba\/shop\/wp-json\/wp\/v2\/types\/product"}],"wp:featuredmedia":[{"embeddable":true,"href":"https:\/\/techstore.ba\/shop\/wp-json\/wp\/v2\/media\/51344"}],"wp:attachment":[{"href":"https:\/\/techstore.ba\/shop\/wp-json\/wp\/v2\/media?parent=51343"}],"wp:term":[{"taxonomy":"product_cat","embeddable":true,"href":"https:\/\/techstore.ba\/shop\/wp-json\/wp\/v2\/product_cat?post=51343"},{"taxonomy":"product_tag","embeddable":true,"href":"https:\/\/techstore.ba\/shop\/wp-json\/wp\/v2\/product_tag?post=51343"}],"curies":[{"name":"wp","href":"https:\/\/api.w.org\/{rel}","templated":true}]}}