{"id":51307,"date":"2026-02-12T21:31:18","date_gmt":"2026-02-12T20:31:18","guid":{"rendered":"https:\/\/techstore.ba\/shop\/product\/bosch-multipraktik-800w2-3l-posudablender-30-funkcija-sl\/"},"modified":"2026-04-04T11:03:58","modified_gmt":"2026-04-04T09:03:58","slug":"bosch-multipraktik-800w2-3l-posudablender-30-funkcija-sl","status":"publish","type":"product","link":"https:\/\/techstore.ba\/shop\/product\/bosch-multipraktik-800w2-3l-posudablender-30-funkcija-sl\/","title":{"rendered":"BOSCH Multipraktik 800W,2.3L posuda,Blender, 30 + Funkcija, SL"},"content":{"rendered":"","protected":false},"excerpt":{"rendered":"<p>BOSCH Multipraktik MCM3200W MultiTalent 3, Boja: BIJELA; 800W; Plasti\u010dna posuda: 2.30 l; Blender; Vi\u0161e od 30 funkcija:sjeckanje, rezanje, ribanje, i puno vi\u0161e -funkcionalan no\u017e od nehr\u0111aju\u0107eg \u010delika i disk za rezanje komadanje s dva lica, SL<\/p>\n","protected":false},"featured_media":51308,"template":"","meta":[],"product_cat":[843,786,15],"product_tag":[],"class_list":{"0":"post-51307","1":"product","2":"type-product","3":"status-publish","4":"has-post-thumbnail","6":"product_cat-brend-bosch","7":"product_cat-ct-foodprocep","8":"product_cat-uncategorized","9":"pa_brend-bosch","11":"first","12":"outofstock","13":"shipping-taxable","14":"purchasable","15":"product-type-simple"},"_links":{"self":[{"href":"https:\/\/techstore.ba\/shop\/wp-json\/wp\/v2\/product\/51307","targetHints":{"allow":["GET"]}}],"collection":[{"href":"https:\/\/techstore.ba\/shop\/wp-json\/wp\/v2\/product"}],"about":[{"href":"https:\/\/techstore.ba\/shop\/wp-json\/wp\/v2\/types\/product"}],"wp:featuredmedia":[{"embeddable":true,"href":"https:\/\/techstore.ba\/shop\/wp-json\/wp\/v2\/media\/51308"}],"wp:attachment":[{"href":"https:\/\/techstore.ba\/shop\/wp-json\/wp\/v2\/media?parent=51307"}],"wp:term":[{"taxonomy":"product_cat","embeddable":true,"href":"https:\/\/techstore.ba\/shop\/wp-json\/wp\/v2\/product_cat?post=51307"},{"taxonomy":"product_tag","embeddable":true,"href":"https:\/\/techstore.ba\/shop\/wp-json\/wp\/v2\/product_tag?post=51307"}],"curies":[{"name":"wp","href":"https:\/\/api.w.org\/{rel}","templated":true}]}}