{"id":51287,"date":"2026-02-12T21:11:41","date_gmt":"2026-02-12T20:11:41","guid":{"rendered":"https:\/\/techstore.ba\/shop\/?post_type=product&#038;p=51287"},"modified":"2026-02-17T10:40:17","modified_gmt":"2026-02-17T09:40:17","slug":"logitech-desktop-set-wireless-mk850","status":"publish","type":"product","link":"https:\/\/techstore.ba\/shop\/product\/logitech-desktop-set-wireless-mk850\/","title":{"rendered":"LOGITECH DESKTOP SET WIRELESS MK850"},"content":{"rendered":"<p>Logitech <em data-start=\"1413\" data-end=\"1437\">Wireless Desktop MK850<\/em> je visokokvalitetan set tastature i mi\u0161a koji je izvrstan izbor za svakodnevnu upotrebu kod ku\u0107e, u kancelariji ili za produktivan rad na vi\u0161e ure\u0111aja. Tipkovnica ima punu veli\u010dinu sa numeri\u010dkim dijelom \u0161to olak\u0161ava unos podataka, a veliki naslon za dlanove i zakrivljeni raspored tipki \u010dine tipkanje prijatnim i udobnim \u010dak i tokom du\u017eih sesija. Be\u017ei\u010dna veza preko Bluetootha ili Unifying USB prijemnika daje stabilnu i pouzdanu konekciju bez kablova, a mogu\u0107nost prebacivanja izme\u0111u <strong data-start=\"1923\" data-end=\"1938\">tri ure\u0111aja<\/strong> ti omogu\u0107ava da lako koristi\u0161 isti set tipkovnice i mi\u0161a sa ra\u010dunarom, tabletom ili telefonom bez ponovnog uparivanja. Mi\u0161 koji dolazi u kompletu ima opti\u010dki senzor sa 1000 DPI\u2011om i 8 funkcijskih tastera, uklju\u010duju\u0107i napredni to\u010dki\u0107 sa \u201chyper\u2011fast\u201d pomicanjem, \u0161to poma\u017ee da brzo prelazi\u0161 kroz dokumente i web stranice. Dugotrajna baterija na oba ure\u0111aja zna\u010di da ne\u0107e\u0161 \u010desto morati mijenjati baterije, \u0161to dodatno pove\u0107ava prakti\u010dnost. MK850 set nudi odli\u010dnu kombinaciju udobnosti, efikasnosti i fleksibilnosti za rad i zabavu.<\/p>\n","protected":false},"excerpt":{"rendered":"<p data-start=\"63\" data-end=\"343\"><strong data-start=\"63\" data-end=\"86\">Be\u017ei\u010dna povezanost:<\/strong> Bluetooth Smart i <strong data-start=\"105\" data-end=\"139\">2,4\u202fGHz Unifying USB prijemnik<\/strong>\u202f\u2013 omogu\u0107ava stabilno be\u017ei\u010dno povezivanje sa ra\u010dunarom ili drugim ure\u0111ajima bez kablova. Mo\u017ee\u0161 se povezati i prebacivati izme\u0111u <strong data-start=\"267\" data-end=\"283\">do 3 ure\u0111aja<\/strong> pritiskom na dugme.<\/p>\n<p data-start=\"346\" data-end=\"520\"><strong data-start=\"346\" data-end=\"361\">Tipkovnica:<\/strong> Full\u2011size (puna veli\u010dina) sa numeri\u010dkim dijelom i <strong data-start=\"412\" data-end=\"443\">udobnim naslonom za dlanove<\/strong>, dizajnirana za dugotrajno tipkanje.<\/p>\n<p data-start=\"523\" data-end=\"691\"><strong data-start=\"523\" data-end=\"549\">Ergonomija tipkovnice:<\/strong> Zakrivljeni okvir tipki, vi\u0161enamjenske multimedijalne tipke i podesive nogice za pravi ugao tipkanja.<\/p>\n<p data-start=\"694\" data-end=\"909\"><strong data-start=\"694\" data-end=\"702\">Mi\u0161:<\/strong> Opti\u010dki mi\u0161 sa <strong data-start=\"718\" data-end=\"730\">1000\u202fDPI<\/strong> senzorom i <strong data-start=\"742\" data-end=\"755\">8 tastera<\/strong>, uklju\u010duju\u0107i funkcijske tipke i <strong data-start=\"788\" data-end=\"812\" data-is-only-node=\"\">hyper\u2011fast scrolling<\/strong> to\u010dki\u0107 za brzo pomjeranje kroz dokumente i web stranice.<\/p>\n<p data-start=\"912\" data-end=\"1093\"><strong data-start=\"912\" data-end=\"925\">Baterija:<\/strong> dvije AAA baterije, a mi\u0161 \u00a0sa jednom AA baterijom.<\/p>\n<p data-start=\"1096\" data-end=\"1215\"><strong data-start=\"1096\" data-end=\"1119\">Domet be\u017ei\u010dne veze:<\/strong> Oko <strong data-start=\"1124\" data-end=\"1137\">10\u202fmetara<\/strong>, omogu\u0107ava ti rad bez smetnji i \u017eica.<\/p>\n<p data-start=\"1218\" data-end=\"1402\"><strong data-start=\"1218\" data-end=\"1237\">Kompatibilnost:<\/strong> Radi sa <strong data-start=\"1246\" data-end=\"1293\">Windows, macOS, Chrome OS, iPadOS i Android<\/strong> ure\u0111ajima koji podr\u017eavaju Bluetooth ili imaju USB port za prijemnik.<\/p>\n","protected":false},"featured_media":51288,"template":"","meta":[],"product_cat":[847,729],"product_tag":[],"class_list":{"0":"post-51287","1":"product","2":"type-product","3":"status-publish","4":"has-post-thumbnail","6":"product_brand-logitech","7":"product_cat-periferija","8":"product_cat-set-mistastatura","9":"pa_brend-logitech","11":"first","12":"instock","13":"shipping-taxable","14":"purchasable","15":"product-type-simple"},"_links":{"self":[{"href":"https:\/\/techstore.ba\/shop\/wp-json\/wp\/v2\/product\/51287","targetHints":{"allow":["GET"]}}],"collection":[{"href":"https:\/\/techstore.ba\/shop\/wp-json\/wp\/v2\/product"}],"about":[{"href":"https:\/\/techstore.ba\/shop\/wp-json\/wp\/v2\/types\/product"}],"wp:featuredmedia":[{"embeddable":true,"href":"https:\/\/techstore.ba\/shop\/wp-json\/wp\/v2\/media\/51288"}],"wp:attachment":[{"href":"https:\/\/techstore.ba\/shop\/wp-json\/wp\/v2\/media?parent=51287"}],"wp:term":[{"taxonomy":"product_cat","embeddable":true,"href":"https:\/\/techstore.ba\/shop\/wp-json\/wp\/v2\/product_cat?post=51287"},{"taxonomy":"product_tag","embeddable":true,"href":"https:\/\/techstore.ba\/shop\/wp-json\/wp\/v2\/product_tag?post=51287"}],"curies":[{"name":"wp","href":"https:\/\/api.w.org\/{rel}","templated":true}]}}