{"id":51281,"date":"2026-02-12T20:54:50","date_gmt":"2026-02-12T19:54:50","guid":{"rendered":"https:\/\/techstore.ba\/shop\/?post_type=product&#038;p=51281"},"modified":"2026-02-17T11:35:18","modified_gmt":"2026-02-17T10:35:18","slug":"dell-wireless-keyboard-and-mouse-km3322w","status":"publish","type":"product","link":"https:\/\/techstore.ba\/shop\/product\/dell-wireless-keyboard-and-mouse-km3322w\/","title":{"rendered":"DELL WIRELESS KEYBOARD AND MOUSE KM3322W"},"content":{"rendered":"<div class=\"flex flex-col text-sm pb-25\">\n<article class=\"text-token-text-primary w-full focus:outline-none [--shadow-height:45px] has-data-writing-block:pointer-events-none has-data-writing-block:-mt-(--shadow-height) has-data-writing-block:pt-(--shadow-height) [&amp;:has([data-writing-block])&gt;*]:pointer-events-auto scroll-mt-[calc(var(--header-height)+min(200px,max(70px,20svh)))]\" dir=\"auto\" tabindex=\"-1\" data-turn-id=\"request-WEB:30b83e08-160b-470e-b7fb-4f6dcbea7731-6\" data-testid=\"conversation-turn-14\" data-scroll-anchor=\"true\" data-turn=\"assistant\">\n<div class=\"text-base my-auto mx-auto pb-10 [--thread-content-margin:--spacing(4)] @w-sm\/main:[--thread-content-margin:--spacing(6)] @w-lg\/main:[--thread-content-margin:--spacing(16)] px-(--thread-content-margin)\">\n<div class=\"[--thread-content-max-width:40rem] @w-lg\/main:[--thread-content-max-width:48rem] mx-auto max-w-(--thread-content-max-width) flex-1 group\/turn-messages focus-visible:outline-hidden relative flex w-full min-w-0 flex-col agent-turn\" tabindex=\"-1\">\n<div class=\"flex max-w-full flex-col grow\">\n<div class=\"min-h-8 text-message relative flex w-full flex-col items-end gap-2 text-start break-words whitespace-normal [.text-message+&amp;]:mt-1\" dir=\"auto\" data-message-author-role=\"assistant\" data-message-id=\"cf64f07c-5fba-4004-9aca-bce30c724963\" data-message-model-slug=\"gpt-5-mini\">\n<div class=\"flex w-full flex-col gap-1 empty:hidden first:pt-[1px]\">\n<div class=\"markdown prose dark:prose-invert w-full wrap-break-word light markdown-new-styling\">\n<p data-start=\"874\" data-end=\"1945\">Dell Wireless Keyboard and Mouse KM3322W predstavlja prakti\u010dan i pouzdan be\u017ei\u010dni komplet koji obuhvata i tipkovnicu i mi\u0161a, savr\u0161en za svakodnevnu upotrebu kod ku\u0107e, u kancelariji ili za \u0161kolu. Povezuje se putem 2,4\u202fGHz be\u017ei\u010dnog USB prijemnika, \u0161to omogu\u0107ava stabilnu be\u017ei\u010dnu vezu bez ka\u0161njenja i bez potrebe za instalacijom dodatnih drajvera \u2013 jednostavno uklju\u010di dongle i ure\u0111aj odmah radi. Tipkovnica je puna veli\u010dina sa numeri\u010dkim dijelom i multimedijalnim tipkama za upravljanje zvukom, a plunger tipke su otporne na bledenje i dizajnirane za dugotrajnu upotrebu. Podesive nogice na tipkovnici omogu\u0107avaju da podesi\u0161 nagib koji ti najvi\u0161e odgovara tokom pisanja ili du\u017eeg rada. Opti\u010dki mi\u0161 sa tri tastera i rezolucijom od 1000\u202fDPI pru\u017ea glatko i precizno upravljanje, dok ergonomija odgovara ve\u0107ini korisnika. Komplet dolazi sa baterijama za oba ure\u0111aja, a 128\u2011bitna enkripcija osigurava sigurnu be\u017ei\u010dnu vezu. KM3322W radi sa \u0161irokim spektrom operativnih sistema, \u0161to ga \u010dini univerzalnim rje\u0161enjem za ve\u0107inu ra\u010dunara i laptopa.<\/p>\n<\/div>\n<\/div>\n<\/div>\n<\/div>\n<div class=\"z-0 flex min-h-[46px] justify-start\"><\/div>\n<\/div>\n<\/div>\n<\/article>\n<\/div>\n<div class=\"pointer-events-none h-px w-px absolute bottom-0\" aria-hidden=\"true\" data-edge=\"true\"><\/div>\n","protected":false},"excerpt":{"rendered":"<p data-start=\"66\" data-end=\"114\">Komplet: Be\u017ei\u010dna <strong data-start=\"83\" data-end=\"103\">tipkovnica i mi\u0161<\/strong> u paketu<\/p>\n<p data-start=\"117\" data-end=\"198\">Povezivanje: <strong data-start=\"130\" data-end=\"162\">2,4\u202fGHz RF be\u017ei\u010dni prijemnik<\/strong> (USB nano dongle) \u2013 plug\u2011and\u2011play<\/p>\n<p data-start=\"201\" data-end=\"362\">Tipkovnica: <strong data-start=\"213\" data-end=\"240\">Pun veli\u010dina tipkovnica<\/strong> sa numeri\u010dkim dijelom i multimedijalnim tipkama (Mute, Volume +\/\u2011) sa <strong data-start=\"311\" data-end=\"324\">anti\u2011fade<\/strong> plunger tipkama i podesivim nagibom<\/p>\n<p data-start=\"365\" data-end=\"464\">Mi\u0161: <strong data-start=\"370\" data-end=\"393\">Opti\u010dki be\u017ei\u010dni mi\u0161<\/strong> sa <strong data-start=\"397\" data-end=\"409\">1000\u202fDPI<\/strong> rezolucijom i <strong data-start=\"424\" data-end=\"437\">3 tastera<\/strong> (lijevi, desni i scroll)<\/p>\n<p data-start=\"467\" data-end=\"550\">Baterije: Tipkovnica koristi <strong data-start=\"496\" data-end=\"505\">2\u00d7AAA<\/strong>, mi\u0161 koristi <strong data-start=\"519\" data-end=\"527\">1\u00d7AA<\/strong> (baterije uklju\u010dene)<\/p>\n<p data-start=\"553\" data-end=\"607\">Sigurnost: <strong data-start=\"564\" data-end=\"592\">128\u2011bitna AES enkripcija<\/strong> be\u017ei\u010dne veze<\/p>\n<p data-start=\"714\" data-end=\"872\">Kompatibilnost: Radi sa <strong data-start=\"738\" data-end=\"783\">Windows, macOS, Linux, Chrome\u202fOS, Android<\/strong> i drugim sistemima koji podr\u017eavaju USB prijemnik<\/p>\n","protected":false},"featured_media":51282,"template":"","meta":[],"product_cat":[847,729],"product_tag":[],"class_list":{"0":"post-51281","1":"product","2":"type-product","3":"status-publish","4":"has-post-thumbnail","6":"product_brand-dell","7":"product_cat-periferija","8":"product_cat-set-mistastatura","9":"pa_brend-dell","11":"first","12":"instock","13":"shipping-taxable","14":"purchasable","15":"product-type-simple"},"_links":{"self":[{"href":"https:\/\/techstore.ba\/shop\/wp-json\/wp\/v2\/product\/51281","targetHints":{"allow":["GET"]}}],"collection":[{"href":"https:\/\/techstore.ba\/shop\/wp-json\/wp\/v2\/product"}],"about":[{"href":"https:\/\/techstore.ba\/shop\/wp-json\/wp\/v2\/types\/product"}],"wp:featuredmedia":[{"embeddable":true,"href":"https:\/\/techstore.ba\/shop\/wp-json\/wp\/v2\/media\/51282"}],"wp:attachment":[{"href":"https:\/\/techstore.ba\/shop\/wp-json\/wp\/v2\/media?parent=51281"}],"wp:term":[{"taxonomy":"product_cat","embeddable":true,"href":"https:\/\/techstore.ba\/shop\/wp-json\/wp\/v2\/product_cat?post=51281"},{"taxonomy":"product_tag","embeddable":true,"href":"https:\/\/techstore.ba\/shop\/wp-json\/wp\/v2\/product_tag?post=51281"}],"curies":[{"name":"wp","href":"https:\/\/api.w.org\/{rel}","templated":true}]}}