{"id":51259,"date":"2026-02-12T19:28:03","date_gmt":"2026-02-12T18:28:03","guid":{"rendered":"https:\/\/techstore.ba\/shop\/?post_type=product&#038;p=51259"},"modified":"2026-02-23T20:00:23","modified_gmt":"2026-02-23T19:00:23","slug":"logitech-gaming-mis-g102-black-crni","status":"publish","type":"product","link":"https:\/\/techstore.ba\/shop\/product\/logitech-gaming-mis-g102-black-crni\/","title":{"rendered":"LOGITECH GAMING MI\u0160 G102 BLACK\/CRNI"},"content":{"rendered":"<p>Logitech G102 LIGHTSYNC White je \u017ei\u010dani gaming mi\u0161 koji kombinira preciznost, performanse i vizualni stil u elegantnoj bijeloj boji. Njegov opti\u010dki senzor omogu\u0107ava visoku razlu\u010divost do 8\u202f000 DPI, \u0161to osigurava precizno pra\u0107enje pokreta u igrama i svakodnevnoj uporabi. LIGHTSYNC RGB osvjetljenje mo\u017ee se personalizirati putem Logitech G HUB softvera i uskladiti s drugim Logitech G ure\u0111ajima za jedinstven ambijent na radnom stolu. Mi\u0161 ima 6 programabilnih tipki i brzu stopu osvje\u017eavanja od 1000\u202fHz, \u0161to ga \u010dini pouzdanim izborom za igra\u010de svih razina koji \u017eele kvalitetnu \u017ei\u010danu periferiju s mogu\u0107nostima prilagodbe.<\/p>\n","protected":false},"excerpt":{"rendered":"<p data-start=\"74\" data-end=\"119\">\u017di\u010dani opti\u010dki gaming mi\u0161 \u2013 USB povezivanje<\/p>\n<p data-start=\"122\" data-end=\"178\">LIGHTSYNC RGB osvjetljenje s 16,8\u202fmil. boja i efektima<\/p>\n<p data-start=\"181\" data-end=\"241\">Gaming\u2011grade senzor s DPI\u2011em podesivim od <strong data-start=\"223\" data-end=\"239\">200 do 8\u202f000<\/strong><\/p>\n<p data-start=\"244\" data-end=\"294\"><strong data-start=\"244\" data-end=\"270\">6 programabilnih tipki<\/strong> za prilagodbu komandi<\/p>\n<p data-start=\"297\" data-end=\"336\">Polling rate <strong data-start=\"310\" data-end=\"334\">1000\u202fHz \/ odziv 1\u202fms<\/strong><\/p>\n<p data-start=\"339\" data-end=\"374\">Te\u017eina oko <strong data-start=\"350\" data-end=\"358\">85\u202fg<\/strong>, kabel ~2,1\u202fm<\/p>\n<p data-start=\"377\" data-end=\"491\">Simetri\u010dni dizajn za udobno igranje i memorija profila za spremanje postavki<\/p>\n","protected":false},"featured_media":51260,"template":"","meta":[],"product_cat":[1016,1015,378,847],"product_tag":[],"class_list":{"0":"post-51259","1":"product","2":"type-product","3":"status-publish","4":"has-post-thumbnail","6":"product_brand-logitech","7":"product_cat-gaming-misevi","8":"product_cat-gaming-periferija","9":"product_cat-ct-misevi","10":"product_cat-periferija","11":"pa_brend-logitech","13":"first","14":"instock","15":"shipping-taxable","16":"purchasable","17":"product-type-simple"},"_links":{"self":[{"href":"https:\/\/techstore.ba\/shop\/wp-json\/wp\/v2\/product\/51259","targetHints":{"allow":["GET"]}}],"collection":[{"href":"https:\/\/techstore.ba\/shop\/wp-json\/wp\/v2\/product"}],"about":[{"href":"https:\/\/techstore.ba\/shop\/wp-json\/wp\/v2\/types\/product"}],"wp:featuredmedia":[{"embeddable":true,"href":"https:\/\/techstore.ba\/shop\/wp-json\/wp\/v2\/media\/51260"}],"wp:attachment":[{"href":"https:\/\/techstore.ba\/shop\/wp-json\/wp\/v2\/media?parent=51259"}],"wp:term":[{"taxonomy":"product_cat","embeddable":true,"href":"https:\/\/techstore.ba\/shop\/wp-json\/wp\/v2\/product_cat?post=51259"},{"taxonomy":"product_tag","embeddable":true,"href":"https:\/\/techstore.ba\/shop\/wp-json\/wp\/v2\/product_tag?post=51259"}],"curies":[{"name":"wp","href":"https:\/\/api.w.org\/{rel}","templated":true}]}}