{"id":51224,"date":"2026-02-12T17:14:22","date_gmt":"2026-02-12T16:14:22","guid":{"rendered":"https:\/\/techstore.ba\/shop\/?post_type=product&#038;p=51224"},"modified":"2026-02-17T10:43:38","modified_gmt":"2026-02-17T09:43:38","slug":"hp-685-cft-dual-mode-mouse","status":"publish","type":"product","link":"https:\/\/techstore.ba\/shop\/product\/hp-685-cft-dual-mode-mouse\/","title":{"rendered":"HP 685 CFT DUAL-MODE MOUSE"},"content":{"rendered":"<div class=\"flex flex-col text-sm pb-25\">\n<article class=\"text-token-text-primary w-full focus:outline-none [--shadow-height:45px] has-data-writing-block:pointer-events-none has-data-writing-block:-mt-(--shadow-height) has-data-writing-block:pt-(--shadow-height) [&amp;:has([data-writing-block])&gt;*]:pointer-events-auto scroll-mt-[calc(var(--header-height)+min(200px,max(70px,20svh)))]\" dir=\"auto\" tabindex=\"-1\" data-turn-id=\"request-WEB:79d9e051-3323-470c-93f2-c226ab0c6895-13\" data-testid=\"conversation-turn-28\" data-scroll-anchor=\"true\" data-turn=\"assistant\">\n<div class=\"text-base my-auto mx-auto pb-10 [--thread-content-margin:--spacing(4)] @w-sm\/main:[--thread-content-margin:--spacing(6)] @w-lg\/main:[--thread-content-margin:--spacing(16)] px-(--thread-content-margin)\">\n<div class=\"[--thread-content-max-width:40rem] @w-lg\/main:[--thread-content-max-width:48rem] mx-auto max-w-(--thread-content-max-width) flex-1 group\/turn-messages focus-visible:outline-hidden relative flex w-full min-w-0 flex-col agent-turn\" tabindex=\"-1\">\n<div class=\"flex max-w-full flex-col grow\">\n<div class=\"min-h-8 text-message relative flex w-full flex-col items-end gap-2 text-start break-words whitespace-normal [.text-message+&amp;]:mt-1\" dir=\"auto\" data-message-author-role=\"assistant\" data-message-id=\"256901b6-8b9f-406d-bbcd-65532541df4d\" data-message-model-slug=\"gpt-5-mini\">\n<div class=\"flex w-full flex-col gap-1 empty:hidden first:pt-[1px]\">\n<div class=\"markdown prose dark:prose-invert w-full wrap-break-word light markdown-new-styling\">\n<p data-start=\"911\" data-end=\"1523\">HP 685 CFT Dual\u2011Mode Mouse je napredni be\u017ei\u010dni mi\u0161 dizajniran da pru\u017ei fleksibilnost i udobnost u svakodnevnoj upotrebi, bez obzira radi\u0161 li sa jednim ili vi\u0161e ure\u0111aja. Zahvaljuju\u0107i dual\u2011mode povezivanju mo\u017ee\u0161 ga be\u017ei\u010dno koristiti putem Bluetooth veze ili USB nano prijemnika, \u0161to ti omogu\u0107ava brzo i jednostavno prebacivanje izme\u0111u laptopa, ra\u010dunara ili tableta bez potrebe za dodatnim kablovima ili adapterima. Ovaj mi\u0161 je idealan za produktivan rad u uredu, kod ku\u0107e ili u pokretu jer ti omogu\u0107ava stabilnu vezu i pouzdano pra\u0107enje pokreta na prakti\u010dno svim povr\u0161inama.<\/p>\n<p data-start=\"1525\" data-end=\"1999\">Opti\u010dki senzor sa rezolucijom do 4000\u202fDPI i napredna Multi\u2011Surface Tracking tehnologija omogu\u0107avaju precizno i glatko pomjeranje kursora, dok 4D tilt to\u010dki\u0107 nudi i vertikalno i horizontalno skrolanje \u0161to znatno olak\u0161ava navigaciju kroz velike dokumente, tabele ili web stranice. Sedam tipki, uklju\u010duju\u0107i \u0161est koje mo\u017ee\u0161 programirati prema svojim potrebama, daje ti mogu\u0107nost personalizacije funkcija i pove\u0107anja produktivnosti u radu.<\/p>\n<p data-start=\"2001\" data-end=\"2371\">Ergonomski oblik mi\u0161a i mekani dr\u017ea\u010di pru\u017eaju udobnost \u010dak i tokom dugih radnih sati, a tihi klikovi i brzo skrolanje doprinose ugodnijem korisni\u010dkom iskustvu bez ometanja. HP 685 CFT je izra\u0111en tako da odgovara modernim standardima upotrebe, s podr\u0161kom za vi\u0161e operativnih sistema i kompatibilno\u0161\u0107u sa ure\u0111ajima razli\u010ditih marki.<\/p>\n<p data-start=\"2373\" data-end=\"2769\">Jedna AA baterija osigurava dug vijek trajanja do oko 20\u202fmjeseci pre nego \u0161to bude potrebna zamjena, \u0161to zna\u010di manje brige o napajanju i ve\u0107u produktivnost tokom svakodnevnih zadataka. Ovaj mi\u0161 predstavlja idealnu kombinaciju fleksibilnosti, preciznosti i ergonomije za korisnike koji tra\u017ee pouzdanu be\u017ei\u010dnu periferiju za posao, \u0161kolu ili slobodno vrijeme.<\/p>\n<\/div>\n<\/div>\n<\/div>\n<\/div>\n<div class=\"z-0 flex min-h-[46px] justify-start\"><\/div>\n<\/div>\n<\/div>\n<\/article>\n<\/div>\n<div class=\"pointer-events-none h-px w-px absolute bottom-0\" aria-hidden=\"true\" data-edge=\"true\"><\/div>\n","protected":false},"excerpt":{"rendered":"<p>Tip: Be\u017ei\u010dni mi\u0161 sa <strong data-start=\"71\" data-end=\"84\">dual\u2011mode<\/strong> povezivanjem (Bluetooth i USB nano prijemnik)<\/p>\n<p>Senzor: Opti\u010dki senzor sa rezolucijom do <strong data-start=\"214\" data-end=\"226\" data-is-only-node=\"\">4000\u202fDPI<\/strong> i <strong data-start=\"229\" data-end=\"255\">multi\u2011surface tracking<\/strong> tehnologijom<\/p>\n<p>Broj tipki: <strong data-start=\"323\" data-end=\"334\">7 tipki<\/strong>, od kojih su <strong data-start=\"348\" data-end=\"368\">6 programabilnih<\/strong><\/p>\n<p>Scroll to\u010dki\u0107: <strong data-start=\"426\" data-end=\"443\">4D tilt wheel<\/strong> za vertikalno i horizontalno skrolanje uz brzo pomjeranje<\/p>\n<p>Povezivanje: <strong data-start=\"557\" data-end=\"570\">Bluetooth<\/strong> i <strong data-start=\"573\" data-end=\"597\">USB\u2011A nano prijemnik<\/strong> za jednostavno prebacivanje izme\u0111u ure\u0111aja<\/p>\n<p>Napajanje: <strong data-start=\"694\" data-end=\"711\">1\u00d7AA baterija<\/strong> sa trajanjem do oko <strong data-start=\"732\" data-end=\"746\">20\u202fmjeseci<\/strong><\/p>\n<p>Kompatibilnost: Podr\u017eava Windows 10\/11, macOS, ChromeOS i druge popularne OS\u2011ove<\/p>\n","protected":false},"featured_media":51225,"template":"","meta":[],"product_cat":[378,847],"product_tag":[],"class_list":{"0":"post-51224","1":"product","2":"type-product","3":"status-publish","4":"has-post-thumbnail","6":"product_brand-hp","7":"product_cat-ct-misevi","8":"product_cat-periferija","9":"pa_brend-hp","11":"first","12":"instock","13":"shipping-taxable","14":"purchasable","15":"product-type-simple"},"_links":{"self":[{"href":"https:\/\/techstore.ba\/shop\/wp-json\/wp\/v2\/product\/51224","targetHints":{"allow":["GET"]}}],"collection":[{"href":"https:\/\/techstore.ba\/shop\/wp-json\/wp\/v2\/product"}],"about":[{"href":"https:\/\/techstore.ba\/shop\/wp-json\/wp\/v2\/types\/product"}],"wp:featuredmedia":[{"embeddable":true,"href":"https:\/\/techstore.ba\/shop\/wp-json\/wp\/v2\/media\/51225"}],"wp:attachment":[{"href":"https:\/\/techstore.ba\/shop\/wp-json\/wp\/v2\/media?parent=51224"}],"wp:term":[{"taxonomy":"product_cat","embeddable":true,"href":"https:\/\/techstore.ba\/shop\/wp-json\/wp\/v2\/product_cat?post=51224"},{"taxonomy":"product_tag","embeddable":true,"href":"https:\/\/techstore.ba\/shop\/wp-json\/wp\/v2\/product_tag?post=51224"}],"curies":[{"name":"wp","href":"https:\/\/api.w.org\/{rel}","templated":true}]}}