{"id":51187,"date":"2026-02-12T16:39:26","date_gmt":"2026-02-12T15:39:26","guid":{"rendered":"https:\/\/techstore.ba\/shop\/?post_type=product&#038;p=51187"},"modified":"2026-02-23T13:38:38","modified_gmt":"2026-02-23T12:38:38","slug":"playstation-5-dualsense-controller-wireless-grey","status":"publish","type":"product","link":"https:\/\/techstore.ba\/shop\/product\/playstation-5-dualsense-controller-wireless-grey\/","title":{"rendered":"PLAYSTATION 5 DUALSENSE CONTROLLER WIRELESS GREY"},"content":{"rendered":"<p>PlayStation 5 DualSense be\u017ei\u010dni kontroler u elegantnoj sivoj (Grey) boji donosi potpuno novo iskustvo igranja zahvaljuju\u0107i naprednim tehnologijama i modernom dizajnu. Dizajniran da savr\u0161eno le\u017ei u ruci, ovaj kontroler kombinuje ergonomiju, preciznost i inovacije koje podi\u017eu svaki gejming trenutak na vi\u0161i nivo.<\/p>\n<p>DualSense koristi be\u017ei\u010dnu PS5 Wireless tehnologiju za stabilnu i pouzdanu konekciju sa PlayStation 5 konzolom, uz mogu\u0107nost povezivanja i putem USB-C kabla. Brzo i jednostavno punjenje putem USB-C porta omogu\u0107ava kra\u0107e vrijeme \u010dekanja i vi\u0161e vremena za igru, dok ugra\u0111ena baterija pru\u017ea dugotrajnu autonomiju.<\/p>\n<p>Jedna od klju\u010dnih karakteristika ovog kontrolera je napredna hapti\u010dka povratna informacija. Umjesto klasi\u010dne vibracije, DualSense pru\u017ea realisti\u010dne i precizne vibracione efekte koji vam omogu\u0107avaju da osjetite razliku izme\u0111u razli\u010ditih povr\u0161ina, udaraca, eksplozija i drugih doga\u0111aja u igri. Adaptivni triggeri (L2 i R2) dodatno unapre\u0111uju do\u017eivljaj, prilago\u0111avaju\u0107i otpor tastera u zavisnosti od situacije u igri \u2013 bilo da zate\u017eete luk, ko\u010dite automobil ili koristite specijalno oru\u017eje.<\/p>\n<p>Kontroler posjeduje integrisani mikrofon koji omogu\u0107ava brzu i jednostavnu komunikaciju bez potrebe za dodatnim slu\u0161alicama, kao i ugra\u0111eni zvu\u010dnik koji pru\u017ea dodatne zvu\u010dne efekte direktno iz kontrolera za jo\u0161 intenzivniji osje\u0107aj uranjanja u igru. Tu je i 3.5 mm priklju\u010dak za slu\u0161alice za privatno igranje i kvalitetan chat sa prijateljima.<\/p>\n<p>Ugra\u0111eni senzor pokreta, koji uklju\u010duje akcelerometar i \u017eiroskop, omogu\u0107ava preciznu kontrolu pokretima u kompatibilnim igrama, dodaju\u0107i jo\u0161 jedan nivo interakcije i realizma. Touchpad na prednjoj strani kontrolera pru\u017ea dodatne mogu\u0107nosti upravljanja i navigacije kroz igre i menije.<\/p>\n<p>Sa modernim, dvobojnim dizajnom i prepoznatljivim PS detaljima, siva (Grey) verzija DualSense kontrolera predstavlja savr\u0161en spoj stila i funkcionalnosti. Idealan je izbor za sve ljubitelje PlayStation 5 konzole koji \u017eele vrhunske performanse, udobnost i inovativno gejming iskustvo.<\/p>\n","protected":false},"excerpt":{"rendered":"<p>Povezivost: Be\u017ei\u010dna (PS5 Wireless, USB-C)<\/p>\n<p>Boja: Siva (Grey)<\/p>\n<p>Integrisani mikrofon i zvu\u010dnik<\/p>\n<p>Hapti\u010dka povratna informacija i adaptivni triggeri<\/p>\n<p>Ugra\u0111eni senzor pokreta (akcelerometar i \u017eiroskop)<\/p>\n<p>Punjenje putem USB-C porta<\/p>\n","protected":false},"featured_media":51192,"template":"","meta":[],"product_cat":[353,471],"product_tag":[],"class_list":{"0":"post-51187","1":"product","2":"type-product","3":"status-publish","4":"has-post-thumbnail","6":"product_brand-sony","7":"product_cat-ct-joystick","8":"product_cat-ct-slusalice","9":"pa_brend-sony","11":"first","12":"instock","13":"shipping-taxable","14":"purchasable","15":"product-type-simple"},"_links":{"self":[{"href":"https:\/\/techstore.ba\/shop\/wp-json\/wp\/v2\/product\/51187","targetHints":{"allow":["GET"]}}],"collection":[{"href":"https:\/\/techstore.ba\/shop\/wp-json\/wp\/v2\/product"}],"about":[{"href":"https:\/\/techstore.ba\/shop\/wp-json\/wp\/v2\/types\/product"}],"wp:featuredmedia":[{"embeddable":true,"href":"https:\/\/techstore.ba\/shop\/wp-json\/wp\/v2\/media\/51192"}],"wp:attachment":[{"href":"https:\/\/techstore.ba\/shop\/wp-json\/wp\/v2\/media?parent=51187"}],"wp:term":[{"taxonomy":"product_cat","embeddable":true,"href":"https:\/\/techstore.ba\/shop\/wp-json\/wp\/v2\/product_cat?post=51187"},{"taxonomy":"product_tag","embeddable":true,"href":"https:\/\/techstore.ba\/shop\/wp-json\/wp\/v2\/product_tag?post=51187"}],"curies":[{"name":"wp","href":"https:\/\/api.w.org\/{rel}","templated":true}]}}