{"id":51111,"date":"2026-02-12T14:16:06","date_gmt":"2026-02-12T13:16:06","guid":{"rendered":"https:\/\/techstore.ba\/shop\/?post_type=product&#038;p=51111"},"modified":"2026-02-17T11:27:46","modified_gmt":"2026-02-17T10:27:46","slug":"hp-655-wireless-mistastatura","status":"publish","type":"product","link":"https:\/\/techstore.ba\/shop\/product\/hp-655-wireless-mistastatura\/","title":{"rendered":"HP 655 Wireless Mi\u0161+Tastatura"},"content":{"rendered":"<p data-start=\"51\" data-end=\"266\"><strong data-start=\"51\" data-end=\"76\">HP 655 Wireless Combo<\/strong> je <strong data-start=\"80\" data-end=\"112\">be\u017ei\u010dni set tastature i mi\u0161a<\/strong> koji pru\u017ea prakti\u010dan i pouzdan ulazni ure\u0111aj za ra\u010dunare s USB-A priklju\u010dkom \u2014 idealan za ku\u0107nu i uredsku upotrebu.<\/p>\n<ul data-start=\"268\" data-end=\"956\">\n<li data-start=\"268\" data-end=\"443\">\n<p data-start=\"270\" data-end=\"443\">Set uklju\u010duje <strong data-start=\"284\" data-end=\"320\">be\u017ei\u010dnu punog-veli\u010dinu tastaturu<\/strong> i <strong data-start=\"323\" data-end=\"337\">opt\u010dki mi\u0161<\/strong> koji koriste <strong data-start=\"351\" data-end=\"373\">2.4 GHz USB dongle<\/strong> za stabilnu vezu bez kablova.<\/p>\n<\/li>\n<li data-start=\"444\" data-end=\"631\">\n<p data-start=\"446\" data-end=\"631\">Tastatura ima <strong data-start=\"460\" data-end=\"488\">20+ programabilnih tipki<\/strong> i standardni raspored, dok mi\u0161 nudi <strong data-start=\"525\" data-end=\"558\">precizno pra\u0107enje do 4000 DPI<\/strong> i <strong data-start=\"561\" data-end=\"572\">3 tipke<\/strong> (2 programabilne).<\/p>\n<\/li>\n<li data-start=\"632\" data-end=\"777\">\n<p data-start=\"634\" data-end=\"777\"><strong data-start=\"634\" data-end=\"656\">Dug vijek baterije<\/strong>: do oko <strong data-start=\"665\" data-end=\"692\">20 mjeseci za tastaturu<\/strong> i <strong data-start=\"695\" data-end=\"716\">24 mjeseca za mi\u0161<\/strong> (ovisno o upotrebi).<\/p>\n<\/li>\n<li data-start=\"778\" data-end=\"956\">\n<p data-start=\"780\" data-end=\"956\">Kombo je jednostavan za kori\u0161tenje (plug-and-play), udoban i funkcionalan za svakodnevne zadatke poput tipkanja, surfanja i uredskog rada.<\/p>\n<\/li>\n<\/ul>\n","protected":false},"excerpt":{"rendered":"<p>HP 655 Wireless Combo je be\u017ei\u010dni set tastature i mi\u0161a koji pru\u017ea prakti\u010dan i pouzdan ulazni ure\u0111aj za ra\u010dunare s USB-A priklju\u010dkom \u2014 idealan za ku\u0107nu i uredsku upotrebu. Set uklju\u010duje be\u017ei\u010dnu punog-veli\u010dinu tastaturu i opt\u010dki mi\u0161 koji koriste 2.4 GHz USB dongle za stabilnu vezu bez kablova. Tastatura ima 20+ programabilnih tipki i standardni [&hellip;]<\/p>\n","protected":false},"featured_media":51112,"template":"","meta":[],"product_cat":[564,847,506],"product_tag":[],"class_list":{"0":"post-51111","1":"product","2":"type-product","3":"status-publish","4":"has-post-thumbnail","6":"product_cat-brend-hp","7":"product_cat-periferija","8":"product_cat-ct-tastature","9":"pa_brend-tastature","11":"first","12":"instock","13":"shipping-taxable","14":"purchasable","15":"product-type-simple"},"_links":{"self":[{"href":"https:\/\/techstore.ba\/shop\/wp-json\/wp\/v2\/product\/51111","targetHints":{"allow":["GET"]}}],"collection":[{"href":"https:\/\/techstore.ba\/shop\/wp-json\/wp\/v2\/product"}],"about":[{"href":"https:\/\/techstore.ba\/shop\/wp-json\/wp\/v2\/types\/product"}],"wp:featuredmedia":[{"embeddable":true,"href":"https:\/\/techstore.ba\/shop\/wp-json\/wp\/v2\/media\/51112"}],"wp:attachment":[{"href":"https:\/\/techstore.ba\/shop\/wp-json\/wp\/v2\/media?parent=51111"}],"wp:term":[{"taxonomy":"product_cat","embeddable":true,"href":"https:\/\/techstore.ba\/shop\/wp-json\/wp\/v2\/product_cat?post=51111"},{"taxonomy":"product_tag","embeddable":true,"href":"https:\/\/techstore.ba\/shop\/wp-json\/wp\/v2\/product_tag?post=51111"}],"curies":[{"name":"wp","href":"https:\/\/api.w.org\/{rel}","templated":true}]}}