{"id":51098,"date":"2026-02-12T13:27:58","date_gmt":"2026-02-12T12:27:58","guid":{"rendered":"https:\/\/techstore.ba\/shop\/?post_type=product&#038;p=51098"},"modified":"2026-02-17T13:13:41","modified_gmt":"2026-02-17T12:13:41","slug":"okade-t60-torba-za-laptop","status":"publish","type":"product","link":"https:\/\/techstore.ba\/shop\/product\/okade-t60-torba-za-laptop\/","title":{"rendered":"OKADE T60 Torba za Laptop"},"content":{"rendered":"<p><strong data-start=\"29\" data-end=\"70\"><span class=\"\" data-state=\"closed\"><span class=\"hover:entity-accent entity-underline inline cursor-pointer align-baseline\"><span class=\"whitespace-normal\">OKADE Torba za Notebook T60 15,6&#8221; <\/span><\/span><\/span><\/strong>je <strong data-start=\"74\" data-end=\"93\">torba za laptop<\/strong> dizajnirana za prijenosnike do <strong data-start=\"125\" data-end=\"134\">15,6\u2033<\/strong> dijagonale. Namijenjena je svakodnevnoj upotrebi \u2014 posao, \u0161kola ili putovanja \u2014 i ima <strong data-start=\"221\" data-end=\"254\">remen za no\u0161enje preko ramena<\/strong> koji omogu\u0107ava lak transport ure\u0111aja i dodatne opreme.<\/p>\n","protected":false},"excerpt":{"rendered":"<p>OKADE Torba za Notebook T60 15,6&#8221; je torba za laptop dizajnirana za prijenosnike do 15,6\u2033 dijagonale. Namijenjena je svakodnevnoj upotrebi \u2014 posao, \u0161kola ili putovanja \u2014 i ima remen za no\u0161enje preko ramena koji omogu\u0107ava lak transport ure\u0111aja i dodatne opreme.<\/p>\n","protected":false},"featured_media":51099,"template":"","meta":[],"product_cat":[740],"product_tag":[],"class_list":{"0":"post-51098","1":"product","2":"type-product","3":"status-publish","4":"has-post-thumbnail","6":"product_cat-ruksaci-i-torbe","7":"pa_brend-ruksaci-i-torbe","9":"first","10":"instock","11":"shipping-taxable","12":"purchasable","13":"product-type-simple"},"_links":{"self":[{"href":"https:\/\/techstore.ba\/shop\/wp-json\/wp\/v2\/product\/51098","targetHints":{"allow":["GET"]}}],"collection":[{"href":"https:\/\/techstore.ba\/shop\/wp-json\/wp\/v2\/product"}],"about":[{"href":"https:\/\/techstore.ba\/shop\/wp-json\/wp\/v2\/types\/product"}],"wp:featuredmedia":[{"embeddable":true,"href":"https:\/\/techstore.ba\/shop\/wp-json\/wp\/v2\/media\/51099"}],"wp:attachment":[{"href":"https:\/\/techstore.ba\/shop\/wp-json\/wp\/v2\/media?parent=51098"}],"wp:term":[{"taxonomy":"product_cat","embeddable":true,"href":"https:\/\/techstore.ba\/shop\/wp-json\/wp\/v2\/product_cat?post=51098"},{"taxonomy":"product_tag","embeddable":true,"href":"https:\/\/techstore.ba\/shop\/wp-json\/wp\/v2\/product_tag?post=51098"}],"curies":[{"name":"wp","href":"https:\/\/api.w.org\/{rel}","templated":true}]}}