{"id":51094,"date":"2026-02-12T13:03:53","date_gmt":"2026-02-12T12:03:53","guid":{"rendered":"https:\/\/techstore.ba\/shop\/?post_type=product&#038;p=51094"},"modified":"2026-02-17T13:14:09","modified_gmt":"2026-02-17T12:14:09","slug":"borg-ruksak-s211-crni","status":"publish","type":"product","link":"https:\/\/techstore.ba\/shop\/product\/borg-ruksak-s211-crni\/","title":{"rendered":"BORG Ruksak S211 Crni"},"content":{"rendered":"<p>Crni <strong data-start=\"481\" data-end=\"501\">BORG ruksak S211<\/strong> je <strong data-start=\"505\" data-end=\"538\">prakti\u010dan i vodootporan ranac<\/strong> dizajniran za svakodnevno no\u0161enje \u2014 uklju\u010duju\u0107i laptop do oko 15,6\u2033 (ovisno o modelu). Napravljen je od izdr\u017eljivog materijala u crnoj boji, ima <strong data-start=\"684\" data-end=\"707\">podesive naramenice<\/strong> za udobnost, <strong data-start=\"721\" data-end=\"740\">glavni pretinac<\/strong> za tehniku i dodatne stvari, kao i <strong data-start=\"776\" data-end=\"802\">d\u017eepove sa zatvara\u010dima<\/strong> za organizaciju sitnica. Idealan je za posao, \u0161kolu ili putovanja, pru\u017eaju\u0107i za\u0161titu i funkcionalnost u urbanom okru\u017eenju.<\/p>\n","protected":false},"excerpt":{"rendered":"<p>Crni BORG ruksak S211 je prakti\u010dan i vodootporan ranac dizajniran za svakodnevno no\u0161enje \u2014 uklju\u010duju\u0107i laptop do oko 15,6\u2033 (ovisno o modelu). Napravljen je od izdr\u017eljivog materijala u crnoj boji, ima podesive naramenice za udobnost, glavni pretinac za tehniku i dodatne stvari, kao i d\u017eepove sa zatvara\u010dima za organizaciju sitnica. Idealan je za posao, \u0161kolu [&hellip;]<\/p>\n","protected":false},"featured_media":51095,"template":"","meta":[],"product_cat":[740],"product_tag":[],"class_list":{"0":"post-51094","1":"product","2":"type-product","3":"status-publish","4":"has-post-thumbnail","6":"product_cat-ruksaci-i-torbe","7":"pa_brend-ruksaci-i-torbe","9":"first","10":"instock","11":"shipping-taxable","12":"purchasable","13":"product-type-simple"},"_links":{"self":[{"href":"https:\/\/techstore.ba\/shop\/wp-json\/wp\/v2\/product\/51094","targetHints":{"allow":["GET"]}}],"collection":[{"href":"https:\/\/techstore.ba\/shop\/wp-json\/wp\/v2\/product"}],"about":[{"href":"https:\/\/techstore.ba\/shop\/wp-json\/wp\/v2\/types\/product"}],"wp:featuredmedia":[{"embeddable":true,"href":"https:\/\/techstore.ba\/shop\/wp-json\/wp\/v2\/media\/51095"}],"wp:attachment":[{"href":"https:\/\/techstore.ba\/shop\/wp-json\/wp\/v2\/media?parent=51094"}],"wp:term":[{"taxonomy":"product_cat","embeddable":true,"href":"https:\/\/techstore.ba\/shop\/wp-json\/wp\/v2\/product_cat?post=51094"},{"taxonomy":"product_tag","embeddable":true,"href":"https:\/\/techstore.ba\/shop\/wp-json\/wp\/v2\/product_tag?post=51094"}],"curies":[{"name":"wp","href":"https:\/\/api.w.org\/{rel}","templated":true}]}}