{"id":51068,"date":"2026-02-11T21:14:19","date_gmt":"2026-02-11T20:14:19","guid":{"rendered":"https:\/\/techstore.ba\/shop\/product\/trust-gxt-488-forze-b-zicanegaming-slusalice-ps4-i-ps53-5-mm-plave\/"},"modified":"2026-04-04T11:44:55","modified_gmt":"2026-04-04T09:44:55","slug":"trust-gxt-488-forze-b-zicanegaming-slusalice-ps4-i-ps53-5-mm-plave","status":"publish","type":"product","link":"https:\/\/techstore.ba\/shop\/product\/trust-gxt-488-forze-b-zicanegaming-slusalice-ps4-i-ps53-5-mm-plave\/","title":{"rendered":"Trust GXT 488 Forze-B \u017ei\u010danegaming slu\u0161alice, PS4 i PS5,3.5 mm, plave"},"content":{"rendered":"","protected":false},"excerpt":{"rendered":"<p>Trust GXT488 Forze-B PS4 Gaming slu\u0161alice, 23532. PlayStation official licensed product. 3.5 mm konektor, du\u017eina kabla 1,2m. Kompaktibilne sa PS4 Slim, PS4 Pro, PS4 Original, PS4 konzolama. Boja plava<\/p>\n","protected":false},"featured_media":51069,"template":"","meta":[],"product_cat":[353,847,471,852,553],"product_tag":[],"class_list":{"0":"post-51068","1":"product","2":"type-product","3":"status-publish","4":"has-post-thumbnail","6":"product_cat-ct-joystick","7":"product_cat-periferija","8":"product_cat-ct-slusalice","9":"product_cat-slusalice-za-pc","10":"product_cat-brend-trust","11":"pa_brend-periferija","13":"first","14":"instock","15":"shipping-taxable","16":"purchasable","17":"product-type-simple"},"_links":{"self":[{"href":"https:\/\/techstore.ba\/shop\/wp-json\/wp\/v2\/product\/51068","targetHints":{"allow":["GET"]}}],"collection":[{"href":"https:\/\/techstore.ba\/shop\/wp-json\/wp\/v2\/product"}],"about":[{"href":"https:\/\/techstore.ba\/shop\/wp-json\/wp\/v2\/types\/product"}],"wp:featuredmedia":[{"embeddable":true,"href":"https:\/\/techstore.ba\/shop\/wp-json\/wp\/v2\/media\/51069"}],"wp:attachment":[{"href":"https:\/\/techstore.ba\/shop\/wp-json\/wp\/v2\/media?parent=51068"}],"wp:term":[{"taxonomy":"product_cat","embeddable":true,"href":"https:\/\/techstore.ba\/shop\/wp-json\/wp\/v2\/product_cat?post=51068"},{"taxonomy":"product_tag","embeddable":true,"href":"https:\/\/techstore.ba\/shop\/wp-json\/wp\/v2\/product_tag?post=51068"}],"curies":[{"name":"wp","href":"https:\/\/api.w.org\/{rel}","templated":true}]}}