{"id":51064,"date":"2026-02-11T21:14:14","date_gmt":"2026-02-11T20:14:14","guid":{"rendered":"https:\/\/techstore.ba\/shop\/product\/trust-gxt488-ps4-slusalicezicane-crne-forze\/"},"modified":"2026-04-04T11:44:55","modified_gmt":"2026-04-04T09:44:55","slug":"trust-gxt488-ps4-slusalicezicane-crne-forze","status":"publish","type":"product","link":"https:\/\/techstore.ba\/shop\/product\/trust-gxt488-ps4-slusalicezicane-crne-forze\/","title":{"rendered":"Trust GXT488 PS4 slu\u0161alice\u017ei\u010dane crne Forze"},"content":{"rendered":"","protected":false},"excerpt":{"rendered":"<p>Trust GXT 488 Forze PS4 \u017ei\u010dane Gaming slu\u0161alice, 23530. PlayStation official licensed product. 3.5 mm konektor, du\u017eina kabla 1,2m. Kompaktibilne sa PS4 Slim, PS4 Pro, PS4 Original, PS4 konzolama. Boja crna<\/p>\n","protected":false},"featured_media":51065,"template":"","meta":[],"product_cat":[353,847,471,852,553],"product_tag":[],"class_list":{"0":"post-51064","1":"product","2":"type-product","3":"status-publish","4":"has-post-thumbnail","6":"product_cat-ct-joystick","7":"product_cat-periferija","8":"product_cat-ct-slusalice","9":"product_cat-slusalice-za-pc","10":"product_cat-brend-trust","11":"pa_brend-periferija","13":"first","14":"instock","15":"shipping-taxable","16":"purchasable","17":"product-type-simple"},"_links":{"self":[{"href":"https:\/\/techstore.ba\/shop\/wp-json\/wp\/v2\/product\/51064","targetHints":{"allow":["GET"]}}],"collection":[{"href":"https:\/\/techstore.ba\/shop\/wp-json\/wp\/v2\/product"}],"about":[{"href":"https:\/\/techstore.ba\/shop\/wp-json\/wp\/v2\/types\/product"}],"wp:featuredmedia":[{"embeddable":true,"href":"https:\/\/techstore.ba\/shop\/wp-json\/wp\/v2\/media\/51065"}],"wp:attachment":[{"href":"https:\/\/techstore.ba\/shop\/wp-json\/wp\/v2\/media?parent=51064"}],"wp:term":[{"taxonomy":"product_cat","embeddable":true,"href":"https:\/\/techstore.ba\/shop\/wp-json\/wp\/v2\/product_cat?post=51064"},{"taxonomy":"product_tag","embeddable":true,"href":"https:\/\/techstore.ba\/shop\/wp-json\/wp\/v2\/product_tag?post=51064"}],"curies":[{"name":"wp","href":"https:\/\/api.w.org\/{rel}","templated":true}]}}