{"id":51033,"date":"2026-02-11T20:59:49","date_gmt":"2026-02-11T19:59:49","guid":{"rendered":"https:\/\/techstore.ba\/shop\/product\/trust-podloga-za-mis-mvelicina-glatka-saprotukliznim-dnom-crna-boja\/"},"modified":"2026-04-04T11:20:11","modified_gmt":"2026-04-04T09:20:11","slug":"trust-podloga-za-mis-mvelicina-glatka-saprotukliznim-dnom-crna-boja","status":"publish","type":"product","link":"https:\/\/techstore.ba\/shop\/product\/trust-podloga-za-mis-mvelicina-glatka-saprotukliznim-dnom-crna-boja\/","title":{"rendered":"Trust podloga za mi\u0161, Mveli\u010dina, glatka saprotukliznim dnom, crna boja"},"content":{"rendered":"","protected":false},"excerpt":{"rendered":"<p>Trust podloga za mi\u0161, M veli\u010dina, glatka podloga s protukliznim dnom, pogodna za sve mi\u0161eve, crna boja<\/p>\n","protected":false},"featured_media":51034,"template":"","meta":[],"product_cat":[379,553],"product_tag":[],"class_list":{"0":"post-51033","1":"product","2":"type-product","3":"status-publish","4":"has-post-thumbnail","6":"product_cat-ct-mispodloga","7":"product_cat-brend-trust","8":"pa_brend-podloge-za-miseve","10":"first","11":"instock","12":"shipping-taxable","13":"purchasable","14":"product-type-simple"},"_links":{"self":[{"href":"https:\/\/techstore.ba\/shop\/wp-json\/wp\/v2\/product\/51033","targetHints":{"allow":["GET"]}}],"collection":[{"href":"https:\/\/techstore.ba\/shop\/wp-json\/wp\/v2\/product"}],"about":[{"href":"https:\/\/techstore.ba\/shop\/wp-json\/wp\/v2\/types\/product"}],"wp:featuredmedia":[{"embeddable":true,"href":"https:\/\/techstore.ba\/shop\/wp-json\/wp\/v2\/media\/51034"}],"wp:attachment":[{"href":"https:\/\/techstore.ba\/shop\/wp-json\/wp\/v2\/media?parent=51033"}],"wp:term":[{"taxonomy":"product_cat","embeddable":true,"href":"https:\/\/techstore.ba\/shop\/wp-json\/wp\/v2\/product_cat?post=51033"},{"taxonomy":"product_tag","embeddable":true,"href":"https:\/\/techstore.ba\/shop\/wp-json\/wp\/v2\/product_tag?post=51033"}],"curies":[{"name":"wp","href":"https:\/\/api.w.org\/{rel}","templated":true}]}}