{"id":51022,"date":"2026-02-11T20:59:30","date_gmt":"2026-02-11T19:59:30","guid":{"rendered":"https:\/\/techstore.ba\/shop\/product\/trust-gxt928-helox-rgb-gamingmis-ultra-lagan-6400-dpizicani-crni\/"},"modified":"2026-04-04T11:18:38","modified_gmt":"2026-04-04T09:18:38","slug":"trust-gxt928-helox-rgb-gamingmis-ultra-lagan-6400-dpizicani-crni","status":"publish","type":"product","link":"https:\/\/techstore.ba\/shop\/product\/trust-gxt928-helox-rgb-gamingmis-ultra-lagan-6400-dpizicani-crni\/","title":{"rendered":"Trust GXT928 Helox RGB gamingmi\u0161, ultra lagan, 6400 dpi,\u017ei\u010dani, crni"},"content":{"rendered":"","protected":false},"excerpt":{"rendered":"<p>Trust GXT928 Helox ultra lagani RGB gaming mi\u0161, 200-6400 dpi, opti\u010dki, 6 tipki, \u017ei\u010dani, USB-A, crni<\/p>\n","protected":false},"featured_media":51023,"template":"","meta":[],"product_cat":[1016,1015,378,847,553],"product_tag":[],"class_list":{"0":"post-51022","1":"product","2":"type-product","3":"status-publish","4":"has-post-thumbnail","6":"product_cat-gaming-misevi","7":"product_cat-gaming-periferija","8":"product_cat-ct-misevi","9":"product_cat-periferija","10":"product_cat-brend-trust","11":"pa_brend-misevi","13":"first","14":"outofstock","15":"shipping-taxable","16":"purchasable","17":"product-type-simple"},"_links":{"self":[{"href":"https:\/\/techstore.ba\/shop\/wp-json\/wp\/v2\/product\/51022","targetHints":{"allow":["GET"]}}],"collection":[{"href":"https:\/\/techstore.ba\/shop\/wp-json\/wp\/v2\/product"}],"about":[{"href":"https:\/\/techstore.ba\/shop\/wp-json\/wp\/v2\/types\/product"}],"wp:featuredmedia":[{"embeddable":true,"href":"https:\/\/techstore.ba\/shop\/wp-json\/wp\/v2\/media\/51023"}],"wp:attachment":[{"href":"https:\/\/techstore.ba\/shop\/wp-json\/wp\/v2\/media?parent=51022"}],"wp:term":[{"taxonomy":"product_cat","embeddable":true,"href":"https:\/\/techstore.ba\/shop\/wp-json\/wp\/v2\/product_cat?post=51022"},{"taxonomy":"product_tag","embeddable":true,"href":"https:\/\/techstore.ba\/shop\/wp-json\/wp\/v2\/product_tag?post=51022"}],"curies":[{"name":"wp","href":"https:\/\/api.w.org\/{rel}","templated":true}]}}