{"id":51019,"date":"2026-02-11T20:59:28","date_gmt":"2026-02-11T19:59:28","guid":{"rendered":"https:\/\/techstore.ba\/shop\/product\/trust-basi-zicani-mis\/"},"modified":"2026-04-04T11:18:37","modified_gmt":"2026-04-04T09:18:37","slug":"trust-basi-zicani-mis","status":"publish","type":"product","link":"https:\/\/techstore.ba\/shop\/product\/trust-basi-zicani-mis\/","title":{"rendered":"Trust Basi \u017ei\u010dani mi\u0161"},"content":{"rendered":"<h3>Specifikacije<\/h3>\n<table style=\"border-collapse:collapse;width:100%\">\n<tr>\n<th style=\"text-align:left;padding:6px 10px;border:1px solid #eee\">CABLE_MOUSE<\/th>\n<td style=\"padding:6px 10px;border:1px solid #eee\">1,5m<\/td>\n<\/tr>\n<tr>\n<th style=\"text-align:left;padding:6px 10px;border:1px solid #eee\">CONN_MOUSE<\/th>\n<td style=\"padding:6px 10px;border:1px solid #eee\">\u017di\u010dni<\/td>\n<\/tr>\n<tr>\n<th style=\"text-align:left;padding:6px 10px;border:1px solid #eee\">DPI_MOUSE<\/th>\n<td style=\"padding:6px 10px;border:1px solid #eee\">1200<\/td>\n<\/tr>\n<tr>\n<th style=\"text-align:left;padding:6px 10px;border:1px solid #eee\">NOBUTT_MOUSE<\/th>\n<td style=\"padding:6px 10px;border:1px solid #eee\">3<\/td>\n<\/tr>\n<tr>\n<th style=\"text-align:left;padding:6px 10px;border:1px solid #eee\">TYPESEN_MOUSE<\/th>\n<td style=\"padding:6px 10px;border:1px solid #eee\">Opti\u010dki<\/td>\n<\/tr>\n<\/table>\n","protected":false},"excerpt":{"rendered":"<p>Trust Basi \u017ei\u010dani mi\u0161, 3 tipke, kompaktan za obje ruke, 1200 DPI, USB 2.0, 1.6m<\/p>\n","protected":false},"featured_media":51020,"template":"","meta":[],"product_cat":[378,847,553],"product_tag":[],"class_list":{"0":"post-51019","1":"product","2":"type-product","3":"status-publish","4":"has-post-thumbnail","6":"product_cat-ct-misevi","7":"product_cat-periferija","8":"product_cat-brend-trust","9":"pa_brend-misevi","11":"first","12":"instock","13":"shipping-taxable","14":"purchasable","15":"product-type-simple"},"_links":{"self":[{"href":"https:\/\/techstore.ba\/shop\/wp-json\/wp\/v2\/product\/51019","targetHints":{"allow":["GET"]}}],"collection":[{"href":"https:\/\/techstore.ba\/shop\/wp-json\/wp\/v2\/product"}],"about":[{"href":"https:\/\/techstore.ba\/shop\/wp-json\/wp\/v2\/types\/product"}],"wp:featuredmedia":[{"embeddable":true,"href":"https:\/\/techstore.ba\/shop\/wp-json\/wp\/v2\/media\/51020"}],"wp:attachment":[{"href":"https:\/\/techstore.ba\/shop\/wp-json\/wp\/v2\/media?parent=51019"}],"wp:term":[{"taxonomy":"product_cat","embeddable":true,"href":"https:\/\/techstore.ba\/shop\/wp-json\/wp\/v2\/product_cat?post=51019"},{"taxonomy":"product_tag","embeddable":true,"href":"https:\/\/techstore.ba\/shop\/wp-json\/wp\/v2\/product_tag?post=51019"}],"curies":[{"name":"wp","href":"https:\/\/api.w.org\/{rel}","templated":true}]}}