{"id":50977,"date":"2026-02-11T20:52:56","date_gmt":"2026-02-11T19:52:56","guid":{"rendered":"https:\/\/techstore.ba\/shop\/product\/trust-gxt1120-nosac-monitora-mara\/"},"modified":"2026-04-04T11:04:55","modified_gmt":"2026-04-04T09:04:55","slug":"trust-gxt1120-nosac-monitora-mara","status":"publish","type":"product","link":"https:\/\/techstore.ba\/shop\/product\/trust-gxt1120-nosac-monitora-mara\/","title":{"rendered":"Trust GXT1120 nosa\u010d monitora MARA"},"content":{"rendered":"","protected":false},"excerpt":{"rendered":"<p>Trust GXT 1120 MARA dual nosa\u010d monitora, stolni, za maksimalnu fleksibilnost i upotpunjen gaming do\u017eivljaj.<\/p>\n","protected":false},"featured_media":50978,"template":"","meta":[],"product_cat":[336,337,553],"product_tag":[],"class_list":{"0":"post-50977","1":"product","2":"type-product","3":"status-publish","4":"has-post-thumbnail","6":"product_cat-ct-gamingacc","7":"product_cat-ct-gamstolica","8":"product_cat-brend-trust","9":"pa_brend-gaming-accessories","11":"first","12":"instock","13":"shipping-taxable","14":"purchasable","15":"product-type-simple"},"_links":{"self":[{"href":"https:\/\/techstore.ba\/shop\/wp-json\/wp\/v2\/product\/50977","targetHints":{"allow":["GET"]}}],"collection":[{"href":"https:\/\/techstore.ba\/shop\/wp-json\/wp\/v2\/product"}],"about":[{"href":"https:\/\/techstore.ba\/shop\/wp-json\/wp\/v2\/types\/product"}],"wp:featuredmedia":[{"embeddable":true,"href":"https:\/\/techstore.ba\/shop\/wp-json\/wp\/v2\/media\/50978"}],"wp:attachment":[{"href":"https:\/\/techstore.ba\/shop\/wp-json\/wp\/v2\/media?parent=50977"}],"wp:term":[{"taxonomy":"product_cat","embeddable":true,"href":"https:\/\/techstore.ba\/shop\/wp-json\/wp\/v2\/product_cat?post=50977"},{"taxonomy":"product_tag","embeddable":true,"href":"https:\/\/techstore.ba\/shop\/wp-json\/wp\/v2\/product_tag?post=50977"}],"curies":[{"name":"wp","href":"https:\/\/api.w.org\/{rel}","templated":true}]}}