{"id":50967,"date":"2026-02-11T20:35:50","date_gmt":"2026-02-11T19:35:50","guid":{"rendered":"https:\/\/techstore.ba\/shop\/?post_type=product&#038;p=50967"},"modified":"2026-02-17T13:16:24","modified_gmt":"2026-02-17T12:16:24","slug":"redragon-suzuki-podloga-za-mis-ex","status":"publish","type":"product","link":"https:\/\/techstore.ba\/shop\/product\/redragon-suzuki-podloga-za-mis-ex\/","title":{"rendered":"REDRAGON SUZUKI PODLOGA ZA MI\u0160 EX"},"content":{"rendered":"<p>Redragon Suzuki je kvalitetna podloga za mi\u0161 namijenjena korisnicima koji \u017eele pouzdanu kontrolu i dugotrajnu izdr\u017eljivost Glatka tekstilna povr\u0161ina omogu\u0107ava precizno pra\u0107enje pokreta i brzo reagovanje \u0161to je idealno za gejming ali i svakodnevni rad na ra\u010dunaru<\/p>\n<p>Protuklizna gumirana baza osigurava da podloga ostane stabilna na stolu \u010dak i tokom intenzivnih pokreta mi\u0161em Kompaktne dimenzije pru\u017eaju dovoljno prostora za kontrolu bez zauzimanja previ\u0161e mjesta na radnoj povr\u0161ini<\/p>\n<p>Oja\u010dani rubovi \u0161tite podlogu od habanja i sprje\u010davaju odvajanje materijala tokom vremena Fleksibilna konstrukcija omogu\u0107ava jednostavno savijanje i transport \u0161to je prakti\u010dno za kori\u0161tenje kod ku\u0107e u kancelariji ili na turnirima<\/p>\n<p>Podloga je kompatibilna sa svim vrstama opti\u010dkih i laserskih mi\u0161eva te pru\u017ea pouzdanu i stabilnu osnovu za precizan rad Redragon Suzuki predstavlja odli\u010dan izbor za korisnike koji tra\u017ee balans izme\u0111u funkcionalnosti kvaliteta i modernog izgleda u svom gejming setupu<\/p>\n","protected":false},"excerpt":{"rendered":"<p>Glatka tekstilna povr\u0161ina optimizovana za precizno i brzo kretanje mi\u0161a<br \/>\nProtuklizna gumirana baza koja osigurava stabilnost tokom kori\u0161tenja<br \/>\nKompaktne dimenzije idealne za radni sto i gejming setup<br \/>\nOja\u010dani rubovi koji spre\u010davaju habanje i produ\u017eavaju vijek trajanja<br \/>\nFleksibilan i lagan dizajn pogodan za lako preno\u0161enje<br \/>\nKompatibilna sa svim opti\u010dkim i laserskim mi\u0161evima<br \/>\nModeran Redragon dizajn koji se uklapa u svaki gejming ambijent<\/p>\n","protected":false},"featured_media":50968,"template":"","meta":[],"product_cat":[847,379],"product_tag":[],"class_list":{"0":"post-50967","1":"product","2":"type-product","3":"status-publish","4":"has-post-thumbnail","6":"product_brand-redragon","7":"product_cat-periferija","8":"product_cat-ct-mispodloga","9":"pa_brend-redragon","11":"first","12":"instock","13":"shipping-taxable","14":"purchasable","15":"product-type-simple"},"_links":{"self":[{"href":"https:\/\/techstore.ba\/shop\/wp-json\/wp\/v2\/product\/50967","targetHints":{"allow":["GET"]}}],"collection":[{"href":"https:\/\/techstore.ba\/shop\/wp-json\/wp\/v2\/product"}],"about":[{"href":"https:\/\/techstore.ba\/shop\/wp-json\/wp\/v2\/types\/product"}],"wp:featuredmedia":[{"embeddable":true,"href":"https:\/\/techstore.ba\/shop\/wp-json\/wp\/v2\/media\/50968"}],"wp:attachment":[{"href":"https:\/\/techstore.ba\/shop\/wp-json\/wp\/v2\/media?parent=50967"}],"wp:term":[{"taxonomy":"product_cat","embeddable":true,"href":"https:\/\/techstore.ba\/shop\/wp-json\/wp\/v2\/product_cat?post=50967"},{"taxonomy":"product_tag","embeddable":true,"href":"https:\/\/techstore.ba\/shop\/wp-json\/wp\/v2\/product_tag?post=50967"}],"curies":[{"name":"wp","href":"https:\/\/api.w.org\/{rel}","templated":true}]}}