{"id":50960,"date":"2026-02-11T20:20:40","date_gmt":"2026-02-11T19:20:40","guid":{"rendered":"https:\/\/techstore.ba\/shop\/?post_type=product&#038;p=50960"},"modified":"2026-02-17T13:17:01","modified_gmt":"2026-02-17T12:17:01","slug":"ms-tetris-s350-podloga-za-mis","status":"publish","type":"product","link":"https:\/\/techstore.ba\/shop\/product\/ms-tetris-s350-podloga-za-mis\/","title":{"rendered":"MS TETRIS S350 PODLOGA ZA MI\u0160"},"content":{"rendered":"<p>MS TETRIS S350 je kvalitetna podloga za mi\u0161 dizajnirana za igra\u010de i korisnike koji tra\u017ee preciznost i udobnost tokom rada ili igranja Povr\u0161ina od tkanog materijala omogu\u0107ava glatko kretanje mi\u0161a i precizno pra\u0107enje pokreta \u0161to je idealno za FPS i strategijske igre<\/p>\n<p>Gumirana donja strana dr\u017ei podlogu stabilno na stolu spre\u010davaju\u0107i ne\u017eeljeno klizanje \u010dak i tokom intenzivnih gejming sesija Dimenzije 350 x 250 mm pru\u017eaju dovoljno prostora za slobodno kretanje mi\u0161a bez ograni\u010denja<\/p>\n<p>Oja\u010dani rubovi podloge \u0161tite je od habanja i poderanja \u010dime se produ\u017eava njena dugotrajnost Lagana i fleksibilna konstrukcija omogu\u0107ava jednostavno savijanje i transport \u0161to je prakti\u010dno za kori\u0161tenje kod ku\u0107e ili na turnirima<\/p>\n<p>Podloga je kompatibilna sa svim vrstama opti\u010dkih i laserskih mi\u0161eva, a moderan Tetris dizajn dodaje vizualni \u0161arm i osvje\u017eava svaki gejming setup MS TETRIS S350 predstavlja idealan balans izme\u0111u funkcionalnosti i estetike pru\u017eaju\u0107i pouzdanu i dugotrajnu podr\u0161ku za svakodnevno kori\u0161tenje<\/p>\n<p>&nbsp;<\/p>\n","protected":false},"excerpt":{"rendered":"<p>Povr\u0161ina od kvalitetnog tkanog materijala za precizno pra\u0107enje pokreta mi\u0161a<br \/>\nGumirana donja strana koja sprje\u010dava klizanje podloge po stolu<br \/>\nDimenzije 350 x 250 mm idealne za standardne i ve\u0107e gejming povr\u0161ine<br \/>\nOja\u010dani rubovi koji spre\u010davaju poderanje i habanje tokom vremena<br \/>\nLagana i fleksibilna konstrukcija pogodna za transport i skladi\u0161tenje<br \/>\nKompatibilna sa svim vrstama opti\u010dkih i laserskih mi\u0161eva<br \/>\nModerni dizajn sa Tetris motivom koji osvje\u017eava gejming setup<\/p>\n","protected":false},"featured_media":50961,"template":"","meta":[],"product_cat":[847,379],"product_tag":[],"class_list":{"0":"post-50960","1":"product","2":"type-product","3":"status-publish","4":"has-post-thumbnail","6":"product_brand-ms","7":"product_cat-periferija","8":"product_cat-ct-mispodloga","9":"pa_brend-ms","11":"first","12":"instock","13":"shipping-taxable","14":"purchasable","15":"product-type-simple"},"_links":{"self":[{"href":"https:\/\/techstore.ba\/shop\/wp-json\/wp\/v2\/product\/50960","targetHints":{"allow":["GET"]}}],"collection":[{"href":"https:\/\/techstore.ba\/shop\/wp-json\/wp\/v2\/product"}],"about":[{"href":"https:\/\/techstore.ba\/shop\/wp-json\/wp\/v2\/types\/product"}],"wp:featuredmedia":[{"embeddable":true,"href":"https:\/\/techstore.ba\/shop\/wp-json\/wp\/v2\/media\/50961"}],"wp:attachment":[{"href":"https:\/\/techstore.ba\/shop\/wp-json\/wp\/v2\/media?parent=50960"}],"wp:term":[{"taxonomy":"product_cat","embeddable":true,"href":"https:\/\/techstore.ba\/shop\/wp-json\/wp\/v2\/product_cat?post=50960"},{"taxonomy":"product_tag","embeddable":true,"href":"https:\/\/techstore.ba\/shop\/wp-json\/wp\/v2\/product_tag?post=50960"}],"curies":[{"name":"wp","href":"https:\/\/api.w.org\/{rel}","templated":true}]}}