{"id":50890,"date":"2026-02-11T16:42:48","date_gmt":"2026-02-11T15:42:48","guid":{"rendered":"https:\/\/techstore.ba\/shop\/?post_type=product&#038;p=50890"},"modified":"2026-02-11T16:42:48","modified_gmt":"2026-02-11T15:42:48","slug":"hp-laserjet-pro-mfp-3103fdn-3g631a","status":"publish","type":"product","link":"https:\/\/techstore.ba\/shop\/product\/hp-laserjet-pro-mfp-3103fdn-3g631a\/","title":{"rendered":"HP LASERJET PRO MFP 3103fdn, 3G631A"},"content":{"rendered":"<div class=\"Y3BBE\" data-sfc-cp=\"\" data-hveid=\"CAEIBxAA\" data-complete=\"true\" data-processed=\"true\"><strong class=\"Yjhzub\" data-complete=\"true\" data-processed=\"true\">HP LaserJet Pro MFP 3103fdn (3G631A): Va\u0161e Kompletno Rje\u0161enje za Profesionalni Ured<\/strong><button class=\"rBl3me\" tabindex=\"0\" data-amic=\"true\" data-icl-uuid=\"0017a924-12c0-41f9-8cae-68a9119d01ea\" aria-label=\"View related links\" data-wiz-attrbind=\"disabled=X0gYc_2c\/C5gNJc;aria-label=X0gYc_2c\/bOjMyf;class=X0gYc_2c\/UpSNec\" data-ved=\"2ahUKEwj5uP7G4tGSAxUu5AIHHdRAJwMQye0OegYIAQgHEAE\"><\/button><\/div>\n<div class=\"Y3BBE\" data-sfc-cp=\"\" data-hveid=\"CAEICBAA\" data-complete=\"true\" data-processed=\"true\">HP LaserJet Pro MFP 3103fdn je robustan i pouzdan 4-u-1 laserski multifunkcionalni ure\u0111aj dizajniran za dinami\u010dna poslovna okru\u017eenja koja zahtijevaju brzinu, efikasnost i napredne funkcije. Ovaj model je zna\u010dajna nadogradnja u odnosu na osnovne ku\u0107ne modele, nude\u0107i sveobuhvatan paket funkcija: printanje, skeniranje, kopiranje i faks, uz naglasak na mre\u017enoj povezanosti i automatizaciji.<button class=\"rBl3me\" tabindex=\"0\" data-amic=\"true\" data-icl-uuid=\"9406610e-96e1-46ea-9919-88b345076465\" aria-label=\"View related links\" data-wiz-attrbind=\"disabled=X0gYc_2g\/C5gNJc;aria-label=X0gYc_2g\/bOjMyf;class=X0gYc_2g\/UpSNec\" data-ved=\"2ahUKEwj5uP7G4tGSAxUu5AIHHdRAJwMQye0OegYIAQgIEAE\"><\/button><\/div>\n<div class=\"Y3BBE\" data-sfc-cp=\"\" data-hveid=\"CAEICRAA\" data-complete=\"true\" data-processed=\"true\"><strong class=\"Yjhzub\" data-complete=\"true\" data-processed=\"true\">Brzina i Efikasnost na Prvom Mjestu<\/strong><button class=\"rBl3me\" tabindex=\"0\" data-amic=\"true\" data-icl-uuid=\"0c9e70e5-985c-43f7-9486-3b397c584cf4\" aria-label=\"View related links\" data-wiz-attrbind=\"disabled=X0gYc_2l\/C5gNJc;aria-label=X0gYc_2l\/bOjMyf;class=X0gYc_2l\/UpSNec\" data-ved=\"2ahUKEwj5uP7G4tGSAxUu5AIHHdRAJwMQye0OegYIAQgJEAE\"><\/button><\/div>\n<div class=\"Y3BBE\" data-sfc-cp=\"\" data-hveid=\"CAEIChAA\" data-complete=\"true\" data-processed=\"true\">Sa impresivnom brzinom printanja do\u00a0<strong class=\"Yjhzub\" data-complete=\"true\" data-processed=\"true\">35 stranica u minuti<\/strong>\u00a0i kapacitetnom ladicom od 250 listova, 3103fdn s lako\u0107om rje\u0161ava velike obime posla. Klju\u010dna prednost za profesionalne korisnike je\u00a0<strong class=\"Yjhzub\" data-complete=\"true\" data-processed=\"true\">potpuni dupleks sistem<\/strong>: ne samo da automatski printa na obje strane papira, ve\u0107 i automatski skenira obostrane dokumente u jednom prolazu putem kapacitetnog ADF-a od 50 listova. Ovo drasti\u010dno \u0161tedi vrijeme prilikom digitalizacije ili kopiranja vi\u0161estranih ugovora.<button class=\"rBl3me\" tabindex=\"0\" data-amic=\"true\" data-icl-uuid=\"9faacfba-b75c-4644-84f5-ccef9edd825d\" aria-label=\"View related links\" data-wiz-attrbind=\"disabled=X0gYc_2r\/C5gNJc;aria-label=X0gYc_2r\/bOjMyf;class=X0gYc_2r\/UpSNec\" data-ved=\"2ahUKEwj5uP7G4tGSAxUu5AIHHdRAJwMQye0OegYIAQgKEAE\"><\/button><\/div>\n<div class=\"Y3BBE\" data-sfc-cp=\"\" data-hveid=\"CAEICxAA\" data-complete=\"true\" data-processed=\"true\"><strong class=\"Yjhzub\" data-complete=\"true\" data-processed=\"true\">Mre\u017ena Stabilnost i Sigurnost<\/strong><button class=\"rBl3me\" tabindex=\"0\" data-amic=\"true\" data-icl-uuid=\"4e96cd7c-6a73-49f1-9eb2-9f31553a048e\" aria-label=\"View related links\" data-wiz-attrbind=\"disabled=X0gYc_2w\/C5gNJc;aria-label=X0gYc_2w\/bOjMyf;class=X0gYc_2w\/UpSNec\" data-ved=\"2ahUKEwj5uP7G4tGSAxUu5AIHHdRAJwMQye0OegYIAQgLEAE\"><\/button><\/div>\n<div class=\"Y3BBE\" data-sfc-cp=\"\" data-hveid=\"CAEIDBAA\" data-complete=\"true\" data-processed=\"true\">Model 3103fdn je primarno mre\u017eni ure\u0111aj, opremljen\u00a0<strong class=\"Yjhzub\" data-complete=\"true\" data-processed=\"true\" aria-owns=\"action-menu-parent-container\">Gigabit Ethernet portom<\/strong>. Ova \u017ei\u010dana veza osigurava stabilnost i pouzdanost u dijeljenom uredskom okru\u017eenju, elimini\u0161u\u0107i prekide koji se ponekad mogu desiti sa be\u017ei\u010dnim mre\u017eama. Iako ne posjeduje ugra\u0111eni Wi-Fi, njegova mre\u017ena integracija omogu\u0107ava jednostavno mobilno printanje putem HP Smart aplikacije za sve korisnike povezane na istu mre\u017eu.<button class=\"rBl3me\" tabindex=\"0\" data-amic=\"true\" data-icl-uuid=\"47e610fa-313a-4109-a06b-d1eee080b44a\" aria-label=\"View related links\" data-wiz-attrbind=\"disabled=X0gYc_31\/C5gNJc;aria-label=X0gYc_31\/bOjMyf;class=X0gYc_31\/UpSNec\" data-ved=\"2ahUKEwj5uP7G4tGSAxUu5AIHHdRAJwMQye0OegYIAQgMEAE\"><\/button><\/div>\n<div class=\"Y3BBE\" data-sfc-cp=\"\" data-hveid=\"CAEIDRAA\" data-complete=\"true\" data-processed=\"true\">Kao dio HP Pro serije, ovaj ure\u0111aj dolazi sa ugra\u0111enom\u00a0<strong class=\"Yjhzub\" data-complete=\"true\" data-processed=\"true\">HP Wolf Pro Security<\/strong>\u00a0za\u0161titom, koja \u0161titi va\u0161e podatke i dokumente od sajber prijetnji od trenutka kada ga uklju\u010dite.<button class=\"rBl3me\" tabindex=\"0\" data-amic=\"true\" data-icl-uuid=\"b40b5d3d-7fe8-457e-ab6e-68072cb3ff6d\" aria-label=\"View related links\" data-wiz-attrbind=\"disabled=X0gYc_36\/C5gNJc;aria-label=X0gYc_36\/bOjMyf;class=X0gYc_36\/UpSNec\" data-ved=\"2ahUKEwj5uP7G4tGSAxUu5AIHHdRAJwMQye0OegYIAQgNEAE\"><\/button><\/div>\n<div class=\"Y3BBE\" data-sfc-cp=\"\" data-hveid=\"CAEIDhAA\" data-complete=\"true\" data-processed=\"true\"><strong class=\"Yjhzub\" data-complete=\"true\" data-processed=\"true\">Profesionalni Kvalitet Svaki Put<\/strong><button class=\"rBl3me\" tabindex=\"0\" data-amic=\"true\" data-icl-uuid=\"20fa2b31-94b7-4b6d-a827-b10490c8a116\" aria-label=\"View related links\" data-wiz-attrbind=\"disabled=X0gYc_3b\/C5gNJc;aria-label=X0gYc_3b\/bOjMyf;class=X0gYc_3b\/UpSNec\" data-ved=\"2ahUKEwj5uP7G4tGSAxUu5AIHHdRAJwMQye0OegYIAQgOEAE\"><\/button><\/div>\n<div class=\"Y3BBE\" data-sfc-cp=\"\" data-hveid=\"CAEIDxAA\" data-processed=\"true\" data-complete=\"true\">Ovaj ure\u0111aj isporu\u010duje o\u0161tar, \u010dist tekst i jasne slike pri rezoluciji od 1200&#215;1200 dpi. Koristi ekonomi\u010dne HP 145X High Yield tonere, osiguravaju\u0107i niske operativne tro\u0161kove i manje zastoja za zamjenu potro\u0161nog materijala. HP LaserJet Pro MFP 3103fdn je idealan izbor za mala i srednja preduze\u0107a koja tra\u017ee robusno, brzo i sigurno rje\u0161enje za upravljanje dokumentima.<button class=\"rBl3me\" tabindex=\"0\" data-amic=\"true\" data-icl-uuid=\"7a067826-8a2b-4dfc-a80b-6e4d8b2c79c3\" aria-label=\"View related links\" data-wiz-attrbind=\"disabled=X0gYc_3f\/C5gNJc;aria-label=X0gYc_3f\/bOjMyf;class=X0gYc_3f\/UpSNec\" data-ved=\"2ahUKEwj5uP7G4tGSAxUu5AIHHdRAJwMQye0OegYIAQgPEAE\"><\/button><\/div>\n<div class=\"Fsg96\" data-sfc-cp=\"\" data-complete=\"true\" data-processed=\"true\"><\/div>\n<div data-xid=\"Gd7Hsc\" data-sfc-cp=\"\" data-complete=\"true\" data-processed=\"true\">\n<div class=\"DBd2Wb\" data-complete=\"true\" data-processed=\"true\">\n<div data-complete=\"true\" data-processed=\"true\"><\/div>\n<div class=\"zkL70c\" data-processed=\"true\">\n<div data-xid=\"YruvMc\" data-signal-inputs=\"ns9scf=X0gYc_46\/ns9scf\" data-complete=\"true\" data-processed=\"true\">\n<div class=\"OUQe0e\" data-processed=\"true\">\n<div id=\"shrproxy37\" class=\"bQ0Yzc\" data-ved=\"0CAAQp4QQahgKEwiY1IKQ3dGSAxUAAAAAHQAAAAAQgQE\" data-hveid=\"0\" data-processed=\"true\"><\/div>\n<\/div>\n<\/div>\n<\/div>\n<\/div>\n<\/div>\n","protected":false},"excerpt":{"rendered":"<p><span class=\"T286Pc\" data-sfc-cp=\"\" data-complete=\"true\"><strong class=\"Yjhzub\" data-complete=\"true\">Funkcije<\/strong>: Printanje, kopiranje, skeniranje, faks.<\/span><\/p>\n<p><span class=\"T286Pc\" data-sfc-cp=\"\" data-complete=\"true\"><strong class=\"Yjhzub\" data-complete=\"true\">Tehnologija printanja<\/strong>: Monohromatski laser.<\/span><\/p>\n<p><span class=\"T286Pc\" data-sfc-cp=\"\" data-complete=\"true\"><strong class=\"Yjhzub\" data-complete=\"true\">Brzina printanja (mono, A4)<\/strong>: Do 35 stranica u minuti (str\/min).<\/span><\/p>\n<p><span class=\"T286Pc\" data-sfc-cp=\"\" data-complete=\"true\"><strong class=\"Yjhzub\" data-complete=\"true\">Rezolucija printanja (najbolja)<\/strong>: Do 1200 x 1200 dpi.<\/span><\/p>\n<p><span class=\"T286Pc\" data-sfc-cp=\"\" data-complete=\"true\"><strong class=\"Yjhzub\" data-complete=\"true\">Automatski ulaga\u010d dokumenata (ADF)<\/strong>: Da, 50 listova,\u00a0<strong class=\"Yjhzub\" data-complete=\"true\">obostrano skeniranje u jednom prolazu<\/strong>.<\/span><\/p>\n<p><span class=\"T286Pc\" data-sfc-cp=\"\" data-complete=\"true\"><strong class=\"Yjhzub\" data-complete=\"true\">Povezivanje<\/strong>: Hi-Speed USB 2.0,\u00a0<strong class=\"Yjhzub\" data-complete=\"true\">Gigabit Ethernet LAN<\/strong>\u00a0(samo \u017ei\u010dana veza, nema ugra\u0111enog Wi-Fi-ja).<\/span><\/p>\n<p><span class=\"T286Pc\" data-sfc-cp=\"\" data-complete=\"true\"><strong class=\"Yjhzub\" data-complete=\"true\">Automatsko obostrano printanje (Duplex)<\/strong>: Da, automatsko.<\/span><\/p>\n<p><span class=\"T286Pc\" data-sfc-cp=\"\" data-complete=\"true\"><strong class=\"Yjhzub\" data-complete=\"true\">Mobilno printanje<\/strong>: Apple AirPrint, Mopria Certified, HP Smart App (putem mre\u017ene veze).<\/span><\/p>\n<p><span class=\"T286Pc\" data-sfc-cp=\"\" data-complete=\"true\"><strong class=\"Yjhzub\" data-complete=\"true\">Memorija<\/strong>: 512 MB.<\/span><\/p>\n<p><span class=\"T286Pc\" data-sfc-cp=\"\" data-complete=\"true\"><strong class=\"Yjhzub\" data-complete=\"true\">Formati medija<\/strong>: A4, A5, A6, B5 (JIS), Oficio, koverte itd.<\/span><\/p>\n<p><span class=\"T286Pc\" data-sfc-cp=\"\" data-complete=\"true\"><strong class=\"Yjhzub\" data-complete=\"true\">Kapacitet ulazne ladice<\/strong>: 250 listova + 10 listova prioritetna ladica.<\/span><\/p>\n<p><span class=\"T286Pc\" data-sfc-cp=\"\" data-complete=\"true\"><strong class=\"Yjhzub\" data-complete=\"true\">Maksimalni mjese\u010dni ciklus<\/strong>: Do 50.000 stranica (preporu\u010deno 350 do 2.500 stranica).<\/span><\/p>\n<p><span class=\"T286Pc\" data-sfc-cp=\"\" data-complete=\"true\" aria-owns=\"action-menu-parent-container\"><strong class=\"Yjhzub\" data-complete=\"true\">Potro\u0161ni materijal<\/strong>: Koristi HP 145A (~1.700 stranica) ili HP 145X High Yield Black Original LaserJet Toner Cartridge (~3.800 stranica).<\/span><\/p>\n","protected":false},"featured_media":50891,"template":"","meta":[],"product_cat":[445],"product_tag":[],"class_list":{"0":"post-50890","1":"product","2":"type-product","3":"status-publish","4":"has-post-thumbnail","6":"product_brand-hp","7":"product_cat-ct-printmfpml","8":"pa_brend-hp","10":"first","11":"instock","12":"shipping-taxable","13":"purchasable","14":"product-type-simple"},"_links":{"self":[{"href":"https:\/\/techstore.ba\/shop\/wp-json\/wp\/v2\/product\/50890","targetHints":{"allow":["GET"]}}],"collection":[{"href":"https:\/\/techstore.ba\/shop\/wp-json\/wp\/v2\/product"}],"about":[{"href":"https:\/\/techstore.ba\/shop\/wp-json\/wp\/v2\/types\/product"}],"wp:featuredmedia":[{"embeddable":true,"href":"https:\/\/techstore.ba\/shop\/wp-json\/wp\/v2\/media\/50891"}],"wp:attachment":[{"href":"https:\/\/techstore.ba\/shop\/wp-json\/wp\/v2\/media?parent=50890"}],"wp:term":[{"taxonomy":"product_cat","embeddable":true,"href":"https:\/\/techstore.ba\/shop\/wp-json\/wp\/v2\/product_cat?post=50890"},{"taxonomy":"product_tag","embeddable":true,"href":"https:\/\/techstore.ba\/shop\/wp-json\/wp\/v2\/product_tag?post=50890"}],"curies":[{"name":"wp","href":"https:\/\/api.w.org\/{rel}","templated":true}]}}