{"id":50887,"date":"2026-02-11T16:36:05","date_gmt":"2026-02-11T15:36:05","guid":{"rendered":"https:\/\/techstore.ba\/shop\/?post_type=product&#038;p=50887"},"modified":"2026-04-04T18:35:14","modified_gmt":"2026-04-04T16:35:14","slug":"hp-laserjet-pro-3003dw","status":"publish","type":"product","link":"https:\/\/techstore.ba\/shop\/product\/hp-laserjet-pro-3003dw\/","title":{"rendered":"HP LASERJET PRO 3003DW"},"content":{"rendered":"<p><strong class=\"Yjhzub\" data-complete=\"true\" data-processed=\"true\">HP LaserJet Pro 3003dw (3G654A): Brzi, mre\u017eni laserski printer za z<\/strong><strong class=\"Yjhzub\" data-complete=\"true\" data-processed=\"true\" aria-owns=\"action-menu-parent-container\">ahtjevne radne grupe<\/strong><\/p>\n<p>HP LaserJet Pro 3003dw je mo\u0107an,\u00a0<strong class=\"Yjhzub\" data-complete=\"true\" data-processed=\"true\">jednofunkcijski (samo printanje)<\/strong>\u00a0crno-bijeli laserski printer, dizajniran da bude &#8220;MVP&#8221; (najkorisniji igra\u010d) u malim i srednjim uredima ili radnim grupama do sedam korisnika. Za razliku od osnovnih modela kao \u0161to je M141a, ovaj ure\u0111aj je fokusiran isklju\u010divo na pru\u017eanje\u00a0<strong class=\"Yjhzub\" data-complete=\"true\" data-processed=\"true\">brzog, pouzdanog printanja<\/strong>\u00a0uz napredne mogu\u0107nosti mre\u017enog povezivanja.<\/p>\n<div class=\"Y3BBE\" data-sfc-cp=\"\" data-hveid=\"CAEIChAA\" data-complete=\"true\" data-processed=\"true\"><strong class=\"Yjhzub\" data-complete=\"true\" data-processed=\"true\">Optimizovana produktivnost<\/strong><button class=\"rBl3me\" tabindex=\"0\" data-amic=\"true\" data-icl-uuid=\"822f6e11-5c8f-491b-9541-9cd4d00ef593\" aria-label=\"View related links\" data-wiz-attrbind=\"disabled=vRQeKb_2q\/C5gNJc;aria-label=vRQeKb_2q\/bOjMyf;class=vRQeKb_2q\/UpSNec\" data-ved=\"2ahUKEwiC4LL84NGSAxXm2AIHHSuwCdEQye0OegYIAQgKEAE\"><\/button><\/div>\n<div class=\"Y3BBE\" data-sfc-cp=\"\" data-hveid=\"CAEICxAA\" data-complete=\"true\" data-processed=\"true\" aria-owns=\"action-menu-parent-container\">Ovaj printer je napravljen za brzinu. Sa brzinom printanja do\u00a0<strong class=\"Yjhzub\" data-complete=\"true\" data-processed=\"true\">33 stranice u minuti<\/strong>, M3003dw je znatno efikasniji za ve\u0107e koli\u010dine dokumenata. Dodatno, ugra\u0111ena\u00a0<strong class=\"Yjhzub\" data-complete=\"true\" data-processed=\"true\">automatska funkcija obostranog printanja (duplex)<\/strong>\u00a0\u0161tedi vrijeme i papir, automatski printaju\u0107i na obje strane lista, \u0161to je klju\u010dna prednost u odnosu na modele bez ove opcije.<\/div>\n<div data-sfc-cp=\"\" data-hveid=\"CAEICxAA\" data-complete=\"true\" data-processed=\"true\" aria-owns=\"action-menu-parent-container\">\n<div class=\"Y3BBE\" data-sfc-cp=\"\" data-hveid=\"CAEIDBAA\" data-complete=\"true\" data-processed=\"true\"><strong class=\"Yjhzub\" data-complete=\"true\" data-processed=\"true\">Besprekorno povezivanje i sigurnost<\/strong><button class=\"rBl3me\" tabindex=\"0\" data-amic=\"true\" data-icl-uuid=\"121472eb-6195-4903-ba7d-dc7330124ce7\" aria-label=\"View related links\" data-wiz-attrbind=\"disabled=vRQeKb_33\/C5gNJc;aria-label=vRQeKb_33\/bOjMyf;class=vRQeKb_33\/UpSNec\" data-ved=\"2ahUKEwiC4LL84NGSAxXm2AIHHSuwCdEQye0OegYIAQgMEAE\"><\/button><\/div>\n<div class=\"Y3BBE\" data-sfc-cp=\"\" data-hveid=\"CAEIDRAA\" data-complete=\"true\" data-processed=\"true\">Zaboravite na probleme sa povezivanjem. HP 3003dw nudi svestrane opcije, uklju\u010duju\u0107i klasi\u010dni USB, ugra\u0111eni\u00a0<strong class=\"Yjhzub\" data-complete=\"true\" data-processed=\"true\">Gigabit Ethernet<\/strong>\u00a0za stabilnu mre\u017enu vezu, te\u00a0<strong class=\"Yjhzub\" data-complete=\"true\" data-processed=\"true\">dual-band Wi-Fi<\/strong>\u00a0koji inteligentno tra\u017ei najbolju dostupnu vezu kako bi se izbjegli prekidi<span class=\"T286Pc\" data-sfc-cp=\"\" data-complete=\"true\" data-processed=\"true\" aria-owns=\"action-menu-parent-container\">. Mobilno printanje je jednostavno putem\u00a0<span class=\"T286Pc\" data-sfc-cp=\"\" data-complete=\"true\" data-processed=\"true\">HP Smart aplikacije<\/span>, Apple AirPrint-a ili Mopria-e.<\/span><\/div>\n<div data-sfc-cp=\"\" data-hveid=\"CAEIDRAA\" data-complete=\"true\" data-processed=\"true\">\n<div class=\"Y3BBE\" data-sfc-cp=\"\" data-hveid=\"CAEIDhAA\" data-complete=\"true\" data-processed=\"true\">Ovaj model tako\u0111er uklju\u010duje HP Wolf Pro sigurnosne funkcije, sa prekonfiguriranim postavkama i opcijama PIN\/pull autentifikacije za za\u0161titu va\u0161ih povjerljivih dokumenata i mre\u017ee od samog po\u010detka.<span class=\"uJ19be notranslate\" data-wiz-uids=\"vRQeKb_3i,vRQeKb_3j\" data-complete=\"true\" data-processed=\"true\"><span class=\"vKEkVd\" data-animation-atomic=\"\" data-wiz-attrbind=\"class=vRQeKb_3h\/TKHnVd\" data-sae=\"\"><span aria-hidden=\"true\">\u00a0<\/span><button class=\"rBl3me\" tabindex=\"0\" data-amic=\"true\" data-icl-uuid=\"f00796d2-8096-46fc-b85c-dd07d2e6d1e0\" aria-label=\"View related links\" data-wiz-attrbind=\"disabled=vRQeKb_3h\/C5gNJc;aria-label=vRQeKb_3h\/bOjMyf;class=vRQeKb_3h\/UpSNec\" data-ved=\"2ahUKEwiC4LL84NGSAxXm2AIHHSuwCdEQye0OegYIAQgOEAE\"><\/button><\/span><\/span><\/div>\n<div class=\"Y3BBE\" data-sfc-cp=\"\" data-hveid=\"CAEIDxAA\" data-complete=\"true\" data-processed=\"true\"><strong class=\"Yjhzub\" data-complete=\"true\" data-processed=\"true\">Izdr\u017eljivost i ekonomi\u010dnost<\/strong><button class=\"rBl3me\" tabindex=\"0\" data-amic=\"true\" data-icl-uuid=\"56658236-69de-488f-8217-3dd4da6442ec\" aria-label=\"View related links\" data-wiz-attrbind=\"disabled=vRQeKb_3n\/C5gNJc;aria-label=vRQeKb_3n\/bOjMyf;class=vRQeKb_3n\/UpSNec\" data-ved=\"2ahUKEwiC4LL84NGSAxXm2AIHHSuwCdEQye0OegYIAQgPEAE\"><\/button><\/div>\n<div class=\"Y3BBE\" data-sfc-cp=\"\" data-hveid=\"CAEIEBAA\" data-complete=\"true\" data-processed=\"true\">Sa robusnim mjese\u010dnim ciklusom rada do 50.000 stranica i preporu\u010denom mjese\u010dnom zapreminom od 350 do 2.500 stranica, ovaj printer je napravljen da izdr\u017ei zahtjevnu svakodnevnu upotrebu. Koristi visoko-prinosne HP 145X tonere, koji smanjuju u\u010destalost zamjene potro\u0161nog materijala i pru\u017eaju ekonomi\u010dan otisak po stranici, \u0161to ga \u010dini idealnim partnerom za va\u0161 posao.<span class=\"uJ19be notranslate\" data-wiz-uids=\"vRQeKb_3s,vRQeKb_3t\" data-complete=\"true\" data-processed=\"true\"><span class=\"vKEkVd\" data-animation-atomic=\"\" data-wiz-attrbind=\"class=vRQeKb_3r\/TKHnVd\" data-sae=\"\"><span aria-hidden=\"true\" aria-owns=\"action-menu-parent-container\">\u00a0<\/span><\/span><\/span><\/div>\n<\/div>\n<\/div>\n","protected":false},"excerpt":{"rendered":"<p><span class=\"T286Pc\" data-sfc-cp=\"\" data-complete=\"true\"><strong class=\"Yjhzub\" data-complete=\"true\">Funkcije<\/strong>: Samo printanje.<\/span><\/p>\n<p><span class=\"T286Pc\" data-sfc-cp=\"\" data-complete=\"true\"><strong class=\"Yjhzub\" data-complete=\"true\">Tehnologija printanja<\/strong>: Monohromatski laser.<\/span><\/p>\n<p><span class=\"T286Pc\" data-sfc-cp=\"\" data-complete=\"true\"><strong class=\"Yjhzub\" data-complete=\"true\">Brzina printanja (mono, A4)<\/strong>: Do 33 stranice u minuti (str\/min), zna\u010dajno br\u017ee od M141a.<\/span><\/p>\n<p><span class=\"T286Pc\" data-sfc-cp=\"\" data-complete=\"true\"><strong class=\"Yjhzub\" data-complete=\"true\">Rezolucija printanja (najbolja)<\/strong>: Do 1200 x 1200 dpi.<\/span><\/p>\n<p><span class=\"T286Pc\" data-sfc-cp=\"\" data-complete=\"true\"><strong class=\"Yjhzub\" data-complete=\"true\">Povezivanje<\/strong>: Hi-Speed USB 2.0, Gigabit Ethernet LAN,\u00a0<strong class=\"Yjhzub\" data-complete=\"true\">be\u017ei\u010dni dual-band Wi-Fi<\/strong>\u00a0(2.4GHz\/5GHz), Wi-Fi Direct, Bluetooth Low Energy (BLE).<\/span><\/p>\n<p><span class=\"T286Pc\" data-sfc-cp=\"\" data-complete=\"true\"><strong class=\"Yjhzub\" data-complete=\"true\">Mobilno printanje<\/strong>: Apple AirPrint, Mopria Certified,\u00a0<span data-sfc-cp=\"\" data-complete=\"true\"><a class=\"H23r4e\" href=\"https:\/\/www.hp.com\/us-en\/home.html\" target=\"_blank\" rel=\"noopener\" data-hveid=\"CAEIBRAH\">HP Smart App<\/a><\/span>, Wi-Fi Direct.<\/span><\/p>\n<p><span class=\"T286Pc\" data-sfc-cp=\"\" data-complete=\"true\"><strong class=\"Yjhzub\" data-complete=\"true\">Memorija<\/strong>: 256 MB\u00a0<\/span><\/p>\n<p><span class=\"T286Pc\" data-sfc-cp=\"\" data-complete=\"true\"><strong class=\"Yjhzub\" data-complete=\"true\">Formati medija<\/strong>: A4, A5, A5-R, A6, B5 (JIS), Oficio, koverte\u00a0<\/span><\/p>\n<p><span class=\"T286Pc\" data-sfc-cp=\"\" data-complete=\"true\"><strong class=\"Yjhzub\" data-complete=\"true\">Kapacitet ulazne ladice<\/strong>: 250 listova (ve\u0107i od M141a).<\/span><\/p>\n<p><span class=\"T286Pc\" data-sfc-cp=\"\" data-complete=\"true\"><strong class=\"Yjhzub\" data-complete=\"true\">Automatsko obostrano printanje (Duplex)<\/strong>: Da, standardno i automatski.<\/span><\/p>\n<p><span class=\"T286Pc\" data-sfc-cp=\"\" data-complete=\"true\"><strong class=\"Yjhzub\" data-complete=\"true\">Maksimalni mjese\u010dni ciklus<\/strong>: Do 50.000 stranica (znatno ve\u0107i od M141a).<\/span><\/p>\n<p><span class=\"T286Pc\" data-sfc-cp=\"\" data-complete=\"true\"><strong class=\"Yjhzub\" data-complete=\"true\">Potro\u0161ni materijal<\/strong>: Koristi HP 145A (~1.700 stranica) ili HP 145X High Yield Black Original LaserJet Toner Cartridge (~3.800 stranica).<\/span><span class=\"uJ19be notranslate\" data-wiz-uids=\"vRQeKb_20,vRQeKb_21\" data-complete=\"true\"><span class=\"vKEkVd\" data-animation-atomic=\"\" data-wiz-attrbind=\"class=vRQeKb_1z\/TKHnVd\" data-sae=\"\"><span aria-hidden=\"true\" aria-owns=\"action-menu-parent-container\">\u00a0<\/span><\/span><\/span><\/p>\n","protected":false},"featured_media":50888,"template":"","meta":[],"product_cat":[1231,445],"product_tag":[749],"class_list":{"0":"post-50887","1":"product","2":"type-product","3":"status-publish","4":"has-post-thumbnail","6":"product_brand-hp","7":"product_cat-akcijamart","8":"product_cat-ct-printmfpml","9":"product_tag-bestsellers","10":"pa_brend-hp","12":"first","13":"instock","14":"sale","15":"shipping-taxable","16":"purchasable","17":"product-type-simple"},"_links":{"self":[{"href":"https:\/\/techstore.ba\/shop\/wp-json\/wp\/v2\/product\/50887","targetHints":{"allow":["GET"]}}],"collection":[{"href":"https:\/\/techstore.ba\/shop\/wp-json\/wp\/v2\/product"}],"about":[{"href":"https:\/\/techstore.ba\/shop\/wp-json\/wp\/v2\/types\/product"}],"wp:featuredmedia":[{"embeddable":true,"href":"https:\/\/techstore.ba\/shop\/wp-json\/wp\/v2\/media\/50888"}],"wp:attachment":[{"href":"https:\/\/techstore.ba\/shop\/wp-json\/wp\/v2\/media?parent=50887"}],"wp:term":[{"taxonomy":"product_cat","embeddable":true,"href":"https:\/\/techstore.ba\/shop\/wp-json\/wp\/v2\/product_cat?post=50887"},{"taxonomy":"product_tag","embeddable":true,"href":"https:\/\/techstore.ba\/shop\/wp-json\/wp\/v2\/product_tag?post=50887"}],"curies":[{"name":"wp","href":"https:\/\/api.w.org\/{rel}","templated":true}]}}