{"id":50884,"date":"2026-02-11T16:28:35","date_gmt":"2026-02-11T15:28:35","guid":{"rendered":"https:\/\/techstore.ba\/shop\/?post_type=product&#038;p=50884"},"modified":"2026-02-13T16:08:05","modified_gmt":"2026-02-13T15:08:05","slug":"hp-laserjet-mfp-m141a-printer-7md73a","status":"publish","type":"product","link":"https:\/\/techstore.ba\/shop\/product\/hp-laserjet-mfp-m141a-printer-7md73a\/","title":{"rendered":"HP LASERJET MFP M141a PRINTER, 7MD73A"},"content":{"rendered":"<div class=\"Y3BBE\" data-sfc-cp=\"\" data-hveid=\"CAEIBhAA\" data-complete=\"true\" data-processed=\"true\"><strong class=\"Yjhzub\" data-complete=\"true\" data-processed=\"true\">HP LaserJet MFP M141a (7MD73A): Efikasno 3-u-1 Lasersko Rje\u0161enje za Va\u0161 Dom ili Mali Ured<\/strong><button class=\"rBl3me\" tabindex=\"0\" data-amic=\"true\" data-icl-uuid=\"11987286-7d33-4023-ace8-71f0a18a95b2\" aria-label=\"View related links\" data-wiz-attrbind=\"disabled=yRAlUb_25\/C5gNJc;aria-label=yRAlUb_25\/bOjMyf;class=yRAlUb_25\/UpSNec\" data-ved=\"2ahUKEwid_Oja39GSAxXz4wIHHYZgBaIQye0OegYIAQgGEAE\"><\/button><\/div>\n<div class=\"Y3BBE\" data-sfc-cp=\"\" data-hveid=\"CAEIBxAA\" data-complete=\"true\" data-processed=\"true\">Tra\u017eite li pouzdan, brz i nevjerovatno kompaktan ure\u0111aj koji \u0107e rije\u0161iti sve va\u0161e osnovne potrebe u uredu? HP LaserJet MFP M141a je savr\u0161en odgovor. Ovaj elegantni crno-bijeli laserski multifunkcionalni ure\u0111aj objedinjuje funkcije printanja, kopiranja i skeniranja, dizajniran da se uklopi i u najmanji radni prostor, a da pritom ne ugrozi produktivnost.<button class=\"rBl3me\" tabindex=\"0\" data-amic=\"true\" data-icl-uuid=\"5e00c0da-0191-49c1-9c11-81ba678502dc\" aria-label=\"View related links\" data-wiz-attrbind=\"disabled=yRAlUb_29\/C5gNJc;aria-label=yRAlUb_29\/bOjMyf;class=yRAlUb_29\/UpSNec\" data-ved=\"2ahUKEwid_Oja39GSAxXz4wIHHYZgBaIQye0OegYIAQgHEAE\"><\/button><\/div>\n<div data-sfc-cp=\"\" data-hveid=\"CAEICBAA\" data-complete=\"true\" data-processed=\"true\"><\/div>\n<div class=\"Y3BBE\" data-sfc-cp=\"\" data-hveid=\"CAEICBAA\" data-complete=\"true\" data-processed=\"true\"><strong class=\"Yjhzub\" data-complete=\"true\" data-processed=\"true\">Kompaktan dizajn, velike performanse<\/strong><button class=\"rBl3me\" tabindex=\"0\" data-amic=\"true\" data-icl-uuid=\"51943b58-4cf6-4d3e-9955-0702a6f65533\" aria-label=\"View related links\" data-wiz-attrbind=\"disabled=yRAlUb_2e\/C5gNJc;aria-label=yRAlUb_2e\/bOjMyf;class=yRAlUb_2e\/UpSNec\" data-ved=\"2ahUKEwid_Oja39GSAxXz4wIHHYZgBaIQye0OegYIAQgIEAE\"><\/button><\/div>\n<div class=\"Y3BBE\" data-sfc-cp=\"\" data-hveid=\"CAEICRAA\" data-complete=\"true\" data-processed=\"true\">HP M141a je jedan od najmanjih laserskih ure\u0111aja u svojoj klasi, savr\u0161en za radne stolove gdje je prostor premium. Ipak, unutar minimalisti\u010dkog ku\u0107i\u0161ta krije se mo\u0107an ure\u0111aj sposoban da isporu\u010di do\u00a0<strong class=\"Yjhzub\" data-complete=\"true\" data-processed=\"true\">20 stranica u minuti<\/strong>\u00a0uz o\u0161tar, profesionalan kvalitet teksta zahvaljuju\u0107i preciznoj laserskoj tehnologiji. Zaboravite na zastoje \u2013 ovaj ure\u0111aj je spreman za akciju kada vam zatreba.<button class=\"rBl3me\" tabindex=\"0\" data-amic=\"true\" data-icl-uuid=\"d1b6699a-05ef-4d74-a7cb-245f5033fce6\" aria-label=\"View related links\" data-wiz-attrbind=\"disabled=yRAlUb_2j\/C5gNJc;aria-label=yRAlUb_2j\/bOjMyf;class=yRAlUb_2j\/UpSNec\" data-ved=\"2ahUKEwid_Oja39GSAxXz4wIHHYZgBaIQye0OegYIAQgJEAE\"><\/button><\/div>\n<div data-sfc-cp=\"\" data-hveid=\"CAEIChAA\" data-processed=\"true\" data-complete=\"true\"><\/div>\n<div class=\"Y3BBE\" data-sfc-cp=\"\" data-hveid=\"CAEIChAA\" data-processed=\"true\" data-complete=\"true\"><strong class=\"Yjhzub\" data-complete=\"true\" data-processed=\"true\">Jednostavnost povezivanja<\/strong><button class=\"rBl3me\" tabindex=\"0\" data-amic=\"true\" data-icl-uuid=\"c5ca7e0c-10c6-4eda-8204-8b5ae1634acd\" aria-label=\"View related links\" data-wiz-attrbind=\"disabled=yRAlUb_2o\/C5gNJc;aria-label=yRAlUb_2o\/bOjMyf;class=yRAlUb_2o\/UpSNec\" data-ved=\"2ahUKEwid_Oja39GSAxXz4wIHHYZgBaIQye0OegYIAQgKEAE\"><\/button><\/div>\n<div class=\"Y3BBE\" data-sfc-cp=\"\" data-hveid=\"CAEICxAA\" data-complete=\"true\" data-processed=\"true\">Ovaj model je dizajniran za direktnu, besprijekornu vezu putem\u00a0<strong class=\"Yjhzub\" data-complete=\"true\" data-processed=\"true\">Hi-Speed USB 2.0<\/strong>\u00a0porta. Idealno za korisnike koji rade na jednom ra\u010dunaru ili laptopu i preferiraju stabilnu \u017ei\u010danu vezu bez komplikacija mre\u017enih postavki. Postavljanje je brzo i intuitivno, omogu\u0107avaju\u0107i vam da po\u010dnete s radom u samo nekoliko minuta.<button class=\"rBl3me\" tabindex=\"0\" data-amic=\"true\" data-icl-uuid=\"fe36f652-96b9-46ed-93c7-11b4b95df09b\" aria-label=\"View related links\" data-wiz-attrbind=\"disabled=yRAlUb_2t\/C5gNJc;aria-label=yRAlUb_2t\/bOjMyf;class=yRAlUb_2t\/UpSNec\" data-ved=\"2ahUKEwid_Oja39GSAxXz4wIHHYZgBaIQye0OegYIAQgLEAE\"><\/button><\/div>\n<div data-sfc-cp=\"\" data-hveid=\"CAEIDBAA\" data-complete=\"true\" data-processed=\"true\"><\/div>\n<div class=\"Y3BBE\" data-sfc-cp=\"\" data-hveid=\"CAEIDBAA\" data-complete=\"true\" data-processed=\"true\"><strong class=\"Yjhzub\" data-complete=\"true\" data-processed=\"true\">Efikasnost koja se isplati<\/strong><button class=\"rBl3me\" tabindex=\"0\" data-amic=\"true\" data-icl-uuid=\"3ff45f0a-edec-4088-ab8c-884d599868c6\" aria-label=\"View related links\" data-wiz-attrbind=\"disabled=yRAlUb_2y\/C5gNJc;aria-label=yRAlUb_2y\/bOjMyf;class=yRAlUb_2y\/UpSNec\" data-ved=\"2ahUKEwid_Oja39GSAxXz4wIHHYZgBaIQye0OegYIAQgMEAE\"><\/button><\/div>\n<div class=\"Y3BBE\" data-sfc-cp=\"\" data-hveid=\"CAEIDRAA\" data-complete=\"true\" data-processed=\"true\">Koriste\u0107i ekonomi\u010dne\u00a0<strong class=\"Yjhzub\" data-complete=\"true\" data-processed=\"true\">HP 141A tonere visokog prinosa<\/strong>, M141a osigurava niske tro\u0161kove po stranici, \u0161to ga \u010dini pametnom dugoro\u010dnom investicijom za sve koji redovno printaju dokumente, fakture ili \u0161kolske radove. Ru\u010dna funkcija obostranog (duplex) printanja dodatno \u0161tedi papir i smanjuje operativne tro\u0161kove.<button class=\"rBl3me\" tabindex=\"0\" data-amic=\"true\" data-icl-uuid=\"16fafdb6-72bc-41b5-b73b-7f4ded714465\" aria-label=\"View related links\" data-wiz-attrbind=\"disabled=yRAlUb_33\/C5gNJc;aria-label=yRAlUb_33\/bOjMyf;class=yRAlUb_33\/UpSNec\" data-ved=\"2ahUKEwid_Oja39GSAxXz4wIHHYZgBaIQye0OegYIAQgNEAE\"><\/button><\/div>\n<div class=\"Y3BBE\" data-sfc-cp=\"\" data-hveid=\"CAEIDhAA\" data-complete=\"true\" data-processed=\"true\" aria-owns=\"action-menu-parent-container\">Bilo da skenirate dokumente za digitalnu arhivu, pravite brze kopije ili printate va\u017ene ugovore, HP LaserJet MFP M141a nudi pouzdanost i efikasnost koja vam je potrebna, sve u jednom kompaktnom paketu.<\/div>\n","protected":false},"excerpt":{"rendered":"<p><span class=\"T286Pc\" data-sfc-cp=\"\" data-complete=\"true\"><strong class=\"Yjhzub\" data-complete=\"true\">Funkcije<\/strong>: Printanje, kopiranje, skeniranje<\/span><\/p>\n<p><span class=\"T286Pc\" data-sfc-cp=\"\" data-complete=\"true\"><strong class=\"Yjhzub\" data-complete=\"true\">Tehnologija printanja<\/strong>: Monohromatski laser<\/span><\/p>\n<p><span class=\"T286Pc\" data-sfc-cp=\"\" data-complete=\"true\"><strong class=\"Yjhzub\" data-complete=\"true\">Brzina printanja (mono, A4)<\/strong>: Do 20 stranica u minuti (str\/min)<\/span><\/p>\n<p><span class=\"T286Pc\" data-sfc-cp=\"\" data-complete=\"true\"><strong class=\"Yjhzub\" data-complete=\"true\">Rezolucija printanja (najbolja)<\/strong>: Do 600 x 600 dpi<\/span><\/p>\n<p><span class=\"T286Pc\" data-sfc-cp=\"\" data-complete=\"true\"><strong class=\"Yjhzub\" data-complete=\"true\">Povezivanje<\/strong>: Samo Hi-Speed USB 2.0 port (nema mre\u017enog ili be\u017ei\u010dnog povezivanja)<\/span><\/p>\n<p><span class=\"T286Pc\" data-sfc-cp=\"\" data-complete=\"true\"><strong class=\"Yjhzub\" data-complete=\"true\">Memorija<\/strong>: 32 MB<\/span><\/p>\n<p><span class=\"T286Pc\" data-sfc-cp=\"\" data-complete=\"true\"><strong class=\"Yjhzub\" data-complete=\"true\">Formati medija<\/strong>: A4, A5, A6, koverte (C5, DL), prilago\u0111eno<\/span><\/p>\n<p><span class=\"T286Pc\" data-sfc-cp=\"\" data-complete=\"true\"><strong class=\"Yjhzub\" data-complete=\"true\">Kapacitet ulazne ladice<\/strong>: 150 listova<\/span><\/p>\n<p><span class=\"T286Pc\" data-sfc-cp=\"\" data-complete=\"true\"><strong class=\"Yjhzub\" data-complete=\"true\">Maksimalni mjese\u010dni ciklus<\/strong>: Do 8.000 stranica (preporu\u010deno 100 do 1.000 stranica)<\/span><\/p>\n<p><span class=\"T286Pc\" data-sfc-cp=\"\" data-complete=\"true\"><strong class=\"Yjhzub\" data-complete=\"true\">Potro\u0161ni materijal<\/strong>: Koristi HP 141A Black Original LaserJet Toner Cartridge (prosje\u010dan prinos 1.500 stranica)<\/span><\/p>\n<p><span class=\"T286Pc\" data-sfc-cp=\"\" data-complete=\"true\"><strong class=\"Yjhzub\" data-complete=\"true\">Operativni sistemi<\/strong>: Kompatibilan sa Windows (10, 8.1, 7) i macOS (10.14 do 11 Big Sur)<\/span><\/p>\n<hr class=\"j3tEEe\" data-serialized-params=\"[]\" data-complete=\"true\" data-processed=\"true\" data-sae=\"\" \/>\n<div class=\"Fsg96\" data-sfc-cp=\"\" data-complete=\"true\" data-processed=\"true\"><\/div>\n","protected":false},"featured_media":50885,"template":"","meta":[],"product_cat":[445],"product_tag":[],"class_list":{"0":"post-50884","1":"product","2":"type-product","3":"status-publish","4":"has-post-thumbnail","6":"product_brand-hp","7":"product_cat-ct-printmfpml","8":"pa_brend-hp","10":"first","11":"instock","12":"shipping-taxable","13":"purchasable","14":"product-type-simple"},"_links":{"self":[{"href":"https:\/\/techstore.ba\/shop\/wp-json\/wp\/v2\/product\/50884","targetHints":{"allow":["GET"]}}],"collection":[{"href":"https:\/\/techstore.ba\/shop\/wp-json\/wp\/v2\/product"}],"about":[{"href":"https:\/\/techstore.ba\/shop\/wp-json\/wp\/v2\/types\/product"}],"wp:featuredmedia":[{"embeddable":true,"href":"https:\/\/techstore.ba\/shop\/wp-json\/wp\/v2\/media\/50885"}],"wp:attachment":[{"href":"https:\/\/techstore.ba\/shop\/wp-json\/wp\/v2\/media?parent=50884"}],"wp:term":[{"taxonomy":"product_cat","embeddable":true,"href":"https:\/\/techstore.ba\/shop\/wp-json\/wp\/v2\/product_cat?post=50884"},{"taxonomy":"product_tag","embeddable":true,"href":"https:\/\/techstore.ba\/shop\/wp-json\/wp\/v2\/product_tag?post=50884"}],"curies":[{"name":"wp","href":"https:\/\/api.w.org\/{rel}","templated":true}]}}