{"id":50876,"date":"2026-02-11T15:37:07","date_gmt":"2026-02-11T14:37:07","guid":{"rendered":"https:\/\/techstore.ba\/shop\/?post_type=product&#038;p=50876"},"modified":"2026-03-06T11:11:44","modified_gmt":"2026-03-06T10:11:44","slug":"guess-slusalice-sp070-crne","status":"publish","type":"product","link":"https:\/\/techstore.ba\/shop\/product\/guess-slusalice-sp070-crne\/","title":{"rendered":"GUESS Slu\u0161alice SP070 Crne"},"content":{"rendered":"<p><strong data-start=\"0\" data-end=\"32\">Guess slu\u0161alice SP070 (crne)<\/strong> \u2014 be\u017ei\u010dne <strong data-start=\"43\" data-end=\"105\" data-is-only-node=\"\">Bluetooth slu\u0161alice s ENC (Environmental Noise Cancelling)<\/strong> dizajnom u elegantnoj crnoj boji. Ove slu\u0161alice nude stabilnu <strong data-start=\"168\" data-end=\"190\">Bluetooth 5.3 vezu<\/strong>, <strong data-start=\"192\" data-end=\"212\">uravnote\u017een zvuk<\/strong> s sna\u017enim basom i frekvencijskim rasponom 20 Hz \u2013 20 kHz, te <strong data-start=\"274\" data-end=\"299\">do \u224832 h reprodukcije<\/strong> baterije uz brzo punjenje USB-C kabelom. Imaju <strong data-start=\"347\" data-end=\"380\">mikrofon za hands-free pozive<\/strong>, IPX4 otpornost na prskanje vode i prakti\u010dne kontrole za upravljanje muzikom i pozivima \u2014 idealne za svakodnevnu upotrebu s jasnim zvukom i \u010distim prenosom glasa.<\/p>\n","protected":false},"excerpt":{"rendered":"<p>Guess slu\u0161alice SP070 (crne) \u2014 be\u017ei\u010dne Bluetooth slu\u0161alice s ENC (Environmental Noise Cancelling) dizajnom u elegantnoj crnoj boji. Ove slu\u0161alice nude stabilnu Bluetooth 5.3 vezu, uravnote\u017een zvuk s sna\u017enim basom i frekvencijskim rasponom 20 Hz \u2013 20 kHz, te do \u224832 h reprodukcije baterije uz brzo punjenje USB-C kabelom. Imaju mikrofon za hands-free pozive, IPX4 [&hellip;]<\/p>\n","protected":false},"featured_media":50877,"template":"","meta":[],"product_cat":[1235,853,471,383],"product_tag":[],"class_list":{"0":"post-50876","1":"product","2":"type-product","3":"status-publish","4":"has-post-thumbnail","6":"product_cat-8-mart-akcija","7":"product_cat-bezicne-slusalice","8":"product_cat-ct-slusalice","9":"product_cat-ct-mobilphear","10":"pa_brend-slusalice","12":"first","13":"instock","14":"sale","15":"shipping-taxable","16":"purchasable","17":"product-type-simple"},"_links":{"self":[{"href":"https:\/\/techstore.ba\/shop\/wp-json\/wp\/v2\/product\/50876","targetHints":{"allow":["GET"]}}],"collection":[{"href":"https:\/\/techstore.ba\/shop\/wp-json\/wp\/v2\/product"}],"about":[{"href":"https:\/\/techstore.ba\/shop\/wp-json\/wp\/v2\/types\/product"}],"wp:featuredmedia":[{"embeddable":true,"href":"https:\/\/techstore.ba\/shop\/wp-json\/wp\/v2\/media\/50877"}],"wp:attachment":[{"href":"https:\/\/techstore.ba\/shop\/wp-json\/wp\/v2\/media?parent=50876"}],"wp:term":[{"taxonomy":"product_cat","embeddable":true,"href":"https:\/\/techstore.ba\/shop\/wp-json\/wp\/v2\/product_cat?post=50876"},{"taxonomy":"product_tag","embeddable":true,"href":"https:\/\/techstore.ba\/shop\/wp-json\/wp\/v2\/product_tag?post=50876"}],"curies":[{"name":"wp","href":"https:\/\/api.w.org\/{rel}","templated":true}]}}