{"id":50872,"date":"2026-02-11T15:32:07","date_gmt":"2026-02-11T14:32:07","guid":{"rendered":"https:\/\/techstore.ba\/shop\/?post_type=product&#038;p=50872"},"modified":"2026-02-23T18:00:44","modified_gmt":"2026-02-23T17:00:44","slug":"guess-slusalice-sp-v60","status":"publish","type":"product","link":"https:\/\/techstore.ba\/shop\/product\/guess-slusalice-sp-v60\/","title":{"rendered":"GUESS Slu\u0161alice SP-V60"},"content":{"rendered":"<p>Guess slu\u0161alice SP-V60 \u2014 be\u017ei\u010dne Bluetooth slu\u0161alice s modernim dizajnom i prakti\u010dnim funkcijama. Ove slu\u0161alice podr\u017eavaju Bluetooth 5.3 za stabilnu be\u017ei\u010dnu vezu i imaju 40 mm zvu\u010dnike za kvalitetan zvuk u rasponu od 20 Hz do 20 kHz. Intuitivni gumbi omogu\u0107avaju upravljanje muzikom, pozivima i glasovnim asistentom, dok ugra\u0111ena baterija pru\u017ea dugotrajno slu\u0161anje do oko 30-32 sata uz brzo punjenje (oko 2 h). Tu je i Transparency Mode za uklju\u010divanje ambijentalnog zvuka, a mogu\u0107a je i \u017ei\u010dana AUX veza.<\/p>\n","protected":false},"excerpt":{"rendered":"<p>Guess slu\u0161alice SP-V60 \u2014 be\u017ei\u010dne Bluetooth slu\u0161alice s modernim dizajnom i prakti\u010dnim funkcijama. Ove slu\u0161alice podr\u017eavaju Bluetooth 5.3 za stabilnu be\u017ei\u010dnu vezu i imaju 40 mm zvu\u010dnike za kvalitetan zvuk u rasponu od 20 Hz do 20 kHz. Intuitivni gumbi omogu\u0107avaju upravljanje muzikom, pozivima i glasovnim asistentom, dok ugra\u0111ena baterija pru\u017ea dugotrajno slu\u0161anje do oko [&hellip;]<\/p>\n","protected":false},"featured_media":50873,"template":"","meta":[],"product_cat":[853,471,383],"product_tag":[],"class_list":{"0":"post-50872","1":"product","2":"type-product","3":"status-publish","4":"has-post-thumbnail","6":"product_cat-bezicne-slusalice","7":"product_cat-ct-slusalice","8":"product_cat-ct-mobilphear","9":"pa_brend-slusalice","11":"first","12":"instock","13":"shipping-taxable","14":"purchasable","15":"product-type-simple"},"_links":{"self":[{"href":"https:\/\/techstore.ba\/shop\/wp-json\/wp\/v2\/product\/50872","targetHints":{"allow":["GET"]}}],"collection":[{"href":"https:\/\/techstore.ba\/shop\/wp-json\/wp\/v2\/product"}],"about":[{"href":"https:\/\/techstore.ba\/shop\/wp-json\/wp\/v2\/types\/product"}],"wp:featuredmedia":[{"embeddable":true,"href":"https:\/\/techstore.ba\/shop\/wp-json\/wp\/v2\/media\/50873"}],"wp:attachment":[{"href":"https:\/\/techstore.ba\/shop\/wp-json\/wp\/v2\/media?parent=50872"}],"wp:term":[{"taxonomy":"product_cat","embeddable":true,"href":"https:\/\/techstore.ba\/shop\/wp-json\/wp\/v2\/product_cat?post=50872"},{"taxonomy":"product_tag","embeddable":true,"href":"https:\/\/techstore.ba\/shop\/wp-json\/wp\/v2\/product_tag?post=50872"}],"curies":[{"name":"wp","href":"https:\/\/api.w.org\/{rel}","templated":true}]}}