{"id":50870,"date":"2026-02-11T15:27:44","date_gmt":"2026-02-11T14:27:44","guid":{"rendered":"https:\/\/techstore.ba\/shop\/?post_type=product&#038;p=50870"},"modified":"2026-02-23T18:00:54","modified_gmt":"2026-02-23T17:00:54","slug":"slusalice-guess-anxenc","status":"publish","type":"product","link":"https:\/\/techstore.ba\/shop\/product\/slusalice-guess-anxenc\/","title":{"rendered":"Slu\u0161alice GUESS ANX+ENC"},"content":{"rendered":"<div class=\"flex flex-col text-sm pb-25\">\n<article class=\"text-token-text-primary w-full focus:outline-none [--shadow-height:45px] has-data-writing-block:pointer-events-none has-data-writing-block:-mt-(--shadow-height) has-data-writing-block:pt-(--shadow-height) [&amp;:has([data-writing-block])&gt;*]:pointer-events-auto [content-visibility:auto] supports-[content-visibility:auto]:[contain-intrinsic-size:auto_100lvh] scroll-mt-[calc(var(--header-height)+min(200px,max(70px,20svh)))]\" dir=\"auto\" tabindex=\"-1\" data-turn-id=\"request-WEB:9a6cf7c4-e08e-4da3-b313-cfa80b5a4b24-0\" data-testid=\"conversation-turn-2\" data-scroll-anchor=\"true\" data-turn=\"assistant\">\n<div class=\"text-base my-auto mx-auto pb-10 [--thread-content-margin:--spacing(4)] @w-sm\/main:[--thread-content-margin:--spacing(6)] @w-lg\/main:[--thread-content-margin:--spacing(16)] px-(--thread-content-margin)\">\n<div class=\"[--thread-content-max-width:40rem] @w-lg\/main:[--thread-content-max-width:48rem] mx-auto max-w-(--thread-content-max-width) flex-1 group\/turn-messages focus-visible:outline-hidden relative flex w-full min-w-0 flex-col agent-turn\" tabindex=\"-1\">\n<div class=\"flex max-w-full flex-col grow\">\n<div class=\"min-h-8 text-message relative flex w-full flex-col items-end gap-2 text-start break-words whitespace-normal [.text-message+&amp;]:mt-1\" dir=\"auto\" data-message-author-role=\"assistant\" data-message-id=\"ee3a5e49-46dd-4e46-be66-1e839821b81c\" data-message-model-slug=\"gpt-5-2\">\n<div class=\"flex w-full flex-col gap-1 empty:hidden first:pt-[1px]\">\n<div class=\"markdown prose dark:prose-invert w-full wrap-break-word light markdown-new-styling\">\n<p data-start=\"0\" data-end=\"300\" data-is-last-node=\"\" data-is-only-node=\"\"><strong data-start=\"0\" data-end=\"19\" data-is-only-node=\"\">GUESS ANX + ENC<\/strong> je moderna i urbana kolekcija brenda Guess koja odra\u017eava mladena\u010dki, samouvjeren i trendi stil. Karakteri\u0161u je atraktivan dizajn, prepoznatljiv logo detalji i kombinacija casual i sexy estetike, tipi\u010dne za Guess. Namijenjena je osobama koje vole upe\u010datljiv, ali nosiv modni izraz.<\/p>\n<\/div>\n<\/div>\n<\/div>\n<\/div>\n<div class=\"z-0 flex min-h-[46px] justify-start\"><\/div>\n<\/div>\n<\/div>\n<\/article>\n<\/div>\n<div class=\"pointer-events-none h-px w-px absolute bottom-0\" aria-hidden=\"true\" data-edge=\"true\"><\/div>\n","protected":false},"excerpt":{"rendered":"<p>GUESS ANX + ENC je moderna i urbana kolekcija brenda Guess koja odra\u017eava mladena\u010dki, samouvjeren i trendi stil. Karakteri\u0161u je atraktivan dizajn, prepoznatljiv logo detalji i kombinacija casual i sexy estetike, tipi\u010dne za Guess. Namijenjena je osobama koje vole upe\u010datljiv, ali nosiv modni izraz.<\/p>\n","protected":false},"featured_media":50871,"template":"","meta":[],"product_cat":[853,471,383],"product_tag":[],"class_list":{"0":"post-50870","1":"product","2":"type-product","3":"status-publish","4":"has-post-thumbnail","6":"product_cat-bezicne-slusalice","7":"product_cat-ct-slusalice","8":"product_cat-ct-mobilphear","9":"pa_brend-slusalice","11":"first","12":"instock","13":"shipping-taxable","14":"purchasable","15":"product-type-simple"},"_links":{"self":[{"href":"https:\/\/techstore.ba\/shop\/wp-json\/wp\/v2\/product\/50870","targetHints":{"allow":["GET"]}}],"collection":[{"href":"https:\/\/techstore.ba\/shop\/wp-json\/wp\/v2\/product"}],"about":[{"href":"https:\/\/techstore.ba\/shop\/wp-json\/wp\/v2\/types\/product"}],"wp:featuredmedia":[{"embeddable":true,"href":"https:\/\/techstore.ba\/shop\/wp-json\/wp\/v2\/media\/50871"}],"wp:attachment":[{"href":"https:\/\/techstore.ba\/shop\/wp-json\/wp\/v2\/media?parent=50870"}],"wp:term":[{"taxonomy":"product_cat","embeddable":true,"href":"https:\/\/techstore.ba\/shop\/wp-json\/wp\/v2\/product_cat?post=50870"},{"taxonomy":"product_tag","embeddable":true,"href":"https:\/\/techstore.ba\/shop\/wp-json\/wp\/v2\/product_tag?post=50870"}],"curies":[{"name":"wp","href":"https:\/\/api.w.org\/{rel}","templated":true}]}}