{"id":50851,"date":"2026-02-11T14:46:43","date_gmt":"2026-02-11T13:46:43","guid":{"rendered":"https:\/\/techstore.ba\/shop\/product\/asus-rog-strix-scope-ii-96wireless-mehanicka-gamingtastatura-us-layout\/"},"modified":"2026-03-19T15:29:27","modified_gmt":"2026-03-19T14:29:27","slug":"asus-rog-strix-scope-ii-96wireless-mehanicka-gamingtastatura-us-layout","status":"publish","type":"product","link":"https:\/\/techstore.ba\/shop\/product\/asus-rog-strix-scope-ii-96wireless-mehanicka-gamingtastatura-us-layout\/","title":{"rendered":"ASUS ROG Strix Scope II 96wireless mehani\u010dka gamingtastatura, US layout"},"content":{"rendered":"","protected":false},"excerpt":{"rendered":"<p>ASUS ROG Strix Scope II 96 wireless mehani\u010dka gaming tastatura sa tri-mode vezom, pre\u010dicama za strimer, multifunkcijskim kontrolama, mehani\u010dkim prekida\u010dima ROG NKS sa prethodno podmazuju\u0107im prekida\u010dima, ROG stabilizatorima tastature.<\/p>\n","protected":false},"featured_media":50852,"template":"","meta":[],"product_cat":[582,1015,1017,506],"product_tag":[],"class_list":{"0":"post-50851","1":"product","2":"type-product","3":"status-publish","4":"has-post-thumbnail","6":"product_cat-brend-asus","7":"product_cat-gaming-periferija","8":"product_cat-gaming-tastature","9":"product_cat-ct-tastature","10":"pa_brend-tastature","12":"first","13":"outofstock","14":"shipping-taxable","15":"purchasable","16":"product-type-simple"},"_links":{"self":[{"href":"https:\/\/techstore.ba\/shop\/wp-json\/wp\/v2\/product\/50851","targetHints":{"allow":["GET"]}}],"collection":[{"href":"https:\/\/techstore.ba\/shop\/wp-json\/wp\/v2\/product"}],"about":[{"href":"https:\/\/techstore.ba\/shop\/wp-json\/wp\/v2\/types\/product"}],"wp:featuredmedia":[{"embeddable":true,"href":"https:\/\/techstore.ba\/shop\/wp-json\/wp\/v2\/media\/50852"}],"wp:attachment":[{"href":"https:\/\/techstore.ba\/shop\/wp-json\/wp\/v2\/media?parent=50851"}],"wp:term":[{"taxonomy":"product_cat","embeddable":true,"href":"https:\/\/techstore.ba\/shop\/wp-json\/wp\/v2\/product_cat?post=50851"},{"taxonomy":"product_tag","embeddable":true,"href":"https:\/\/techstore.ba\/shop\/wp-json\/wp\/v2\/product_tag?post=50851"}],"curies":[{"name":"wp","href":"https:\/\/api.w.org\/{rel}","templated":true}]}}