{"id":50845,"date":"2026-02-11T14:46:36","date_gmt":"2026-02-11T13:46:36","guid":{"rendered":"https:\/\/techstore.ba\/shop\/product\/asus-rog-azoth-gamingmehanicka-tastatura\/"},"modified":"2026-04-04T11:52:55","modified_gmt":"2026-04-04T09:52:55","slug":"asus-rog-azoth-gamingmehanicka-tastatura","status":"publish","type":"product","link":"https:\/\/techstore.ba\/shop\/product\/asus-rog-azoth-gamingmehanicka-tastatura\/","title":{"rendered":"Asus ROG Azoth gamingmehani\u010dka tastatura"},"content":{"rendered":"","protected":false},"excerpt":{"rendered":"<p>Asus ROG Azoth gaming mehani\u010dka tastatura, mehani\u010dki prekida\u010di ROG NX, ROG stabilizatori tastature, PBT dupli poklopci, komplet za podmazivanje, trostruka konekcija sa SpeedNova tehnologijom od 2.4 GHz, OLED ekran, trosmjerno kontrolno dugme.<\/p>\n","protected":false},"featured_media":50846,"template":"","meta":[],"product_cat":[582,1015,1017,506],"product_tag":[],"class_list":{"0":"post-50845","1":"product","2":"type-product","3":"status-publish","4":"has-post-thumbnail","6":"product_cat-brend-asus","7":"product_cat-gaming-periferija","8":"product_cat-gaming-tastature","9":"product_cat-ct-tastature","10":"pa_brend-tastature","12":"first","13":"instock","14":"shipping-taxable","15":"purchasable","16":"product-type-simple"},"_links":{"self":[{"href":"https:\/\/techstore.ba\/shop\/wp-json\/wp\/v2\/product\/50845","targetHints":{"allow":["GET"]}}],"collection":[{"href":"https:\/\/techstore.ba\/shop\/wp-json\/wp\/v2\/product"}],"about":[{"href":"https:\/\/techstore.ba\/shop\/wp-json\/wp\/v2\/types\/product"}],"wp:featuredmedia":[{"embeddable":true,"href":"https:\/\/techstore.ba\/shop\/wp-json\/wp\/v2\/media\/50846"}],"wp:attachment":[{"href":"https:\/\/techstore.ba\/shop\/wp-json\/wp\/v2\/media?parent=50845"}],"wp:term":[{"taxonomy":"product_cat","embeddable":true,"href":"https:\/\/techstore.ba\/shop\/wp-json\/wp\/v2\/product_cat?post=50845"},{"taxonomy":"product_tag","embeddable":true,"href":"https:\/\/techstore.ba\/shop\/wp-json\/wp\/v2\/product_tag?post=50845"}],"curies":[{"name":"wp","href":"https:\/\/api.w.org\/{rel}","templated":true}]}}