{"id":50832,"date":"2026-02-11T14:41:23","date_gmt":"2026-02-11T13:41:23","guid":{"rendered":"https:\/\/techstore.ba\/shop\/product\/asus-tuf-gaming-h1-gen-iislusalice\/"},"modified":"2026-03-19T15:15:14","modified_gmt":"2026-03-19T14:15:14","slug":"asus-tuf-gaming-h1-gen-iislusalice","status":"publish","type":"product","link":"https:\/\/techstore.ba\/shop\/product\/asus-tuf-gaming-h1-gen-iislusalice\/","title":{"rendered":"Asus Tuf Gaming H1 Gen IIslu\u0161alice"},"content":{"rendered":"","protected":false},"excerpt":{"rendered":"<p>Asus Tuf Gaming H1 Gen II slu\u0161alice, savr\u0161en zvuk uz virtuelni surround 7.1, veza preko 3.5 mm priklju\u010dka, mikrofon ima discord certifikat i podr\u017eava teamspeaker, maksimalno udobna traka za glavu. Kompatibilne sa PC, Playstation 5, XBOX, Nintendo.<\/p>\n","protected":false},"featured_media":50833,"template":"","meta":[],"product_cat":[582,471,852],"product_tag":[],"class_list":{"0":"post-50832","1":"product","2":"type-product","3":"status-publish","4":"has-post-thumbnail","6":"product_cat-brend-asus","7":"product_cat-ct-slusalice","8":"product_cat-slusalice-za-pc","9":"pa_brend-asus","11":"first","12":"instock","13":"shipping-taxable","14":"purchasable","15":"product-type-simple"},"_links":{"self":[{"href":"https:\/\/techstore.ba\/shop\/wp-json\/wp\/v2\/product\/50832","targetHints":{"allow":["GET"]}}],"collection":[{"href":"https:\/\/techstore.ba\/shop\/wp-json\/wp\/v2\/product"}],"about":[{"href":"https:\/\/techstore.ba\/shop\/wp-json\/wp\/v2\/types\/product"}],"wp:featuredmedia":[{"embeddable":true,"href":"https:\/\/techstore.ba\/shop\/wp-json\/wp\/v2\/media\/50833"}],"wp:attachment":[{"href":"https:\/\/techstore.ba\/shop\/wp-json\/wp\/v2\/media?parent=50832"}],"wp:term":[{"taxonomy":"product_cat","embeddable":true,"href":"https:\/\/techstore.ba\/shop\/wp-json\/wp\/v2\/product_cat?post=50832"},{"taxonomy":"product_tag","embeddable":true,"href":"https:\/\/techstore.ba\/shop\/wp-json\/wp\/v2\/product_tag?post=50832"}],"curies":[{"name":"wp","href":"https:\/\/api.w.org\/{rel}","templated":true}]}}