{"id":50755,"date":"2026-02-11T14:26:34","date_gmt":"2026-02-11T13:26:34","guid":{"rendered":"https:\/\/techstore.ba\/shop\/product\/asus-rog-spatha-x-gaming-mis12-programabilnih-tipki-6-rogmikro-prekidaca-19000-dpi-wireless\/"},"modified":"2026-04-04T11:18:35","modified_gmt":"2026-04-04T09:18:35","slug":"asus-rog-spatha-x-gaming-mis12-programabilnih-tipki-6-rogmikro-prekidaca-19000-dpi-wireless","status":"publish","type":"product","link":"https:\/\/techstore.ba\/shop\/product\/asus-rog-spatha-x-gaming-mis12-programabilnih-tipki-6-rogmikro-prekidaca-19000-dpi-wireless\/","title":{"rendered":"ASUS ROG SPATHA X gaming mi\u0161,12 programabilnih tipki, 6 ROGmikro prekida\u010da, 19000 dpi, wireless"},"content":{"rendered":"","protected":false},"excerpt":{"rendered":"<p>ASUS ROG SPATHA X gaming mi\u0161, 12 programabilnih tipki, uklju\u010duju\u0107i 6 ROG mikro prekida\u010da, stiliziranih u obliku ikone oka ROG. Opti\u010dki senzor s integriranom DPI On -The-Scroll tipkom. Do 19.000 DPI, pleteni kabal 2m.<\/p>\n","protected":false},"featured_media":50756,"template":"","meta":[],"product_cat":[582,1016,1015,378],"product_tag":[],"class_list":{"0":"post-50755","1":"product","2":"type-product","3":"status-publish","4":"has-post-thumbnail","6":"product_cat-brend-asus","7":"product_cat-gaming-misevi","8":"product_cat-gaming-periferija","9":"product_cat-ct-misevi","10":"pa_brend-misevi","12":"first","13":"instock","14":"shipping-taxable","15":"purchasable","16":"product-type-simple"},"_links":{"self":[{"href":"https:\/\/techstore.ba\/shop\/wp-json\/wp\/v2\/product\/50755","targetHints":{"allow":["GET"]}}],"collection":[{"href":"https:\/\/techstore.ba\/shop\/wp-json\/wp\/v2\/product"}],"about":[{"href":"https:\/\/techstore.ba\/shop\/wp-json\/wp\/v2\/types\/product"}],"wp:featuredmedia":[{"embeddable":true,"href":"https:\/\/techstore.ba\/shop\/wp-json\/wp\/v2\/media\/50756"}],"wp:attachment":[{"href":"https:\/\/techstore.ba\/shop\/wp-json\/wp\/v2\/media?parent=50755"}],"wp:term":[{"taxonomy":"product_cat","embeddable":true,"href":"https:\/\/techstore.ba\/shop\/wp-json\/wp\/v2\/product_cat?post=50755"},{"taxonomy":"product_tag","embeddable":true,"href":"https:\/\/techstore.ba\/shop\/wp-json\/wp\/v2\/product_tag?post=50755"}],"curies":[{"name":"wp","href":"https:\/\/api.w.org\/{rel}","templated":true}]}}