{"id":50750,"date":"2026-02-11T14:26:30","date_gmt":"2026-02-11T13:26:30","guid":{"rendered":"https:\/\/techstore.ba\/shop\/product\/rog-scabbard-ii-podloga-za-mis-xxl\/"},"modified":"2026-04-04T11:18:35","modified_gmt":"2026-04-04T09:18:35","slug":"rog-scabbard-ii-podloga-za-mis-xxl","status":"publish","type":"product","link":"https:\/\/techstore.ba\/shop\/product\/rog-scabbard-ii-podloga-za-mis-xxl\/","title":{"rendered":"ROG Scabbard II podloga za mi\u0161, XXL"},"content":{"rendered":"","protected":false},"excerpt":{"rendered":"<p>ASUS ROG Scabbard II gaming XXL podloga za mi\u0161, tastaturu i druge komponente.Glatka povr\u0161ina omogu\u0107ava precizno pomjeranje mi\u0161a, a gumirano dno sprje\u010dava klizanje podloge neovisno o povr\u0161ini na kojoj se nalazi. Dimenzije 900 x 440 x 3 mm.<\/p>\n","protected":false},"featured_media":50751,"template":"","meta":[],"product_cat":[582,378],"product_tag":[],"class_list":{"0":"post-50750","1":"product","2":"type-product","3":"status-publish","4":"has-post-thumbnail","6":"product_cat-brend-asus","7":"product_cat-ct-misevi","8":"pa_brend-misevi","10":"first","11":"instock","12":"shipping-taxable","13":"purchasable","14":"product-type-simple"},"_links":{"self":[{"href":"https:\/\/techstore.ba\/shop\/wp-json\/wp\/v2\/product\/50750","targetHints":{"allow":["GET"]}}],"collection":[{"href":"https:\/\/techstore.ba\/shop\/wp-json\/wp\/v2\/product"}],"about":[{"href":"https:\/\/techstore.ba\/shop\/wp-json\/wp\/v2\/types\/product"}],"wp:featuredmedia":[{"embeddable":true,"href":"https:\/\/techstore.ba\/shop\/wp-json\/wp\/v2\/media\/50751"}],"wp:attachment":[{"href":"https:\/\/techstore.ba\/shop\/wp-json\/wp\/v2\/media?parent=50750"}],"wp:term":[{"taxonomy":"product_cat","embeddable":true,"href":"https:\/\/techstore.ba\/shop\/wp-json\/wp\/v2\/product_cat?post=50750"},{"taxonomy":"product_tag","embeddable":true,"href":"https:\/\/techstore.ba\/shop\/wp-json\/wp\/v2\/product_tag?post=50750"}],"curies":[{"name":"wp","href":"https:\/\/api.w.org\/{rel}","templated":true}]}}