{"id":50746,"date":"2026-02-11T14:26:24","date_gmt":"2026-02-11T13:26:24","guid":{"rendered":"https:\/\/techstore.ba\/shop\/product\/asus-rog-strix-edge-gamingpodloga-za-mis\/"},"modified":"2026-04-04T11:18:34","modified_gmt":"2026-04-04T09:18:34","slug":"asus-rog-strix-edge-gamingpodloga-za-mis","status":"publish","type":"product","link":"https:\/\/techstore.ba\/shop\/product\/asus-rog-strix-edge-gamingpodloga-za-mis\/","title":{"rendered":"Asus ROG Strix Edge gamingpodloga za mi\u0161"},"content":{"rendered":"","protected":false},"excerpt":{"rendered":"<p>Asus ROG Strix Edge gaming podloga za mi\u0161, vertikalna, neklizaju\u0107a<\/p>\n","protected":false},"featured_media":50747,"template":"","meta":[],"product_cat":[582,378],"product_tag":[],"class_list":{"0":"post-50746","1":"product","2":"type-product","3":"status-publish","4":"has-post-thumbnail","6":"product_cat-brend-asus","7":"product_cat-ct-misevi","8":"pa_brend-misevi","10":"first","11":"instock","12":"shipping-taxable","13":"purchasable","14":"product-type-simple"},"_links":{"self":[{"href":"https:\/\/techstore.ba\/shop\/wp-json\/wp\/v2\/product\/50746","targetHints":{"allow":["GET"]}}],"collection":[{"href":"https:\/\/techstore.ba\/shop\/wp-json\/wp\/v2\/product"}],"about":[{"href":"https:\/\/techstore.ba\/shop\/wp-json\/wp\/v2\/types\/product"}],"wp:featuredmedia":[{"embeddable":true,"href":"https:\/\/techstore.ba\/shop\/wp-json\/wp\/v2\/media\/50747"}],"wp:attachment":[{"href":"https:\/\/techstore.ba\/shop\/wp-json\/wp\/v2\/media?parent=50746"}],"wp:term":[{"taxonomy":"product_cat","embeddable":true,"href":"https:\/\/techstore.ba\/shop\/wp-json\/wp\/v2\/product_cat?post=50746"},{"taxonomy":"product_tag","embeddable":true,"href":"https:\/\/techstore.ba\/shop\/wp-json\/wp\/v2\/product_tag?post=50746"}],"curies":[{"name":"wp","href":"https:\/\/api.w.org\/{rel}","templated":true}]}}