{"id":50619,"date":"2026-02-10T13:46:46","date_gmt":"2026-02-10T12:46:46","guid":{"rendered":"https:\/\/techstore.ba\/shop\/?post_type=product&#038;p=50619"},"modified":"2026-04-04T17:15:11","modified_gmt":"2026-04-04T15:15:11","slug":"samsung-galaxy-buds-3-sm-530","status":"publish","type":"product","link":"https:\/\/techstore.ba\/shop\/product\/samsung-galaxy-buds-3-sm-530\/","title":{"rendered":"Samsung Galaxy Buds 3 SM-530"},"content":{"rendered":"<div class=\"flex flex-col text-sm pb-25\">\n<article class=\"text-token-text-primary w-full focus:outline-none [--shadow-height:45px] has-data-writing-block:pointer-events-none has-data-writing-block:-mt-(--shadow-height) has-data-writing-block:pt-(--shadow-height) [&amp;:has([data-writing-block])&gt;*]:pointer-events-auto scroll-mt-[calc(var(--header-height)+min(200px,max(70px,20svh)))]\" dir=\"auto\" tabindex=\"-1\" data-turn-id=\"request-WEB:1698723f-71f0-4688-856b-2def7c9bc1e4-2\" data-testid=\"conversation-turn-6\" data-scroll-anchor=\"true\" data-turn=\"assistant\">\n<div class=\"text-base my-auto mx-auto pb-10 [--thread-content-margin:--spacing(4)] @w-sm\/main:[--thread-content-margin:--spacing(6)] @w-lg\/main:[--thread-content-margin:--spacing(16)] px-(--thread-content-margin)\">\n<div class=\"[--thread-content-max-width:40rem] @w-lg\/main:[--thread-content-max-width:48rem] mx-auto max-w-(--thread-content-max-width) flex-1 group\/turn-messages focus-visible:outline-hidden relative flex w-full min-w-0 flex-col agent-turn\" tabindex=\"-1\">\n<div class=\"flex max-w-full flex-col grow\">\n<div class=\"min-h-8 text-message relative flex w-full flex-col items-end gap-2 text-start break-words whitespace-normal [.text-message+&amp;]:mt-1\" dir=\"auto\" data-message-author-role=\"assistant\" data-message-id=\"35f4a809-3b4f-4cef-98c5-289094213660\" data-message-model-slug=\"gpt-5-mini\">\n<div class=\"flex w-full flex-col gap-1 empty:hidden first:pt-[1px]\">\n<div class=\"markdown prose dark:prose-invert w-full wrap-break-word light markdown-new-styling\">\n<p data-start=\"246\" data-end=\"265\"><strong data-start=\"249\" data-end=\"263\">Zvuk i ANC<\/strong><\/p>\n<ul data-start=\"266\" data-end=\"491\">\n<li data-start=\"266\" data-end=\"357\">\n<p data-start=\"268\" data-end=\"357\">11\u202fmm zvu\u010dnik s podr\u0161kom za <strong data-start=\"296\" data-end=\"318\">24\u2011bit Hi\u2011Fi audio<\/strong> i <strong data-start=\"321\" data-end=\"334\">360 Audio<\/strong> za pro\u017eimaju\u0107i zvuk.<\/p>\n<\/li>\n<li data-start=\"358\" data-end=\"491\">\n<p data-start=\"360\" data-end=\"491\"><strong data-start=\"360\" data-end=\"405\">Adaptivno aktivno poni\u0161tavanje buke (ANC)<\/strong> za fokus na glazbi i pozive u bu\u010dnom okru\u017eenju.<\/p>\n<\/li>\n<\/ul>\n<p data-start=\"493\" data-end=\"523\"><strong data-start=\"496\" data-end=\"521\">Povezivost i kontrole<\/strong><\/p>\n<ul data-start=\"524\" data-end=\"691\">\n<li data-start=\"524\" data-end=\"583\">\n<p data-start=\"526\" data-end=\"583\"><strong data-start=\"526\" data-end=\"543\">Bluetooth\u202f5.4<\/strong> s podr\u0161kom za Auto Switch i LE Audio.<\/p>\n<\/li>\n<li data-start=\"584\" data-end=\"691\">\n<p data-start=\"586\" data-end=\"691\">Intuitivne dodirne geste za upravljanje reproduciranjem i pozivima.<\/p>\n<\/li>\n<\/ul>\n<p data-start=\"693\" data-end=\"710\"><strong data-start=\"696\" data-end=\"708\">Baterija<\/strong><\/p>\n<ul data-start=\"711\" data-end=\"856\">\n<li data-start=\"711\" data-end=\"768\">\n<p data-start=\"713\" data-end=\"768\">Do <strong data-start=\"716\" data-end=\"745\">5\u202fh reprodukcije s ANC\u2011om<\/strong> (do ~6\u202fh bez ANC\u2011a).<\/p>\n<\/li>\n<li data-start=\"769\" data-end=\"856\">\n<p data-start=\"771\" data-end=\"856\">Ukupno do <strong data-start=\"781\" data-end=\"794\">24\u202f\u2013\u202f30\u202fh<\/strong> s ku\u0107i\u0161tem za punjenje.<\/p>\n<\/li>\n<\/ul>\n<p data-start=\"858\" data-end=\"884\"><strong data-start=\"861\" data-end=\"882\">Dizajn i trajnost<\/strong><\/p>\n<ul data-start=\"885\" data-end=\"1050\">\n<li data-start=\"885\" data-end=\"937\">\n<p data-start=\"887\" data-end=\"937\"><strong data-start=\"887\" data-end=\"912\">Lagan i udoban dizajn<\/strong> (~4,7\u202fg po slu\u0161alici).<\/p>\n<\/li>\n<li data-start=\"938\" data-end=\"1050\">\n<p data-start=\"940\" data-end=\"1050\"><strong data-start=\"940\" data-end=\"958\">IP57 otpornost<\/strong> na vodu i pra\u0161inu, prikladno za svakodnevnu upotrebu.<\/p>\n<\/li>\n<\/ul>\n<p data-start=\"1052\" data-end=\"1077\"><strong data-start=\"1055\" data-end=\"1075\">Dodatne funkcije<\/strong><\/p>\n<ul data-start=\"1078\" data-end=\"1224\">\n<li data-start=\"1078\" data-end=\"1118\">\n<p data-start=\"1080\" data-end=\"1118\">Samsung Find za lociranje slu\u0161alica.<\/p>\n<\/li>\n<li data-start=\"1119\" data-end=\"1224\">\n<p data-start=\"1121\" data-end=\"1224\">Adaptive EQ i pobolj\u0161ane tehnologije mikrofona za jasnije pozive.<\/p>\n<\/li>\n<\/ul>\n<p data-start=\"1226\" data-end=\"1405\">Ukratko, Buds\u202f3 SM\u2011R530 su <strong data-start=\"1253\" data-end=\"1284\">svestrane be\u017ei\u010dne slu\u0161alice<\/strong> s dobrom kvalitetom zvuka, ANC\u2011om i prakti\u010dnim zna\u010dajkama za svakodnevnu upotrebu.<\/p>\n<\/div>\n<\/div>\n<\/div>\n<\/div>\n<div class=\"z-0 flex min-h-[46px] justify-start\"><\/div>\n<\/div>\n<\/div>\n<\/article>\n<\/div>\n<div class=\"pointer-events-none h-px w-px absolute bottom-0\" aria-hidden=\"true\" data-edge=\"true\"><\/div>\n","protected":false},"excerpt":{"rendered":"<p>Zvuk i ANC 11\u202fmm zvu\u010dnik s podr\u0161kom za 24\u2011bit Hi\u2011Fi audio i 360 Audio za pro\u017eimaju\u0107i zvuk. Adaptivno aktivno poni\u0161tavanje buke (ANC) za fokus na glazbi i pozive u bu\u010dnom okru\u017eenju. Povezivost i kontrole Bluetooth\u202f5.4 s podr\u0161kom za Auto Switch i LE Audio. Intuitivne dodirne geste za upravljanje reproduciranjem i pozivima. Baterija Do 5\u202fh reprodukcije [&hellip;]<\/p>\n","protected":false},"featured_media":50620,"template":"","meta":[],"product_cat":[1231,383],"product_tag":[],"class_list":{"0":"post-50619","1":"product","2":"type-product","3":"status-publish","4":"has-post-thumbnail","6":"product_cat-akcijamart","7":"product_cat-ct-mobilphear","8":"pa_brend-slusalice-za-mobilne-telefone","10":"first","11":"instock","12":"sale","13":"shipping-taxable","14":"purchasable","15":"product-type-simple"},"_links":{"self":[{"href":"https:\/\/techstore.ba\/shop\/wp-json\/wp\/v2\/product\/50619","targetHints":{"allow":["GET"]}}],"collection":[{"href":"https:\/\/techstore.ba\/shop\/wp-json\/wp\/v2\/product"}],"about":[{"href":"https:\/\/techstore.ba\/shop\/wp-json\/wp\/v2\/types\/product"}],"wp:featuredmedia":[{"embeddable":true,"href":"https:\/\/techstore.ba\/shop\/wp-json\/wp\/v2\/media\/50620"}],"wp:attachment":[{"href":"https:\/\/techstore.ba\/shop\/wp-json\/wp\/v2\/media?parent=50619"}],"wp:term":[{"taxonomy":"product_cat","embeddable":true,"href":"https:\/\/techstore.ba\/shop\/wp-json\/wp\/v2\/product_cat?post=50619"},{"taxonomy":"product_tag","embeddable":true,"href":"https:\/\/techstore.ba\/shop\/wp-json\/wp\/v2\/product_tag?post=50619"}],"curies":[{"name":"wp","href":"https:\/\/api.w.org\/{rel}","templated":true}]}}