{"id":50601,"date":"2026-02-10T13:04:33","date_gmt":"2026-02-10T12:04:33","guid":{"rendered":"https:\/\/techstore.ba\/shop\/?post_type=product&#038;p=50601"},"modified":"2026-02-23T18:02:32","modified_gmt":"2026-02-23T17:02:32","slug":"logitech-h111-slusalice","status":"publish","type":"product","link":"https:\/\/techstore.ba\/shop\/product\/logitech-h111-slusalice\/","title":{"rendered":"Logitech H111 Slu\u0161alice"},"content":{"rendered":"<ul>\n<li data-start=\"332\" data-end=\"473\">\n<p data-start=\"334\" data-end=\"473\"><strong data-start=\"334\" data-end=\"367\">Jednostavno \u017ei\u010dno povezivanje<\/strong> s 3,5\u202fmm audio priklju\u010dkom \u2013 plug\u2011and\u2011play bez dodatnih drajvera.<\/p>\n<\/li>\n<li data-start=\"474\" data-end=\"573\">\n<p data-start=\"476\" data-end=\"573\"><strong data-start=\"476\" data-end=\"491\">Stereo zvuk<\/strong> za jasne pozive, muziku i video sadr\u017eaje.<\/p>\n<\/li>\n<li data-start=\"574\" data-end=\"718\">\n<p data-start=\"576\" data-end=\"718\"><strong data-start=\"576\" data-end=\"599\">Rotiraju\u0107i mikrofon<\/strong> koji se mo\u017ee postaviti s lijeve ili desne strane i prilagoditi poziciji glasu.<\/p>\n<\/li>\n<li data-start=\"719\" data-end=\"843\">\n<p data-start=\"721\" data-end=\"843\"><strong data-start=\"721\" data-end=\"747\">Podesiv obru\u010d za glavu<\/strong> i mekani jastu\u010di\u0107i za osnovnu udobnost tijekom no\u0161enja.<\/p>\n<\/li>\n<li data-start=\"844\" data-end=\"967\">\n<p data-start=\"846\" data-end=\"967\"><strong data-start=\"846\" data-end=\"883\">Kompatibilnost s mnogim ure\u0111ajima<\/strong>, uklju\u010duju\u0107i ra\u010dunare, smartfone i tablete.<\/p>\n<\/li>\n<\/ul>\n","protected":false},"excerpt":{"rendered":"<p>Jednostavno \u017ei\u010dno povezivanje s 3,5\u202fmm audio priklju\u010dkom \u2013 plug\u2011and\u2011play bez dodatnih drajvera. Stereo zvuk za jasne pozive, muziku i video sadr\u017eaje. Rotiraju\u0107i mikrofon koji se mo\u017ee postaviti s lijeve ili desne strane i prilagoditi poziciji glasu. Podesiv obru\u010d za glavu i mekani jastu\u010di\u0107i za osnovnu udobnost tijekom no\u0161enja. Kompatibilnost s mnogim ure\u0111ajima, uklju\u010duju\u0107i ra\u010dunare, smartfone [&hellip;]<\/p>\n","protected":false},"featured_media":50602,"template":"","meta":[],"product_cat":[852,15],"product_tag":[],"class_list":{"0":"post-50601","1":"product","2":"type-product","3":"status-publish","4":"has-post-thumbnail","6":"product_cat-slusalice-za-pc","7":"product_cat-uncategorized","8":"pa_brend-uncategorized","10":"first","11":"instock","12":"shipping-taxable","13":"purchasable","14":"product-type-simple"},"_links":{"self":[{"href":"https:\/\/techstore.ba\/shop\/wp-json\/wp\/v2\/product\/50601","targetHints":{"allow":["GET"]}}],"collection":[{"href":"https:\/\/techstore.ba\/shop\/wp-json\/wp\/v2\/product"}],"about":[{"href":"https:\/\/techstore.ba\/shop\/wp-json\/wp\/v2\/types\/product"}],"wp:featuredmedia":[{"embeddable":true,"href":"https:\/\/techstore.ba\/shop\/wp-json\/wp\/v2\/media\/50602"}],"wp:attachment":[{"href":"https:\/\/techstore.ba\/shop\/wp-json\/wp\/v2\/media?parent=50601"}],"wp:term":[{"taxonomy":"product_cat","embeddable":true,"href":"https:\/\/techstore.ba\/shop\/wp-json\/wp\/v2\/product_cat?post=50601"},{"taxonomy":"product_tag","embeddable":true,"href":"https:\/\/techstore.ba\/shop\/wp-json\/wp\/v2\/product_tag?post=50601"}],"curies":[{"name":"wp","href":"https:\/\/api.w.org\/{rel}","templated":true}]}}