{"id":50599,"date":"2026-02-10T13:02:34","date_gmt":"2026-02-10T12:02:34","guid":{"rendered":"https:\/\/techstore.ba\/shop\/?post_type=product&#038;p=50599"},"modified":"2026-02-23T18:02:43","modified_gmt":"2026-02-23T17:02:43","slug":"logitech-h340-slusalice","status":"publish","type":"product","link":"https:\/\/techstore.ba\/shop\/product\/logitech-h340-slusalice\/","title":{"rendered":"Logitech H340 Slu\u0161alice"},"content":{"rendered":"<ul data-start=\"319\" data-end=\"972\">\n<li data-start=\"319\" data-end=\"474\">\n<p data-start=\"321\" data-end=\"474\"><strong data-start=\"321\" data-end=\"342\">USB plug\u2011and\u2011play<\/strong> povezanost \u2014 jednostavno se priklju\u010de i odmah rade na Windows, macOS i Chrome OS ure\u0111ajima.<\/p>\n<\/li>\n<li data-start=\"475\" data-end=\"613\">\n<p data-start=\"477\" data-end=\"613\"><strong data-start=\"477\" data-end=\"502\">Digitalni stereo zvuk<\/strong> pru\u017ea jasan audio za <strong data-start=\"524\" data-end=\"572\">muziku, pozive, video i svakodnevnu upotrebu<\/strong>.<\/p>\n<\/li>\n<li data-start=\"614\" data-end=\"751\">\n<p data-start=\"616\" data-end=\"751\"><strong data-start=\"616\" data-end=\"660\">Mikrofon s poni\u0161tavanjem pozadinske buke<\/strong> pobolj\u0161ava jasno\u0107u glasa tokom poziva i sastanaka.<\/p>\n<\/li>\n<li data-start=\"752\" data-end=\"873\">\n<p data-start=\"754\" data-end=\"873\"><strong data-start=\"754\" data-end=\"773\">Lagane i udobne<\/strong>, sa podesivom trakom i mekanim jastu\u010di\u0107ima za du\u017ee no\u0161enje.<\/p>\n<\/li>\n<li data-start=\"874\" data-end=\"972\">\n<p data-start=\"876\" data-end=\"972\">Du\u017eina USB kabla (~1,8\u202fm) daje ti laganu slobodu kretanja.<\/p>\n<\/li>\n<\/ul>\n","protected":false},"excerpt":{"rendered":"<p>USB plug\u2011and\u2011play povezanost \u2014 jednostavno se priklju\u010de i odmah rade na Windows, macOS i Chrome OS ure\u0111ajima. Digitalni stereo zvuk pru\u017ea jasan audio za muziku, pozive, video i svakodnevnu upotrebu. Mikrofon s poni\u0161tavanjem pozadinske buke pobolj\u0161ava jasno\u0107u glasa tokom poziva i sastanaka. Lagane i udobne, sa podesivom trakom i mekanim jastu\u010di\u0107ima za du\u017ee no\u0161enje. Du\u017eina [&hellip;]<\/p>\n","protected":false},"featured_media":50600,"template":"","meta":[],"product_cat":[852],"product_tag":[],"class_list":{"0":"post-50599","1":"product","2":"type-product","3":"status-publish","4":"has-post-thumbnail","6":"product_cat-slusalice-za-pc","7":"pa_brend-slusalice-za-pc","9":"first","10":"instock","11":"shipping-taxable","12":"purchasable","13":"product-type-simple"},"_links":{"self":[{"href":"https:\/\/techstore.ba\/shop\/wp-json\/wp\/v2\/product\/50599","targetHints":{"allow":["GET"]}}],"collection":[{"href":"https:\/\/techstore.ba\/shop\/wp-json\/wp\/v2\/product"}],"about":[{"href":"https:\/\/techstore.ba\/shop\/wp-json\/wp\/v2\/types\/product"}],"wp:featuredmedia":[{"embeddable":true,"href":"https:\/\/techstore.ba\/shop\/wp-json\/wp\/v2\/media\/50600"}],"wp:attachment":[{"href":"https:\/\/techstore.ba\/shop\/wp-json\/wp\/v2\/media?parent=50599"}],"wp:term":[{"taxonomy":"product_cat","embeddable":true,"href":"https:\/\/techstore.ba\/shop\/wp-json\/wp\/v2\/product_cat?post=50599"},{"taxonomy":"product_tag","embeddable":true,"href":"https:\/\/techstore.ba\/shop\/wp-json\/wp\/v2\/product_tag?post=50599"}],"curies":[{"name":"wp","href":"https:\/\/api.w.org\/{rel}","templated":true}]}}