{"id":50593,"date":"2026-02-10T12:53:47","date_gmt":"2026-02-10T11:53:47","guid":{"rendered":"https:\/\/techstore.ba\/shop\/?post_type=product&#038;p=50593"},"modified":"2026-02-23T18:03:29","modified_gmt":"2026-02-23T17:03:29","slug":"logitech-g331-gaming-slusalice","status":"publish","type":"product","link":"https:\/\/techstore.ba\/shop\/product\/logitech-g331-gaming-slusalice\/","title":{"rendered":"Logitech G331 Gaming Slu\u0161alice"},"content":{"rendered":"<ul>\n<li data-start=\"296\" data-end=\"432\">\n<p data-start=\"298\" data-end=\"432\">Veliki <strong data-start=\"305\" data-end=\"329\">50 mm audio drajveri<\/strong> za sna\u017ean i detaljan zvuk \u2014 pogodnu za igre, muziku i filmove.<\/p>\n<\/li>\n<li data-start=\"433\" data-end=\"595\">\n<p data-start=\"435\" data-end=\"595\"><strong data-start=\"435\" data-end=\"457\">6 mm boom mikrofon<\/strong> s funkcijom flip-to-mute omogu\u0107ava <strong data-start=\"493\" data-end=\"515\">jasnu komunikaciju<\/strong> i brzo isklju\u010divanje kad ne razgovara\u0161.<\/p>\n<\/li>\n<li data-start=\"596\" data-end=\"754\">\n<p data-start=\"598\" data-end=\"754\"><strong data-start=\"598\" data-end=\"617\">Lagane i udobne<\/strong> s jastu\u010di\u0107ima od umjetne ko\u017ee i rotiraju\u0107im u\u0161nim \u010da\u0161ama \u2014 prilagodljivo dugim sesijama igranja.<\/p>\n<\/li>\n<li data-start=\"755\" data-end=\"913\">\n<p data-start=\"757\" data-end=\"913\"><strong data-start=\"757\" data-end=\"792\">Kompatibilnost s vi\u0161e platformi<\/strong> putem 3,5 mm priklju\u010dka: PC, Mac, PlayStation, Xbox, Nintendo i mobilni ure\u0111aji.<\/p>\n<\/li>\n<li data-start=\"914\" data-end=\"1031\">\n<p data-start=\"916\" data-end=\"1031\">Ugra\u0111ena <strong data-start=\"925\" data-end=\"950\">kontrola ja\u010dine zvuka<\/strong> na slu\u0161alicama za jednostavno pode\u0161avanje.<\/p>\n<\/li>\n<\/ul>\n","protected":false},"excerpt":{"rendered":"<p>Veliki 50 mm audio drajveri za sna\u017ean i detaljan zvuk \u2014 pogodnu za igre, muziku i filmove. 6 mm boom mikrofon s funkcijom flip-to-mute omogu\u0107ava jasnu komunikaciju i brzo isklju\u010divanje kad ne razgovara\u0161. Lagane i udobne s jastu\u010di\u0107ima od umjetne ko\u017ee i rotiraju\u0107im u\u0161nim \u010da\u0161ama \u2014 prilagodljivo dugim sesijama igranja. Kompatibilnost s vi\u0161e platformi putem [&hellip;]<\/p>\n","protected":false},"featured_media":50594,"template":"","meta":[],"product_cat":[852],"product_tag":[],"class_list":{"0":"post-50593","1":"product","2":"type-product","3":"status-publish","4":"has-post-thumbnail","6":"product_cat-slusalice-za-pc","7":"pa_brend-slusalice-za-pc","9":"first","10":"instock","11":"shipping-taxable","12":"purchasable","13":"product-type-simple"},"_links":{"self":[{"href":"https:\/\/techstore.ba\/shop\/wp-json\/wp\/v2\/product\/50593","targetHints":{"allow":["GET"]}}],"collection":[{"href":"https:\/\/techstore.ba\/shop\/wp-json\/wp\/v2\/product"}],"about":[{"href":"https:\/\/techstore.ba\/shop\/wp-json\/wp\/v2\/types\/product"}],"wp:featuredmedia":[{"embeddable":true,"href":"https:\/\/techstore.ba\/shop\/wp-json\/wp\/v2\/media\/50594"}],"wp:attachment":[{"href":"https:\/\/techstore.ba\/shop\/wp-json\/wp\/v2\/media?parent=50593"}],"wp:term":[{"taxonomy":"product_cat","embeddable":true,"href":"https:\/\/techstore.ba\/shop\/wp-json\/wp\/v2\/product_cat?post=50593"},{"taxonomy":"product_tag","embeddable":true,"href":"https:\/\/techstore.ba\/shop\/wp-json\/wp\/v2\/product_tag?post=50593"}],"curies":[{"name":"wp","href":"https:\/\/api.w.org\/{rel}","templated":true}]}}