{"id":50591,"date":"2026-02-10T12:49:47","date_gmt":"2026-02-10T11:49:47","guid":{"rendered":"https:\/\/techstore.ba\/shop\/?post_type=product&#038;p=50591"},"modified":"2026-02-23T18:03:41","modified_gmt":"2026-02-23T17:03:41","slug":"hyperx-cloud-alpha-red-slusalice","status":"publish","type":"product","link":"https:\/\/techstore.ba\/shop\/product\/hyperx-cloud-alpha-red-slusalice\/","title":{"rendered":"HyperX Cloud Alpha Red Slu\u0161alice"},"content":{"rendered":"<ul>\n<li data-start=\"323\" data-end=\"509\">\n<p data-start=\"325\" data-end=\"509\"><strong data-start=\"325\" data-end=\"354\">Dvokomorni 50 mm drajveri<\/strong> pru\u017eaju <strong data-start=\"363\" data-end=\"392\">jasniji i precizniji zvuk<\/strong> \u2014 bas je odi\u010den, a srednji i visoki tonovi su jasni bez zna\u010dajne distorzije.<\/p>\n<\/li>\n<li data-start=\"510\" data-end=\"675\">\n<p data-start=\"512\" data-end=\"675\"><strong data-start=\"512\" data-end=\"543\">Izdr\u017eljiv aluminijski okvir<\/strong> i velika <strong data-start=\"553\" data-end=\"593\">udobna u\u0161ivanja s memorijskom pjenom<\/strong> omogu\u0107uju vi\u0161esatno igranje bez nelagode.<\/p>\n<\/li>\n<li data-start=\"676\" data-end=\"830\">\n<p data-start=\"678\" data-end=\"830\"><strong data-start=\"678\" data-end=\"720\">Odvojivi mikrofon s poni\u0161tavanjem buke<\/strong> i <strong data-start=\"723\" data-end=\"742\">inline kontrole<\/strong> olak\u0161avaju komunikaciju i pode\u0161avanje glasno\u0107e.<\/p>\n<\/li>\n<li data-start=\"831\" data-end=\"990\">\n<p data-start=\"833\" data-end=\"990\"><strong data-start=\"833\" data-end=\"869\">Kompatibilnost sa vi\u0161e platformi<\/strong>: PC, Mac, Xbox, PlayStation, Nintendo i mobilni ure\u0111aji putem 3,5 mm priklju\u010dka.<\/p>\n<\/li>\n<li data-start=\"991\" data-end=\"1090\">\n<p data-start=\"993\" data-end=\"1090\">Crveno-crni dizajn daje im gejmerski, prepoznatljiv izgled.<\/p>\n<\/li>\n<\/ul>\n","protected":false},"excerpt":{"rendered":"<p>Dvokomorni 50 mm drajveri pru\u017eaju jasniji i precizniji zvuk \u2014 bas je odi\u010den, a srednji i visoki tonovi su jasni bez zna\u010dajne distorzije. Izdr\u017eljiv aluminijski okvir i velika udobna u\u0161ivanja s memorijskom pjenom omogu\u0107uju vi\u0161esatno igranje bez nelagode. Odvojivi mikrofon s poni\u0161tavanjem buke i inline kontrole olak\u0161avaju komunikaciju i pode\u0161avanje glasno\u0107e. Kompatibilnost sa vi\u0161e platformi: [&hellip;]<\/p>\n","protected":false},"featured_media":50592,"template":"","meta":[],"product_cat":[852],"product_tag":[],"class_list":{"0":"post-50591","1":"product","2":"type-product","3":"status-publish","4":"has-post-thumbnail","6":"product_cat-slusalice-za-pc","7":"pa_brend-slusalice-za-pc","9":"first","10":"instock","11":"shipping-taxable","12":"purchasable","13":"product-type-simple"},"_links":{"self":[{"href":"https:\/\/techstore.ba\/shop\/wp-json\/wp\/v2\/product\/50591","targetHints":{"allow":["GET"]}}],"collection":[{"href":"https:\/\/techstore.ba\/shop\/wp-json\/wp\/v2\/product"}],"about":[{"href":"https:\/\/techstore.ba\/shop\/wp-json\/wp\/v2\/types\/product"}],"wp:featuredmedia":[{"embeddable":true,"href":"https:\/\/techstore.ba\/shop\/wp-json\/wp\/v2\/media\/50592"}],"wp:attachment":[{"href":"https:\/\/techstore.ba\/shop\/wp-json\/wp\/v2\/media?parent=50591"}],"wp:term":[{"taxonomy":"product_cat","embeddable":true,"href":"https:\/\/techstore.ba\/shop\/wp-json\/wp\/v2\/product_cat?post=50591"},{"taxonomy":"product_tag","embeddable":true,"href":"https:\/\/techstore.ba\/shop\/wp-json\/wp\/v2\/product_tag?post=50591"}],"curies":[{"name":"wp","href":"https:\/\/api.w.org\/{rel}","templated":true}]}}