{"id":50589,"date":"2026-02-10T12:42:40","date_gmt":"2026-02-10T11:42:40","guid":{"rendered":"https:\/\/techstore.ba\/shop\/?post_type=product&#038;p=50589"},"modified":"2026-02-23T18:04:49","modified_gmt":"2026-02-23T17:04:49","slug":"aiwa-slusalice-hst-250bt-tnmkii-wireless","status":"publish","type":"product","link":"https:\/\/techstore.ba\/shop\/product\/aiwa-slusalice-hst-250bt-tnmkii-wireless\/","title":{"rendered":"AIWA SLUSALICE HST-250BT\/TNMKII WIRELESS"},"content":{"rendered":"<ul>\n<li data-start=\"283\" data-end=\"391\">\n<p data-start=\"285\" data-end=\"391\">Be\u017ei\u010dna povezanost putem <strong data-start=\"310\" data-end=\"327\">Bluetooth 5.4<\/strong> sa dometom do oko 10 m.<\/p>\n<\/li>\n<li data-start=\"392\" data-end=\"522\">\n<p data-start=\"394\" data-end=\"522\"><strong data-start=\"394\" data-end=\"413\">Over-ear dizajn<\/strong> s mekanim, luksuznim jastu\u010di\u0107ima za dobru izolaciju buke i udobnost.<\/p>\n<\/li>\n<li data-start=\"523\" data-end=\"653\">\n<p data-start=\"525\" data-end=\"653\"><strong data-start=\"525\" data-end=\"539\">Hi-Fi zvuk<\/strong> s 40 mm driverima i HYPERBass tehnologijom za puniji bas i jasniji audio.<\/p>\n<\/li>\n<li data-start=\"654\" data-end=\"739\">\n<p data-start=\"656\" data-end=\"739\"><strong data-start=\"656\" data-end=\"677\">Ugra\u0111eni mikrofon<\/strong> za hands-free pozive.<\/p>\n<\/li>\n<li data-start=\"740\" data-end=\"920\">\n<p data-start=\"742\" data-end=\"920\"><strong data-start=\"742\" data-end=\"770\">Tri na\u010dina reprodukcije:<\/strong> Bluetooth be\u017ei\u010dno, <strong data-start=\"790\" data-end=\"811\">AUX ulaz (3,5 mm)<\/strong> i <strong data-start=\"814\" data-end=\"834\">Micro-SD kartica<\/strong> za direktno pu\u0161tanje MP3 muzike bez telefona.<\/p>\n<\/li>\n<li data-start=\"921\" data-end=\"1032\">\n<p data-start=\"923\" data-end=\"1032\"><strong data-start=\"923\" data-end=\"936\">Baterija:<\/strong> do oko <strong data-start=\"944\" data-end=\"968\">12 sati reprodukcije<\/strong> i brzo punjenje (~2 h).<\/p>\n<\/li>\n<li data-start=\"1033\" data-end=\"1156\">\n<p data-start=\"1035\" data-end=\"1156\"><strong data-start=\"1035\" data-end=\"1062\">Udobnost i prakti\u010dnost:<\/strong> ergonomski podesiv i sklopiv dizajn za lak transport.<\/p>\n<\/li>\n<\/ul>\n","protected":false},"excerpt":{"rendered":"<p>Be\u017ei\u010dna povezanost putem Bluetooth 5.4 sa dometom do oko 10 m. Over-ear dizajn s mekanim, luksuznim jastu\u010di\u0107ima za dobru izolaciju buke i udobnost. Hi-Fi zvuk s 40 mm driverima i HYPERBass tehnologijom za puniji bas i jasniji audio. Ugra\u0111eni mikrofon za hands-free pozive. Tri na\u010dina reprodukcije: Bluetooth be\u017ei\u010dno, AUX ulaz (3,5 mm) i Micro-SD kartica [&hellip;]<\/p>\n","protected":false},"featured_media":50590,"template":"","meta":[],"product_cat":[383],"product_tag":[],"class_list":{"0":"post-50589","1":"product","2":"type-product","3":"status-publish","4":"has-post-thumbnail","6":"product_cat-ct-mobilphear","7":"pa_brend-slusalice-za-mobilne-telefone","9":"first","10":"instock","11":"shipping-taxable","12":"purchasable","13":"product-type-simple"},"_links":{"self":[{"href":"https:\/\/techstore.ba\/shop\/wp-json\/wp\/v2\/product\/50589","targetHints":{"allow":["GET"]}}],"collection":[{"href":"https:\/\/techstore.ba\/shop\/wp-json\/wp\/v2\/product"}],"about":[{"href":"https:\/\/techstore.ba\/shop\/wp-json\/wp\/v2\/types\/product"}],"wp:featuredmedia":[{"embeddable":true,"href":"https:\/\/techstore.ba\/shop\/wp-json\/wp\/v2\/media\/50590"}],"wp:attachment":[{"href":"https:\/\/techstore.ba\/shop\/wp-json\/wp\/v2\/media?parent=50589"}],"wp:term":[{"taxonomy":"product_cat","embeddable":true,"href":"https:\/\/techstore.ba\/shop\/wp-json\/wp\/v2\/product_cat?post=50589"},{"taxonomy":"product_tag","embeddable":true,"href":"https:\/\/techstore.ba\/shop\/wp-json\/wp\/v2\/product_tag?post=50589"}],"curies":[{"name":"wp","href":"https:\/\/api.w.org\/{rel}","templated":true}]}}