{"id":50581,"date":"2026-02-10T11:58:17","date_gmt":"2026-02-10T10:58:17","guid":{"rendered":"https:\/\/techstore.ba\/shop\/?post_type=product&#038;p=50581"},"modified":"2026-03-06T10:55:16","modified_gmt":"2026-03-06T09:55:16","slug":"philips-tat2139wt-bijele-slusalice","status":"publish","type":"product","link":"https:\/\/techstore.ba\/shop\/product\/philips-tat2139wt-bijele-slusalice\/","title":{"rendered":"PHILIPS TAT2139WT Bijele Slu\u0161alice"},"content":{"rendered":"<ul class=\"KsbFXc U6u95\" data-complete=\"true\" data-processed=\"true\">\n<li data-hveid=\"CAQQAA\" data-complete=\"true\" data-sae=\"\"><span class=\"T286Pc\" data-sfc-cp=\"\" data-complete=\"true\"><strong class=\"Yjhzub\" data-complete=\"true\">Dizajn bez pritiska<\/strong>: Slu\u0161alice su dizajnirane da udobno stoje u vanjskom uhu, bez umetaka koji stvaraju pritisak u u\u0161nom kanalu, \u0161to ih \u010dini pogodnim za du\u017ee no\u0161enje.<\/span><\/li>\n<li data-hveid=\"CAQQAQ\" data-complete=\"true\" data-sae=\"\"><span class=\"T286Pc\" data-sfc-cp=\"\" data-complete=\"true\"><strong class=\"Yjhzub\" data-complete=\"true\">Zvuk<\/strong>: Opremljene su dinami\u010dkim zvu\u010dnicima od\u00a0<strong class=\"Yjhzub\" data-complete=\"true\">13 mm<\/strong>\u00a0koji pru\u017eaju bogat, prirodan zvuk s dinami\u010dnim basom, \u010dak i pri ni\u017eim glasno\u0107ama.<\/span><\/li>\n<li data-hveid=\"CAQQAg\" data-complete=\"true\" data-sae=\"\"><span class=\"T286Pc\" data-sfc-cp=\"\" data-complete=\"true\"><strong class=\"Yjhzub\" data-complete=\"true\">Trajanje baterije<\/strong>: Nude do\u00a0<strong class=\"Yjhzub\" data-complete=\"true\">7 sati<\/strong>\u00a0reprodukcije muzike s jednim punjenjem, a prilo\u017eena d\u017eepna kutijica za punjenje osigurava dodatnih\u00a0<strong class=\"Yjhzub\" data-complete=\"true\">21 sat<\/strong>, za ukupno do 28 sati kori\u0161tenja.<\/span><\/li>\n<li data-hveid=\"CAQQAw\" data-complete=\"true\" data-sae=\"\"><span class=\"T286Pc\" data-sfc-cp=\"\" data-complete=\"true\"><strong class=\"Yjhzub\" data-complete=\"true\">Brzo punjenje<\/strong>: Samo 15 minuta punjenja omogu\u0107ava dodatnih sat vremena reprodukcije.<\/span><\/li>\n<li data-hveid=\"CAQQBA\" data-complete=\"true\" data-sae=\"\"><span class=\"T286Pc\" data-sfc-cp=\"\" data-complete=\"true\"><strong class=\"Yjhzub\" data-complete=\"true\">Povezivanje<\/strong>: Koriste\u00a0<strong class=\"Yjhzub\" data-complete=\"true\">Bluetooth 5.3<\/strong>\u00a0tehnologiju za stabilnu i brzu vezu, uz mogu\u0107nost povezivanja na dva ure\u0111aja istovremeno (multipoint connection).<\/span><\/li>\n<li data-hveid=\"CAQQBQ\" data-complete=\"true\" data-sae=\"\"><span class=\"T286Pc\" data-sfc-cp=\"\" data-complete=\"true\"><strong class=\"Yjhzub\" data-complete=\"true\">Mikrofon i pozivi<\/strong>: Dva mikrofona sa algoritmom za smanjenje buke osiguravaju jasne pozive, a kontrolama na dodir na slu\u0161alici se mo\u017ee upravljati pozivima i muzikom.<\/span><\/li>\n<li data-hveid=\"CAQQBg\" data-complete=\"true\" data-sae=\"\"><span class=\"T286Pc\" data-sfc-cp=\"\" data-complete=\"true\"><strong class=\"Yjhzub\" data-complete=\"true\">Otpornost<\/strong>: Posjeduju\u00a0<strong class=\"Yjhzub\" data-complete=\"true\">IPX4<\/strong>\u00a0ocjenu vodootpornosti, \u0161to zna\u010di da su otporne na prskanje vode i znoj.<\/span><\/li>\n<li data-hveid=\"CAQQBw\" data-complete=\"true\" data-sae=\"\"><span class=\"T286Pc\" data-sfc-cp=\"\" data-complete=\"true\"><strong class=\"Yjhzub\" data-complete=\"true\">Aplikacija<\/strong>: Kompatibilne su sa aplikacijom Philips Headphones koja omogu\u0107ava prilago\u0111avanje postavki zvuka i kontrola.<\/span><span class=\"uJ19be notranslate\" data-wiz-uids=\"xBvqPc_1j,xBvqPc_1k\" data-complete=\"true\"><span class=\"vKEkVd\" data-animation-atomic=\"\" data-wiz-attrbind=\"class=xBvqPc_1i\/TKHnVd\" data-sae=\"\"><span aria-hidden=\"true\">\u00a0<\/span><button class=\"rBl3me\" tabindex=\"0\" data-amic=\"true\" data-icl-uuid=\"6158c718-c00a-42a6-9fe1-f08b28f1ab9a\" aria-label=\"View related links\" data-wiz-attrbind=\"disabled=xBvqPc_1i\/C5gNJc;aria-label=xBvqPc_1i\/bOjMyf;class=xBvqPc_1i\/UpSNec\" data-ved=\"2ahUKEwiw6vv74c6SAxXG-gIHHVFyPFYQye0OegQIBBAI\"><\/button><\/span><\/span><\/li>\n<\/ul>\n<div class=\"Fsg96\" data-sfc-cp=\"\" data-complete=\"true\" data-processed=\"true\"><\/div>\n","protected":false},"excerpt":{"rendered":"<p>Dizajn bez pritiska: Slu\u0161alice su dizajnirane da udobno stoje u vanjskom uhu, bez umetaka koji stvaraju pritisak u u\u0161nom kanalu, \u0161to ih \u010dini pogodnim za du\u017ee no\u0161enje. Zvuk: Opremljene su dinami\u010dkim zvu\u010dnicima od\u00a013 mm\u00a0koji pru\u017eaju bogat, prirodan zvuk s dinami\u010dnim basom, \u010dak i pri ni\u017eim glasno\u0107ama. Trajanje baterije: Nude do\u00a07 sati\u00a0reprodukcije muzike s jednim punjenjem, [&hellip;]<\/p>\n","protected":false},"featured_media":50582,"template":"","meta":[],"product_cat":[383],"product_tag":[],"class_list":{"0":"post-50581","1":"product","2":"type-product","3":"status-publish","4":"has-post-thumbnail","6":"product_brand-philips","7":"product_cat-ct-mobilphear","8":"pa_brend-philips","10":"first","11":"instock","12":"sale","13":"shipping-taxable","14":"purchasable","15":"product-type-simple"},"_links":{"self":[{"href":"https:\/\/techstore.ba\/shop\/wp-json\/wp\/v2\/product\/50581","targetHints":{"allow":["GET"]}}],"collection":[{"href":"https:\/\/techstore.ba\/shop\/wp-json\/wp\/v2\/product"}],"about":[{"href":"https:\/\/techstore.ba\/shop\/wp-json\/wp\/v2\/types\/product"}],"wp:featuredmedia":[{"embeddable":true,"href":"https:\/\/techstore.ba\/shop\/wp-json\/wp\/v2\/media\/50582"}],"wp:attachment":[{"href":"https:\/\/techstore.ba\/shop\/wp-json\/wp\/v2\/media?parent=50581"}],"wp:term":[{"taxonomy":"product_cat","embeddable":true,"href":"https:\/\/techstore.ba\/shop\/wp-json\/wp\/v2\/product_cat?post=50581"},{"taxonomy":"product_tag","embeddable":true,"href":"https:\/\/techstore.ba\/shop\/wp-json\/wp\/v2\/product_tag?post=50581"}],"curies":[{"name":"wp","href":"https:\/\/api.w.org\/{rel}","templated":true}]}}