{"id":50566,"date":"2026-02-10T11:01:24","date_gmt":"2026-02-10T10:01:24","guid":{"rendered":"https:\/\/techstore.ba\/shop\/?post_type=product&#038;p=50566"},"modified":"2026-03-06T10:55:40","modified_gmt":"2026-03-06T09:55:40","slug":"philips-tah5209bk-00-slusalice-zatvoreni-akusticni-sistem-verzija-bt-5-3-do-65h-glazbe-2","status":"publish","type":"product","link":"https:\/\/techstore.ba\/shop\/product\/philips-tah5209bk-00-slusalice-zatvoreni-akusticni-sistem-verzija-bt-5-3-do-65h-glazbe-2\/","title":{"rendered":"Philips TAH5209BK\/00 slu\u0161alice, Zatvoreni akusti\u010dni sistem, verzija BT 5.3, do 65h glazbe"},"content":{"rendered":"<ul class=\"KsbFXc U6u95\" data-complete=\"true\" data-processed=\"true\">\n<li data-hveid=\"CAQQAA\" data-complete=\"true\" data-sae=\"\"><span class=\"T286Pc\" data-sfc-cp=\"\" data-complete=\"true\"><strong class=\"Yjhzub\" data-complete=\"true\">Akusti\u010dni sustav<\/strong>: Slu\u0161alice imaju\u00a0<strong class=\"Yjhzub\" data-complete=\"true\">zatvoreni akusti\u010dni sustav<\/strong>\u00a0koji pru\u017ea dobru zvu\u010dnu izolaciju.<\/span><\/li>\n<li data-hveid=\"CAQQAQ\" data-complete=\"true\" data-sae=\"\"><span class=\"T286Pc\" data-sfc-cp=\"\" data-complete=\"true\"><strong class=\"Yjhzub\" data-complete=\"true\">Kvaliteta zvuka<\/strong>: Opremljene su dinami\u010dnim neodimijskim zvu\u010dnicima promjera\u00a0<strong class=\"Yjhzub\" data-complete=\"true\">40 mm<\/strong>, nude\u0107i frekvencijski odziv od 20 do 20.000 Hz i impedanciju od 32 ohma za kvalitetan i bogat zvuk.<\/span><\/li>\n<li data-hveid=\"CAQQAg\" data-complete=\"true\" data-sae=\"\"><span class=\"T286Pc\" data-sfc-cp=\"\" data-complete=\"true\"><strong class=\"Yjhzub\" data-complete=\"true\">Baterija<\/strong>: Ugra\u0111ena litij-polimerska baterija od 500 mAh omogu\u0107uje\u00a0<strong class=\"Yjhzub\" data-complete=\"true\">do 65 sati<\/strong>\u00a0reprodukcije glazbe.<\/span><\/li>\n<li data-hveid=\"CAQQAw\" data-complete=\"true\" data-sae=\"\"><span class=\"T286Pc\" data-sfc-cp=\"\" data-complete=\"true\"><strong class=\"Yjhzub\" data-complete=\"true\">Punjenje<\/strong>: Potpuno se napune za otprilike\u00a0<strong class=\"Yjhzub\" data-complete=\"true\">2 sata<\/strong>\u00a0putem USB-C priklju\u010dka, a zna\u010dajka brzog punjenja nudi\u00a0<strong class=\"Yjhzub\" data-complete=\"true\">3 sata<\/strong>\u00a0reprodukcije nakon samo\u00a0<strong class=\"Yjhzub\" data-complete=\"true\">5 minuta<\/strong>\u00a0punjenja.<\/span><\/li>\n<li data-hveid=\"CAQQBA\" data-complete=\"true\" data-sae=\"\"><span class=\"T286Pc\" data-sfc-cp=\"\" data-complete=\"true\"><strong class=\"Yjhzub\" data-complete=\"true\">Povezivost<\/strong>: Koriste\u00a0<strong class=\"Yjhzub\" data-complete=\"true\">Bluetooth verziju 5.3<\/strong>\u00a0s maksimalnim dometom do 10 m, \u0161to osigurava stabilnu i u\u010dinkovitu be\u017ei\u010dnu vezu. Podr\u017eavaju HFP, A2DP i AVRCP profile.<\/span><\/li>\n<li data-hveid=\"CAQQBQ\" data-complete=\"true\" data-sae=\"\"><span class=\"T286Pc\" data-sfc-cp=\"\" data-complete=\"true\"><strong class=\"Yjhzub\" data-complete=\"true\">Dizajn<\/strong>: Slu\u0161alice su lagane, udobne za no\u0161enje i imaju\u00a0<strong class=\"Yjhzub\" data-complete=\"true\">kompaktan preklopivi dizajn<\/strong>\u00a0za lak\u0161e spremanje i preno\u0161enje.<\/span><span class=\"uJ19be notranslate\" data-wiz-uids=\"ZFe7md_1h,ZFe7md_1i\" data-complete=\"true\"><span class=\"vKEkVd\" data-animation-atomic=\"\" data-wiz-attrbind=\"class=ZFe7md_1g\/TKHnVd\" data-sae=\"\"><span aria-hidden=\"true\" aria-owns=\"action-menu-parent-container\">\u00a0<\/span><\/span><\/span><\/li>\n<\/ul>\n","protected":false},"excerpt":{"rendered":"<p>Akusti\u010dni sustav: Slu\u0161alice imaju\u00a0zatvoreni akusti\u010dni sustav\u00a0koji pru\u017ea dobru zvu\u010dnu izolaciju. Kvaliteta zvuka: Opremljene su dinami\u010dnim neodimijskim zvu\u010dnicima promjera\u00a040 mm, nude\u0107i frekvencijski odziv od 20 do 20.000 Hz i impedanciju od 32 ohma za kvalitetan i bogat zvuk. Baterija: Ugra\u0111ena litij-polimerska baterija od 500 mAh omogu\u0107uje\u00a0do 65 sati\u00a0reprodukcije glazbe. Punjenje: Potpuno se napune za otprilike\u00a02 sata\u00a0putem [&hellip;]<\/p>\n","protected":false},"featured_media":50567,"template":"","meta":[],"product_cat":[383],"product_tag":[],"class_list":{"0":"post-50566","1":"product","2":"type-product","3":"status-publish","4":"has-post-thumbnail","6":"product_brand-philips","7":"product_cat-ct-mobilphear","8":"pa_brend-philips","10":"first","11":"instock","12":"sale","13":"shipping-taxable","14":"purchasable","15":"product-type-simple"},"_links":{"self":[{"href":"https:\/\/techstore.ba\/shop\/wp-json\/wp\/v2\/product\/50566","targetHints":{"allow":["GET"]}}],"collection":[{"href":"https:\/\/techstore.ba\/shop\/wp-json\/wp\/v2\/product"}],"about":[{"href":"https:\/\/techstore.ba\/shop\/wp-json\/wp\/v2\/types\/product"}],"wp:featuredmedia":[{"embeddable":true,"href":"https:\/\/techstore.ba\/shop\/wp-json\/wp\/v2\/media\/50567"}],"wp:attachment":[{"href":"https:\/\/techstore.ba\/shop\/wp-json\/wp\/v2\/media?parent=50566"}],"wp:term":[{"taxonomy":"product_cat","embeddable":true,"href":"https:\/\/techstore.ba\/shop\/wp-json\/wp\/v2\/product_cat?post=50566"},{"taxonomy":"product_tag","embeddable":true,"href":"https:\/\/techstore.ba\/shop\/wp-json\/wp\/v2\/product_tag?post=50566"}],"curies":[{"name":"wp","href":"https:\/\/api.w.org\/{rel}","templated":true}]}}