{"id":50559,"date":"2026-02-10T10:42:51","date_gmt":"2026-02-10T09:42:51","guid":{"rendered":"https:\/\/techstore.ba\/shop\/?post_type=product&#038;p=50559"},"modified":"2026-02-23T18:06:57","modified_gmt":"2026-02-23T17:06:57","slug":"borg-bluetooth-slusalice-uid-10-black-crne","status":"publish","type":"product","link":"https:\/\/techstore.ba\/shop\/product\/borg-bluetooth-slusalice-uid-10-black-crne\/","title":{"rendered":"Borg Bluetooth Slu\u0161alice UID-10 Black\/Crne"},"content":{"rendered":"<ul class=\"KsbFXc U6u95\" data-complete=\"true\" data-processed=\"true\">\n<li data-hveid=\"CAQQAA\" data-complete=\"true\" data-sae=\"\"><span class=\"T286Pc\" data-sfc-cp=\"\" data-complete=\"true\"><strong class=\"Yjhzub\" data-complete=\"true\">Tip slu\u0161alica<\/strong>:\u00a0<code class=\"o8j0Mc\" dir=\"ltr\" data-complete=\"true\" data-sae=\"\">Over-ear<\/code>\u00a0(preko uha), be\u017ei\u010dne.<\/span><\/li>\n<li data-hveid=\"CAQQAQ\" data-complete=\"true\" data-sae=\"\"><span class=\"T286Pc\" data-sfc-cp=\"\" data-complete=\"true\"><strong class=\"Yjhzub\" data-complete=\"true\">Povezivost<\/strong>:\u00a0<strong class=\"Yjhzub\" data-complete=\"true\">Bluetooth 5.0<\/strong>\u00a0i\u00a0<strong class=\"Yjhzub\" data-complete=\"true\">3.5mm audio priklju\u010dak<\/strong>.<\/span><\/li>\n<li data-hveid=\"CAQQAg\" data-complete=\"true\" data-sae=\"\"><span class=\"T286Pc\" data-sfc-cp=\"\" data-complete=\"true\"><strong class=\"Yjhzub\" data-complete=\"true\">Domet prijenosa<\/strong>: do\u00a0<strong class=\"Yjhzub\" data-complete=\"true\">10 metara<\/strong>\u00a0bez prepreka.<\/span><\/li>\n<li data-hveid=\"CAQQAw\" data-complete=\"true\" data-sae=\"\"><span class=\"T286Pc\" data-sfc-cp=\"\" data-complete=\"true\"><strong class=\"Yjhzub\" data-complete=\"true\">Mikrofon<\/strong>: Ugra\u0111en.<\/span><\/li>\n<li data-hveid=\"CAQQBA\" data-complete=\"true\" data-sae=\"\"><span class=\"T286Pc\" data-sfc-cp=\"\" data-complete=\"true\"><strong class=\"Yjhzub\" data-complete=\"true\">Trajanje baterije<\/strong>: Baterija traje pribli\u017eno\u00a0<strong class=\"Yjhzub\" data-complete=\"true\">8-9 sati<\/strong>\u00a0kori\u0161tenja, prema fonTELe. Kapacitet baterije je 400mAh prema Slusalice.ba.<\/span><\/li>\n<li data-hveid=\"CAQQBQ\" data-complete=\"true\" data-sae=\"\"><span class=\"T286Pc\" data-sfc-cp=\"\" data-complete=\"true\"><strong class=\"Yjhzub\" data-complete=\"true\">Pogonska jedinica (Driver)<\/strong>: Veli\u010dina zvu\u010dnika je\u00a0<strong class=\"Yjhzub\" data-complete=\"true\">40 mm<\/strong>.<\/span><\/li>\n<li data-hveid=\"CAQQBg\" data-complete=\"true\" data-sae=\"\"><span class=\"T286Pc\" data-sfc-cp=\"\" data-complete=\"true\"><strong class=\"Yjhzub\" data-complete=\"true\">Frekvencijski odziv<\/strong>: 20 Hz &#8211; 20 KHz.<\/span><\/li>\n<li data-hveid=\"CAQQBw\" data-complete=\"true\" data-sae=\"\"><span class=\"T286Pc\" data-sfc-cp=\"\" data-complete=\"true\"><strong class=\"Yjhzub\" data-complete=\"true\">Podr\u0161ka za kartice<\/strong>: Podr\u017eava TF kartice do maksimalno 32GB, prema Slusalice.ba.<\/span><\/li>\n<li data-hveid=\"CAQQCA\" data-complete=\"true\" data-sae=\"\"><span class=\"T286Pc\" data-sfc-cp=\"\" data-complete=\"true\"><strong class=\"Yjhzub\" data-complete=\"true\">Kompatibilni profili<\/strong>: HSP, HFP, A2DP, AVRCP.<\/span><span class=\"uJ19be notranslate\" data-wiz-uids=\"iOyTOd_1n,iOyTOd_1o\" data-complete=\"true\"><span class=\"vKEkVd\" data-animation-atomic=\"\" data-wiz-attrbind=\"class=iOyTOd_1m\/TKHnVd\" data-sae=\"\"><span aria-hidden=\"true\">\u00a0<\/span><button class=\"rBl3me\" tabindex=\"0\" data-amic=\"true\" data-icl-uuid=\"4937528c-ebe6-4913-8ccf-8403622dddb7\" aria-label=\"View related links\" data-wiz-attrbind=\"disabled=iOyTOd_1m\/C5gNJc;aria-label=iOyTOd_1m\/bOjMyf;class=iOyTOd_1m\/UpSNec\" data-ved=\"2ahUKEwjr79i40M6SAxXU5QIHHX6EBx0Qye0OegQIBBAJ\"><\/button><\/span><\/span><\/li>\n<\/ul>\n<div class=\"Fsg96\" data-sfc-cp=\"\" data-complete=\"true\" data-processed=\"true\"><\/div>\n","protected":false},"excerpt":{"rendered":"<p>Tip slu\u0161alica:\u00a0Over-ear\u00a0(preko uha), be\u017ei\u010dne. Povezivost:\u00a0Bluetooth 5.0\u00a0i\u00a03.5mm audio priklju\u010dak. Domet prijenosa: do\u00a010 metara\u00a0bez prepreka. Mikrofon: Ugra\u0111en. Trajanje baterije: Baterija traje pribli\u017eno\u00a08-9 sati\u00a0kori\u0161tenja, prema fonTELe. Kapacitet baterije je 400mAh prema Slusalice.ba. Pogonska jedinica (Driver): Veli\u010dina zvu\u010dnika je\u00a040 mm. Frekvencijski odziv: 20 Hz &#8211; 20 KHz. Podr\u0161ka za kartice: Podr\u017eava TF kartice do maksimalno 32GB, prema Slusalice.ba. Kompatibilni [&hellip;]<\/p>\n","protected":false},"featured_media":50561,"template":"","meta":[],"product_cat":[631,383],"product_tag":[],"class_list":{"0":"post-50559","1":"product","2":"type-product","3":"status-publish","4":"has-post-thumbnail","6":"product_cat-borg","7":"product_cat-ct-mobilphear","8":"pa_brend-slusalice-za-mobilne-telefone","10":"first","11":"instock","12":"shipping-taxable","13":"purchasable","14":"product-type-simple"},"_links":{"self":[{"href":"https:\/\/techstore.ba\/shop\/wp-json\/wp\/v2\/product\/50559","targetHints":{"allow":["GET"]}}],"collection":[{"href":"https:\/\/techstore.ba\/shop\/wp-json\/wp\/v2\/product"}],"about":[{"href":"https:\/\/techstore.ba\/shop\/wp-json\/wp\/v2\/types\/product"}],"wp:featuredmedia":[{"embeddable":true,"href":"https:\/\/techstore.ba\/shop\/wp-json\/wp\/v2\/media\/50561"}],"wp:attachment":[{"href":"https:\/\/techstore.ba\/shop\/wp-json\/wp\/v2\/media?parent=50559"}],"wp:term":[{"taxonomy":"product_cat","embeddable":true,"href":"https:\/\/techstore.ba\/shop\/wp-json\/wp\/v2\/product_cat?post=50559"},{"taxonomy":"product_tag","embeddable":true,"href":"https:\/\/techstore.ba\/shop\/wp-json\/wp\/v2\/product_tag?post=50559"}],"curies":[{"name":"wp","href":"https:\/\/api.w.org\/{rel}","templated":true}]}}