{"id":50557,"date":"2026-02-10T10:36:17","date_gmt":"2026-02-10T09:36:17","guid":{"rendered":"https:\/\/techstore.ba\/shop\/?post_type=product&#038;p=50557"},"modified":"2026-02-23T18:07:05","modified_gmt":"2026-02-23T17:07:05","slug":"jbl-tune-670nc-slusalice-black-crne","status":"publish","type":"product","link":"https:\/\/techstore.ba\/shop\/product\/jbl-tune-670nc-slusalice-black-crne\/","title":{"rendered":"JBL TUNE 670NC Slu\u0161alice Black\/Crne"},"content":{"rendered":"<ul class=\"KsbFXc U6u95\" data-processed=\"true\" data-complete=\"true\">\n<li data-hveid=\"CAUQAA\" data-complete=\"true\" data-sae=\"\"><span class=\"T286Pc\" data-sfc-cp=\"\" data-complete=\"true\"><strong class=\"Yjhzub\" data-complete=\"true\">Prilagodljivo poni\u0161tavanje buke (ANC)<\/strong>: Ova zna\u010dajka omogu\u0107uje vam da se usredoto\u010dite na glazbu ili u\u010denje eliminiraju\u0107i vanjsku buku. Tako\u0111er uklju\u010duje na\u010dine rada Ambient Aware i TalkThru, koji vam omogu\u0107uju da \u010dujete okolinu bez skidanja slu\u0161alica.<\/span><\/li>\n<li data-hveid=\"CAUQAQ\" data-complete=\"true\" data-sae=\"\"><span class=\"T286Pc\" data-sfc-cp=\"\" data-complete=\"true\"><strong class=\"Yjhzub\" data-complete=\"true\">JBL Pure Bass zvuk<\/strong>: Slu\u0161alice isporu\u010duju sna\u017ean bas zvuk, sli\u010dan onome koji se nalazi u poznatim glazbenim dvoranama diljem svijeta.<\/span><\/li>\n<li data-hveid=\"CAUQAg\" data-complete=\"true\" data-sae=\"\"><span class=\"T286Pc\" data-sfc-cp=\"\" data-complete=\"true\"><strong class=\"Yjhzub\" data-complete=\"true\">Trajanje baterije<\/strong>: S jednim punjenjem, slu\u0161alice nude do\u00a0<strong class=\"Yjhzub\" data-complete=\"true\">70 sati<\/strong>\u00a0kori\u0161tenja. Brzo punjenje od samo 5 minuta pru\u017ea dodatna 3 sata reprodukcije.<\/span><\/li>\n<li data-hveid=\"CAUQAw\" data-complete=\"true\" data-sae=\"\"><span class=\"T286Pc\" data-sfc-cp=\"\" data-complete=\"true\"><strong class=\"Yjhzub\" data-complete=\"true\">Povezivost<\/strong>: Koriste Bluetooth 5.3 tehnologiju i omogu\u0107uju vi\u0161eto\u010dkovno povezivanje (prijelaz s jednog Bluetooth ure\u0111aja na drugi).<\/span><\/li>\n<li data-hveid=\"CAUQBA\" data-complete=\"true\" data-sae=\"\"><span class=\"T286Pc\" data-sfc-cp=\"\" data-complete=\"true\"><strong class=\"Yjhzub\" data-complete=\"true\">Upravljanje<\/strong>: Kontrole za glazbu, pozive i glasovnog asistenta nalaze se na samoj slu\u0161alici.<\/span><\/li>\n<li data-hveid=\"CAUQBQ\" data-complete=\"true\" data-processed=\"true\" data-sae=\"\"><span class=\"T286Pc\" data-sfc-cp=\"\" data-complete=\"true\"><strong class=\"Yjhzub\" data-complete=\"true\">Aplikacija JBL Headphones<\/strong>: Omogu\u0107uje vam prilago\u0111avanje audio iskustva i optimiziranje performansi Bluetootha odabirom na\u010dina rada Audio ili Video.<\/span><\/li>\n<\/ul>\n","protected":false},"excerpt":{"rendered":"<p>Prilagodljivo poni\u0161tavanje buke (ANC): Ova zna\u010dajka omogu\u0107uje vam da se usredoto\u010dite na glazbu ili u\u010denje eliminiraju\u0107i vanjsku buku. Tako\u0111er uklju\u010duje na\u010dine rada Ambient Aware i TalkThru, koji vam omogu\u0107uju da \u010dujete okolinu bez skidanja slu\u0161alica. JBL Pure Bass zvuk: Slu\u0161alice isporu\u010duju sna\u017ean bas zvuk, sli\u010dan onome koji se nalazi u poznatim glazbenim dvoranama diljem svijeta. [&hellip;]<\/p>\n","protected":false},"featured_media":50558,"template":"","meta":[],"product_cat":[584,383],"product_tag":[],"class_list":{"0":"post-50557","1":"product","2":"type-product","3":"status-publish","4":"has-post-thumbnail","6":"product_cat-brend-inter-tech","7":"product_cat-ct-mobilphear","8":"pa_brend-slusalice-za-mobilne-telefone","10":"first","11":"instock","12":"shipping-taxable","13":"purchasable","14":"product-type-simple"},"_links":{"self":[{"href":"https:\/\/techstore.ba\/shop\/wp-json\/wp\/v2\/product\/50557","targetHints":{"allow":["GET"]}}],"collection":[{"href":"https:\/\/techstore.ba\/shop\/wp-json\/wp\/v2\/product"}],"about":[{"href":"https:\/\/techstore.ba\/shop\/wp-json\/wp\/v2\/types\/product"}],"wp:featuredmedia":[{"embeddable":true,"href":"https:\/\/techstore.ba\/shop\/wp-json\/wp\/v2\/media\/50558"}],"wp:attachment":[{"href":"https:\/\/techstore.ba\/shop\/wp-json\/wp\/v2\/media?parent=50557"}],"wp:term":[{"taxonomy":"product_cat","embeddable":true,"href":"https:\/\/techstore.ba\/shop\/wp-json\/wp\/v2\/product_cat?post=50557"},{"taxonomy":"product_tag","embeddable":true,"href":"https:\/\/techstore.ba\/shop\/wp-json\/wp\/v2\/product_tag?post=50557"}],"curies":[{"name":"wp","href":"https:\/\/api.w.org\/{rel}","templated":true}]}}