{"id":50551,"date":"2026-02-10T10:23:21","date_gmt":"2026-02-10T09:23:21","guid":{"rendered":"https:\/\/techstore.ba\/shop\/?post_type=product&#038;p=50551"},"modified":"2026-02-23T18:07:35","modified_gmt":"2026-02-23T17:07:35","slug":"jbl-tune-t520-bt-slusalice-white-bijele-bezicne-slusalice","status":"publish","type":"product","link":"https:\/\/techstore.ba\/shop\/product\/jbl-tune-t520-bt-slusalice-white-bijele-bezicne-slusalice\/","title":{"rendered":"JBL Tune T520 BT Slu\u0161alice White\/Bijele, Be\u017ei\u010dne slu\u0161alice"},"content":{"rendered":"<p>JBL Tune T520 BT Slu\u0161alice White\/Bijele, Be\u017ei\u010dne slu\u0161alice sa mikrofonom, domet do 10m, Bluetooth 5.3, frekvencija 20 Hz 20 kHz, 102 dB, max. rad do 57h, Punjenje: 2h, boja crna, HFP 1.7.2, AVRCP 1.6.2, A2DP 1.3.2<\/p>\n","protected":false},"excerpt":{"rendered":"<p>JBL Tune T520 BT Slu\u0161alice White\/Bijele, Be\u017ei\u010dne slu\u0161alice sa mikrofonom, domet do 10m, Bluetooth 5.3, frekvencija 20 Hz 20 kHz, 102 dB, max. rad do 57h, Punjenje: 2h, boja crna, HFP 1.7.2, AVRCP 1.6.2, A2DP 1.3.2<\/p>\n","protected":false},"featured_media":50552,"template":"","meta":[],"product_cat":[584,383],"product_tag":[],"class_list":{"0":"post-50551","1":"product","2":"type-product","3":"status-publish","4":"has-post-thumbnail","6":"product_cat-brend-inter-tech","7":"product_cat-ct-mobilphear","8":"pa_brend-slusalice-za-mobilne-telefone","10":"first","11":"instock","12":"shipping-taxable","13":"purchasable","14":"product-type-simple"},"_links":{"self":[{"href":"https:\/\/techstore.ba\/shop\/wp-json\/wp\/v2\/product\/50551","targetHints":{"allow":["GET"]}}],"collection":[{"href":"https:\/\/techstore.ba\/shop\/wp-json\/wp\/v2\/product"}],"about":[{"href":"https:\/\/techstore.ba\/shop\/wp-json\/wp\/v2\/types\/product"}],"wp:featuredmedia":[{"embeddable":true,"href":"https:\/\/techstore.ba\/shop\/wp-json\/wp\/v2\/media\/50552"}],"wp:attachment":[{"href":"https:\/\/techstore.ba\/shop\/wp-json\/wp\/v2\/media?parent=50551"}],"wp:term":[{"taxonomy":"product_cat","embeddable":true,"href":"https:\/\/techstore.ba\/shop\/wp-json\/wp\/v2\/product_cat?post=50551"},{"taxonomy":"product_tag","embeddable":true,"href":"https:\/\/techstore.ba\/shop\/wp-json\/wp\/v2\/product_tag?post=50551"}],"curies":[{"name":"wp","href":"https:\/\/api.w.org\/{rel}","templated":true}]}}