{"id":50462,"date":"2026-02-09T20:46:42","date_gmt":"2026-02-09T19:46:42","guid":{"rendered":"https:\/\/techstore.ba\/shop\/?post_type=product&#038;p=50462"},"modified":"2026-03-07T19:35:17","modified_gmt":"2026-03-07T18:35:17","slug":"samsung-galaxy-a36-8-256gb-lime","status":"publish","type":"product","link":"https:\/\/techstore.ba\/shop\/product\/samsung-galaxy-a36-8-256gb-lime\/","title":{"rendered":"SAMSUNG GALAXY A36 8\/256GB LIME"},"content":{"rendered":"","protected":false},"excerpt":{"rendered":"<ul class=\"KsbFXc U6u95\" data-sfc-cb=\"\" data-complete=\"true\" data-processed=\"true\">\n<li class=\"dF3vjf\" data-sfc-cb=\"\" data-hveid=\"CAEIAhAA\" data-complete=\"true\" data-sae=\"\"><span class=\"T286Pc\" data-sfc-cp=\"\" data-sfc-cb=\"\" data-complete=\"true\"><strong class=\"Yjhzub\" data-sfc-cb=\"\" data-complete=\"true\">Ekran:<\/strong>\u00a0Prostrani\u00a0<strong class=\"Yjhzub\" data-sfc-cb=\"\" data-complete=\"true\">6,7-in\u010dni<\/strong>\u00a0Super AMOLED sa osvje\u017eavanjem od 120 Hz, nudi izuzetnu fluidnost i \u017eivopisne boje.<\/span><\/li>\n<li class=\"dF3vjf\" data-sfc-cb=\"\" data-hveid=\"CAEIAhAB\" data-complete=\"true\" data-sae=\"\"><span class=\"T286Pc\" data-sfc-cp=\"\" data-sfc-cb=\"\" data-complete=\"true\"><strong class=\"Yjhzub\" data-sfc-cb=\"\" data-complete=\"true\">Memorija:<\/strong>\u00a0Velikodu\u0161na kombinacija od\u00a0<strong class=\"Yjhzub\" data-sfc-cb=\"\" data-complete=\"true\">8 GB RAM-a<\/strong>\u00a0i prostranih\u00a0<strong class=\"Yjhzub\" data-sfc-cb=\"\" data-complete=\"true\">256 GB<\/strong>\u00a0interne memorije (uz mogu\u0107nost pro\u0161irenja microSD karticom).<\/span><\/li>\n<li class=\"dF3vjf\" data-sfc-cb=\"\" data-hveid=\"CAEIAhAC\" data-complete=\"true\" data-sae=\"\"><span class=\"T286Pc\" data-sfc-cp=\"\" data-sfc-cb=\"\" data-complete=\"true\"><strong class=\"Yjhzub\" data-sfc-cb=\"\" data-complete=\"true\">Boja:<\/strong>\u00a0<strong class=\"Yjhzub\" data-sfc-cb=\"\" data-complete=\"true\">Lime (Limeta)<\/strong>\u00a0\u2013 jarka, moderna i prepoznatljiva boja koja ure\u0111aju daje svje\u017e i mladala\u010dki izgled.<\/span><\/li>\n<li class=\"dF3vjf\" data-sfc-cb=\"\" data-hveid=\"CAEIAhAD\" data-complete=\"true\" data-sae=\"\"><span class=\"T286Pc\" data-sfc-cp=\"\" data-sfc-cb=\"\" data-complete=\"true\"><strong class=\"Yjhzub\" data-sfc-cb=\"\" data-complete=\"true\">Softver:<\/strong>\u00a0Pokre\u0107e ga najnoviji\u00a0<strong class=\"Yjhzub\" data-sfc-cb=\"\" data-complete=\"true\">Android 15<\/strong>\u00a0uz\u00a0<strong class=\"Yjhzub\" data-sfc-cb=\"\" data-complete=\"true\">One UI 7<\/strong>, donose\u0107i moderniji dizajn ikona i fluidnije animacije.<\/span><\/li>\n<li class=\"dF3vjf\" data-sfc-cb=\"\" data-hveid=\"CAEIAhAE\" data-complete=\"true\" data-sae=\"\"><span class=\"T286Pc\" data-sfc-cp=\"\" data-sfc-cb=\"\" data-complete=\"true\"><strong class=\"Yjhzub\" data-sfc-cb=\"\" data-complete=\"true\">Kamere:<\/strong>\u00a0Trostruki sistem nazad \u2014\u00a0<strong class=\"Yjhzub\" data-sfc-cb=\"\" data-complete=\"true\">50 MP<\/strong>\u00a0(glavna sa OIS) +\u00a0<strong class=\"Yjhzub\" data-sfc-cb=\"\" data-complete=\"true\">8 MP<\/strong>\u00a0(ultra-\u0161iroka) +\u00a0<strong class=\"Yjhzub\" data-sfc-cb=\"\" data-complete=\"true\">5 MP<\/strong>\u00a0(makro); naprijed pobolj\u0161ana\u00a0<strong class=\"Yjhzub\" data-sfc-cb=\"\" data-complete=\"true\">12 MP<\/strong>\u00a0selfie kamera.<\/span><\/li>\n<li class=\"dF3vjf\" data-sfc-cb=\"\" data-hveid=\"CAEIAhAF\" data-complete=\"true\" data-sae=\"\"><span class=\"T286Pc\" data-sfc-cp=\"\" data-sfc-cb=\"\" data-complete=\"true\"><strong class=\"Yjhzub\" data-sfc-cb=\"\" data-complete=\"true\">Performanse:<\/strong>\u00a0Energetski efikasan procesor nove generacije koji osigurava stabilan rad i podr\u0161ku za 5G mre\u017ee.<\/span><\/li>\n<li class=\"dF3vjf\" data-sfc-cb=\"\" data-hveid=\"CAEIAhAG\" data-complete=\"true\" data-sae=\"\"><span class=\"T286Pc\" data-sfc-cp=\"\" data-sfc-cb=\"\" data-complete=\"true\"><strong class=\"Yjhzub\" data-sfc-cb=\"\" data-complete=\"true\">Izdr\u017eljivost:<\/strong>\u00a0Posjeduje\u00a0<strong class=\"Yjhzub\" data-sfc-cb=\"\" data-complete=\"true\">IP67<\/strong>\u00a0certifikat (otpornost na vodu i pra\u0161inu) i nevjerovatnih\u00a0<strong class=\"Yjhzub\" data-sfc-cb=\"\" data-complete=\"true\">6 godina<\/strong>\u00a0zagarantovanih softverskih a\u017euriranja.<\/span><span class=\"uJ19be notranslate\" data-wiz-uids=\"qcFSEf_1e,qcFSEf_1f\" data-sfc-cb=\"\" data-complete=\"true\"><span class=\"vKEkVd\" data-animation-atomic=\"\" data-wiz-attrbind=\"class=qcFSEf_1d\/TKHnVd\" data-sae=\"\"><span aria-hidden=\"true\" aria-owns=\"action-menu-parent-container\">\u00a0<\/span><\/span><\/span><\/li>\n<li data-sfc-cb=\"\" data-hveid=\"CAEIAhAG\" data-complete=\"true\" data-sae=\"\"><strong>Garancija<\/strong>: 2 godine<\/li>\n<\/ul>\n","protected":false},"featured_media":50463,"template":"","meta":[],"product_cat":[1235,560,475],"product_tag":[],"class_list":{"0":"post-50462","1":"product","2":"type-product","3":"status-publish","4":"has-post-thumbnail","6":"product_brand-samsung","7":"product_cat-8-mart-akcija","8":"product_cat-brend-samsung","9":"product_cat-ct-smartphone","10":"pa_brend-samsung","12":"first","13":"instock","14":"sale","15":"shipping-taxable","16":"purchasable","17":"product-type-simple"},"_links":{"self":[{"href":"https:\/\/techstore.ba\/shop\/wp-json\/wp\/v2\/product\/50462","targetHints":{"allow":["GET"]}}],"collection":[{"href":"https:\/\/techstore.ba\/shop\/wp-json\/wp\/v2\/product"}],"about":[{"href":"https:\/\/techstore.ba\/shop\/wp-json\/wp\/v2\/types\/product"}],"wp:featuredmedia":[{"embeddable":true,"href":"https:\/\/techstore.ba\/shop\/wp-json\/wp\/v2\/media\/50463"}],"wp:attachment":[{"href":"https:\/\/techstore.ba\/shop\/wp-json\/wp\/v2\/media?parent=50462"}],"wp:term":[{"taxonomy":"product_cat","embeddable":true,"href":"https:\/\/techstore.ba\/shop\/wp-json\/wp\/v2\/product_cat?post=50462"},{"taxonomy":"product_tag","embeddable":true,"href":"https:\/\/techstore.ba\/shop\/wp-json\/wp\/v2\/product_tag?post=50462"}],"curies":[{"name":"wp","href":"https:\/\/api.w.org\/{rel}","templated":true}]}}