{"id":50454,"date":"2026-02-09T20:37:40","date_gmt":"2026-02-09T19:37:40","guid":{"rendered":"https:\/\/techstore.ba\/shop\/?post_type=product&#038;p=50454"},"modified":"2026-03-07T19:36:53","modified_gmt":"2026-03-07T18:36:53","slug":"samsung-galaxy-a17-5g-6-128gb-black","status":"publish","type":"product","link":"https:\/\/techstore.ba\/shop\/product\/samsung-galaxy-a17-5g-6-128gb-black\/","title":{"rendered":"SAMSUNG GALAXY A17 5G 6\/128GB BLACK"},"content":{"rendered":"","protected":false},"excerpt":{"rendered":"<ul class=\"KsbFXc U6u95\" data-sfc-cb=\"\" data-complete=\"true\" data-processed=\"true\">\n<li class=\"dF3vjf\" data-sfc-cb=\"\" data-hveid=\"CAEIAhAA\" data-complete=\"true\" data-sae=\"\"><span class=\"T286Pc\" data-sfc-cp=\"\" data-sfc-cb=\"\" data-complete=\"true\"><strong class=\"Yjhzub\" data-sfc-cb=\"\" data-complete=\"true\">Ekran:<\/strong>\u00a0Unaprije\u0111eni\u00a0<strong class=\"Yjhzub\" data-sfc-cb=\"\" data-complete=\"true\">6,7-in\u010dni<\/strong>\u00a0Super AMOLED sa osvje\u017eavanjem od\u00a0<strong class=\"Yjhzub\" data-sfc-cb=\"\" data-complete=\"true\">120 Hz<\/strong>\u00a0(zna\u010dajan skok u odnosu na 90 Hz kod prethodnika), \u0161to omogu\u0107ava izuzetno fluidno iskustvo.<\/span><\/li>\n<li class=\"dF3vjf\" data-sfc-cb=\"\" data-hveid=\"CAEIAhAB\" data-complete=\"true\" data-sae=\"\"><span class=\"T286Pc\" data-sfc-cp=\"\" data-sfc-cb=\"\" data-complete=\"true\"><strong class=\"Yjhzub\" data-sfc-cb=\"\" data-complete=\"true\">Memorija:<\/strong>\u00a0<strong class=\"Yjhzub\" data-sfc-cb=\"\" data-complete=\"true\">6 GB RAM-a<\/strong>\u00a0i\u00a0<strong class=\"Yjhzub\" data-sfc-cb=\"\" data-complete=\"true\">128 GB<\/strong>\u00a0interne memorije, uz zadr\u017ean slot za\u00a0<strong class=\"Yjhzub\" data-sfc-cb=\"\" data-complete=\"true\">microSD<\/strong>\u00a0karticu do 1 TB.<\/span><\/li>\n<li class=\"dF3vjf\" data-sfc-cb=\"\" data-hveid=\"CAEIAhAC\" data-complete=\"true\" data-sae=\"\"><span class=\"T286Pc\" data-sfc-cp=\"\" data-sfc-cb=\"\" data-complete=\"true\"><strong class=\"Yjhzub\" data-sfc-cb=\"\" data-complete=\"true\">Mre\u017ea:<\/strong>\u00a0Punopravna\u00a0<strong class=\"Yjhzub\" data-sfc-cb=\"\" data-complete=\"true\">5G podr\u0161ka<\/strong>\u00a0za ultra-brzi mobilni internet.<\/span><\/li>\n<li class=\"dF3vjf\" data-sfc-cb=\"\" data-hveid=\"CAEIAhAD\" data-complete=\"true\" data-sae=\"\"><span class=\"T286Pc\" data-sfc-cp=\"\" data-sfc-cb=\"\" data-complete=\"true\"><strong class=\"Yjhzub\" data-sfc-cb=\"\" data-complete=\"true\">Boja:<\/strong>\u00a0<strong class=\"Yjhzub\" data-sfc-cb=\"\" data-complete=\"true\">Black (Crna)<\/strong>\u00a0\u2013 minimalisti\u010dki, mat dizajn koji je otporniji na otiske prstiju i ogrebotine.<\/span><\/li>\n<li class=\"dF3vjf\" data-sfc-cb=\"\" data-hveid=\"CAEIAhAE\" data-complete=\"true\" data-sae=\"\"><span class=\"T286Pc\" data-sfc-cp=\"\" data-sfc-cb=\"\" data-complete=\"true\"><strong class=\"Yjhzub\" data-sfc-cb=\"\" data-complete=\"true\">Softver:<\/strong>\u00a0Dolazi sa najnovijim\u00a0<strong class=\"Yjhzub\" data-sfc-cb=\"\" data-complete=\"true\">Android 16<\/strong>\u00a0operativnim sistemom i\u00a0<strong class=\"Yjhzub\" data-sfc-cb=\"\" data-complete=\"true\">One UI 8<\/strong>\u00a0interfejsom.<\/span><\/li>\n<li class=\"dF3vjf\" data-sfc-cb=\"\" data-hveid=\"CAEIAhAF\" data-complete=\"true\" data-sae=\"\"><span class=\"T286Pc\" data-sfc-cp=\"\" data-sfc-cb=\"\" data-complete=\"true\"><strong class=\"Yjhzub\" data-sfc-cb=\"\" data-complete=\"true\">Kamere:<\/strong>\u00a0Trostruki sistem \u2014\u00a0<strong class=\"Yjhzub\" data-sfc-cb=\"\" data-complete=\"true\">50 MP<\/strong>\u00a0(glavna sa pobolj\u0161anim no\u0107nim modom) +\u00a0<strong class=\"Yjhzub\" data-sfc-cb=\"\" data-complete=\"true\">5 MP<\/strong>\u00a0(ultra-\u0161iroka) +\u00a0<strong class=\"Yjhzub\" data-sfc-cb=\"\" data-complete=\"true\">2 MP<\/strong>\u00a0(makro); naprijed se nalazi\u00a0<strong class=\"Yjhzub\" data-sfc-cb=\"\" data-complete=\"true\">13 MP<\/strong>\u00a0selfie kamera.<\/span><\/li>\n<li class=\"dF3vjf\" data-sfc-cb=\"\" data-hveid=\"CAEIAhAG\" data-complete=\"true\" data-sae=\"\"><span class=\"T286Pc\" data-sfc-cp=\"\" data-sfc-cb=\"\" data-complete=\"true\"><strong class=\"Yjhzub\" data-sfc-cb=\"\" data-complete=\"true\">Baterija:<\/strong>\u00a0Pouzdanih\u00a0<strong class=\"Yjhzub\" data-sfc-cb=\"\" data-complete=\"true\">5000 mAh<\/strong>\u00a0sa podr\u0161kom za brzo punjenje od\u00a0<strong class=\"Yjhzub\" data-sfc-cb=\"\" data-complete=\"true\">25W<\/strong>.<\/span><\/li>\n<li class=\"dF3vjf\" data-sfc-cb=\"\" data-hveid=\"CAEIAhAH\" data-complete=\"true\" data-sae=\"\"><span class=\"T286Pc\" data-sfc-cp=\"\" data-sfc-cb=\"\" data-complete=\"true\" aria-owns=\"action-menu-parent-container\"><strong class=\"Yjhzub\" data-sfc-cb=\"\" data-complete=\"true\">Dugovje\u010dnost:<\/strong>\u00a0Rekordnih\u00a0<strong class=\"Yjhzub\" data-sfc-cb=\"\" data-complete=\"true\">6 godina<\/strong>\u00a0softverskih a\u017euriranja i sigurnosnih zakrpa, \u0161to je bez premca u ovoj cjenovnoj klasi.<\/span><\/li>\n<li data-sfc-cb=\"\" data-hveid=\"CAEIAhAH\" data-complete=\"true\" data-sae=\"\"><strong>Garancija<\/strong>: 2 godine<\/li>\n<\/ul>\n","protected":false},"featured_media":50459,"template":"","meta":[],"product_cat":[1235,560,475],"product_tag":[],"class_list":{"0":"post-50454","1":"product","2":"type-product","3":"status-publish","4":"has-post-thumbnail","6":"product_brand-samsung","7":"product_cat-8-mart-akcija","8":"product_cat-brend-samsung","9":"product_cat-ct-smartphone","10":"pa_brend-samsung","12":"first","13":"instock","14":"sale","15":"shipping-taxable","16":"purchasable","17":"product-type-simple"},"_links":{"self":[{"href":"https:\/\/techstore.ba\/shop\/wp-json\/wp\/v2\/product\/50454","targetHints":{"allow":["GET"]}}],"collection":[{"href":"https:\/\/techstore.ba\/shop\/wp-json\/wp\/v2\/product"}],"about":[{"href":"https:\/\/techstore.ba\/shop\/wp-json\/wp\/v2\/types\/product"}],"wp:featuredmedia":[{"embeddable":true,"href":"https:\/\/techstore.ba\/shop\/wp-json\/wp\/v2\/media\/50459"}],"wp:attachment":[{"href":"https:\/\/techstore.ba\/shop\/wp-json\/wp\/v2\/media?parent=50454"}],"wp:term":[{"taxonomy":"product_cat","embeddable":true,"href":"https:\/\/techstore.ba\/shop\/wp-json\/wp\/v2\/product_cat?post=50454"},{"taxonomy":"product_tag","embeddable":true,"href":"https:\/\/techstore.ba\/shop\/wp-json\/wp\/v2\/product_tag?post=50454"}],"curies":[{"name":"wp","href":"https:\/\/api.w.org\/{rel}","templated":true}]}}