{"id":50340,"date":"2026-02-09T10:44:42","date_gmt":"2026-02-09T09:44:42","guid":{"rendered":"https:\/\/techstore.ba\/shop\/?post_type=product&#038;p=50340"},"modified":"2026-02-14T16:44:19","modified_gmt":"2026-02-14T15:44:19","slug":"samsung-galaxy-fit3-dark-gray","status":"publish","type":"product","link":"https:\/\/techstore.ba\/shop\/product\/samsung-galaxy-fit3-dark-gray\/","title":{"rendered":"SAMSUNG GALAXY FIT3 DARK GRAY"},"content":{"rendered":"<pre id=\"tw-target-text\" class=\"tw-data-text tw-text-large tw-ta\" dir=\"ltr\" tabindex=\"-1\" role=\"text\" data-placeholder=\"Translation\" data-ved=\"2ahUKEwj2k-X1hMySAxV81QIHHTuBH68Q3ewLegQIDBAW\" aria-label=\"Translated text: Ekran: AMOLED ekran od 1,6&quot; (40,0 mm) rezolucije 256 x 402 piksela.\r\nKonstrukcija: Elegantno aluminijsko ku\u0107i\u0161te dimenzija 42,9 x 28,8 x 9,9 mm.\r\nIzdr\u017eljivost: Ocijenjeno za 5ATM i IP68 otpornost na vodu i pra\u0161inu, \u0161to ga \u010dini pogodnim za plivanje, ali ne i za aktivnosti u vodi pod visokim pritiskom poput ronjenja.\r\nBaterija: Baterija od 208 mAh koja omogu\u0107ava do 13 dana tipi\u010dne upotrebe ili otprilike 3,5 dana ako je omogu\u0107en Always-On Display. Mo\u017ee se brzo napuniti do 65% za pribli\u017eno 30 minuta.\r\nSenzori: Uklju\u010duje akcelerometar, barometar, \u017eiroskopski senzor, opti\u010dki senzor otkucaja srca i senzor svjetla.\"><span class=\"Y2IQFc\" lang=\"bs\">Ekran: AMOLED ekran od 1,6\" (40,0 mm) rezolucije 256 x 402 piksela.\r\nKonstrukcija: Elegantno aluminijsko ku\u0107i\u0161te dimenzija 42,9 x 28,8 x 9,9 mm.\r\nIzdr\u017eljivost: Ocijenjeno za 5ATM i IP68 otpornost na vodu i pra\u0161inu, \u0161to ga \u010dini pogodnim za plivanje, ali ne i za aktivnosti u vodi pod visokim pritiskom poput ronjenja.\r\nBaterija: Baterija od 208 mAh koja omogu\u0107ava do 13 dana tipi\u010dne upotrebe ili otprilike 3,5 dana ako je omogu\u0107en Always-On Display. Mo\u017ee se brzo napuniti do 65% za pribli\u017eno 30 minuta.\r\nSenzori: Uklju\u010duje akcelerometar, barometar, \u017eiroskopski senzor, opti\u010dki senzor otkucaja srca i senzor svjetla.<\/span><\/pre>\n","protected":false},"excerpt":{"rendered":"<p>Ekran: AMOLED ekran od 1,6&#8221; (40,0 mm) rezolucije 256 x 402 piksela. Konstrukcija: Elegantno aluminijsko ku\u0107i\u0161te dimenzija 42,9 x 28,8 x 9,9 mm. Izdr\u017eljivost: Ocijenjeno za 5ATM i IP68 otpornost na vodu i pra\u0161inu, \u0161to ga \u010dini pogodnim za plivanje, ali ne i za aktivnosti u vodi pod visokim pritiskom poput ronjenja. Baterija: Baterija od [&hellip;]<\/p>\n","protected":false},"featured_media":50341,"template":"","meta":[],"product_cat":[477],"product_tag":[],"class_list":{"0":"post-50340","1":"product","2":"type-product","3":"status-publish","4":"has-post-thumbnail","6":"product_cat-ct-smartwatch","7":"pa_brend-smart-watch","9":"first","10":"instock","11":"shipping-taxable","12":"purchasable","13":"product-type-simple"},"_links":{"self":[{"href":"https:\/\/techstore.ba\/shop\/wp-json\/wp\/v2\/product\/50340","targetHints":{"allow":["GET"]}}],"collection":[{"href":"https:\/\/techstore.ba\/shop\/wp-json\/wp\/v2\/product"}],"about":[{"href":"https:\/\/techstore.ba\/shop\/wp-json\/wp\/v2\/types\/product"}],"wp:featuredmedia":[{"embeddable":true,"href":"https:\/\/techstore.ba\/shop\/wp-json\/wp\/v2\/media\/50341"}],"wp:attachment":[{"href":"https:\/\/techstore.ba\/shop\/wp-json\/wp\/v2\/media?parent=50340"}],"wp:term":[{"taxonomy":"product_cat","embeddable":true,"href":"https:\/\/techstore.ba\/shop\/wp-json\/wp\/v2\/product_cat?post=50340"},{"taxonomy":"product_tag","embeddable":true,"href":"https:\/\/techstore.ba\/shop\/wp-json\/wp\/v2\/product_tag?post=50340"}],"curies":[{"name":"wp","href":"https:\/\/api.w.org\/{rel}","templated":true}]}}